{"id":14732,"date":"2014-02-14T13:58:16","date_gmt":"2014-02-14T19:58:16","guid":{"rendered":"http:\/\/www.cmeded.com\/?page_id=14732"},"modified":"2023-08-24T18:50:15","modified_gmt":"2023-08-24T23:50:15","slug":"staging","status":"publish","type":"page","link":"https:\/\/cmeded.com\/es\/gastrointestinal\/understanding-anal-cancer\/staging\/","title":{"rendered":"Estadificaci\u00f3n"},"content":{"rendered":"<h4 class=\"section-title\">Estadificaci\u00f3n del c\u00e1ncer de ano<\/h4>\n<p class=\"section-content\">La estadificaci\u00f3n se determina por el tama\u00f1o del tumor y al verificar si el c\u00e1ncer ha invadido los tejidos pr\u00f3ximos o se ha diseminado hacia otras partes del organismo, como la pr\u00f3stata o la vagina o propagaci\u00f3n a los ganglios linf\u00e1ticos (alrededor del recto) u \u00f3rganos cercanos, por ejemplo, vagina o pr\u00f3stata.  El estadio es un factor importante para determinar las opciones de tratamiento.<\/p>\n<div class=\"clapat-tabs\" id=\"\"><div class=\"tabs-bg\"><\/div><ul class=\"staging-tab-menu\"><li><a href=\"#tabs-240\"><br \/>\nEstadio 0<\/a><\/li>\n<li><a href=\"#tabs-241\"><br \/>\nEstadio I<\/a><\/li>\n<li><a href=\"#tabs-242\"><br \/>\nEstadio IIa<\/a><\/li>\n<li><a href=\"#tabs-243\"><br \/>\nEstadio IIb<\/a><\/li>\n<li><a href=\"#tabs-244\"><br \/>\nEstadio IIIa<\/a><\/li>\n<li><a href=\"#tabs-245\"><\/p>\n<p>Estadio IIIb<\/a><\/li>\n<li><a href=\"#tabs-246\"><\/p>\n<p>Estadio IIIc<\/a><\/li>\n<li><a href=\"#tabs-247\"><\/p>\n<p>Estadio IV<\/a><\/li><\/ul><div class=\"list-wrap\"><div id=\"tabs-240\"><\/p>\n<h4 class=\"section-title hidden-title\">Estadio 0<\/h4>\n<p><div id=\"caption\" style=\"width: 410px\" class=\"wp-caption alignnone\"><a href=\"\/wp-content\/uploads\/sites\/4\/2015\/06\/Anal-Cancer-Stage-0-es.jpg\" title=\"Click Image to Enlarge.\"><img decoding=\"async\" aria-describedby=\"caption-caption\" src=\"\/wp-content\/uploads\/sites\/4\/2015\/06\/Anal-Cancer-Stage-0-es.jpg\" alt=\"Estadio 0\" class=\"aligncenter\" style=\"width:100%;max-width:400px\" \/><\/a><p id=\"caption-caption\" class=\"wp-caption-text\">Click Image to Enlarge.<\/p><\/div><\/p>\n<h5 class=\"section-title\">Descripci\u00f3n<\/h5>\n<ul>\n<li class=\"section-content\">Detecci\u00f3n de c\u00e9lulas an\u00f3malas pero no invasivas, solo en la parte interna del ano.<\/li>\n<\/ul>\n<h5 class=\"section-title\">Tratamiento<\/h5>\n<ul>\n<li class=\"section-content\">Cirug\u00eda (resecci\u00f3n local).<\/li>\n<\/ul>\n<hr class=\"hidden-title\" \/>\n<\/div>\n<div id=\"tabs-241\"><\/p>\n<h4 class=\"section-title hidden-title\">Estadio I<\/h4>\n<p><div id=\"caption\" style=\"width: 410px\" class=\"wp-caption alignnone\"><a href=\"\/wp-content\/uploads\/sites\/4\/2015\/06\/Anal-Cancer-Stage-I-es.jpg\" title=\"Click Image to Enlarge.\"><img decoding=\"async\" aria-describedby=\"caption-caption\" src=\"\/wp-content\/uploads\/sites\/4\/2015\/06\/Anal-Cancer-Stage-I-es.jpg\" alt=\"Estadio I\" class=\"aligncenter\" style=\"width:100%;max-width:400px\" \/><\/a><p id=\"caption-caption\" class=\"wp-caption-text\">Click Image to Enlarge.<\/p><\/div><\/p>\n<h5 class=\"section-title\">Descripci\u00f3n<\/h5>\n<ul>\n<li class=\"section-content\">El tumor mide 2 cm de di\u00e1metro o menos y no se ha diseminado a ning\u00fan ganglio linf\u00e1tico ni a otros \u00f3rganos distantes.<\/li>\n<\/ul>\n<h5 class=\"section-title\">Tratamiento<\/h5>\n<ul>\n<li class=\"section-content\">Quimiorradiaci\u00f3n preferida; cirug\u00eda (resecci\u00f3n local).<\/li>\n<\/ul>\n<hr class=\"hidden-title\" \/>\n<\/div>\n<div id=\"tabs-242\"><\/p>\n<h4 class=\"section-title hidden-title\">Estadio IIa<\/h4>\n<p><div id=\"caption\" style=\"width: 410px\" class=\"wp-caption alignnone\"><a href=\"\/wp-content\/uploads\/sites\/4\/2015\/06\/Anal-Cancer-Stage-II-es.jpg\" title=\"Click Image to Enlarge.\"><img decoding=\"async\" aria-describedby=\"caption-caption\" src=\"\/wp-content\/uploads\/sites\/4\/2015\/06\/Anal-Cancer-Stage-II-es.jpg\" alt=\"Estadio II\" class=\"aligncenter\" style=\"width:100%;max-width:400px\" \/><\/a><p id=\"caption-caption\" class=\"wp-caption-text\">Click Image to Enlarge.<\/p><\/div><\/p>\n<h5 class=\"section-title\">Descripci\u00f3n<\/h5>\n<ul>\n<li class=\"section-content\">El tumor mide entre 2 cm y 5 cm de di\u00e1metro y no se ha diseminado a ning\u00fan ganglio linf\u00e1tico ni a otros \u00f3rganos distantes.<\/li>\n<\/ul>\n<h5 class=\"section-title\">Tratamiento<\/h5>\n<ul>\n<li class=\"section-content\">Quimiorradiaci\u00f3n; cirug\u00eda (resecci\u00f3n abdominoperineal, si queda enfermedad residual despu\u00e9s de la quimiorradiaci\u00f3n).<\/li>\n<\/ul>\n<hr class=\"hidden-title\" \/>\n<\/div>\n<div id=\"tabs-243\"><\/p>\n<h4 class=\"section-title hidden-title\">Estadio IIb<\/h4>\n<p><div id=\"caption\" style=\"width: 410px\" class=\"wp-caption alignnone\"><a href=\"\/wp-content\/uploads\/sites\/4\/2015\/06\/Anal-Cancer-Stage-IIIa-es.jpg\" title=\"Click Image to Enlarge.\"><img decoding=\"async\" aria-describedby=\"caption-caption\" src=\"\/wp-content\/uploads\/sites\/4\/2015\/06\/Anal-Cancer-Stage-IIIa-es.jpg\" alt=\"Estadio IIIa\" class=\"aligncenter\" style=\"width:100%;max-width:400px\" \/><\/a><p id=\"caption-caption\" class=\"wp-caption-text\">Click Image to Enlarge.<\/p><\/div><\/p>\n<h5 class=\"section-title\">Descripci\u00f3n<\/h5>\n<ul>\n<li class=\"section-content\">El tumor mide m\u00e1s de 5\u00a0cm de di\u00e1metro y no se ha diseminado a ning\u00fan n\u00f3dulo linf\u00e1tico ni a ning\u00fan otro \u00f3rgano distante del cuerpo.<\/li>\n<\/ul>\n<h5 class=\"section-title\">Tratamiento<\/h5>\n<ul>\n<li class=\"section-content\">Quimiorradiaci\u00f3n; resecci\u00f3n abdominoperineal si queda enfermedad residual despu\u00e9s de la quimiorradiaci\u00f3n.<\/li>\n<\/ul>\n<hr class=\"hidden-title\" \/>\n<\/div>\n<div id=\"tabs-244\"><\/p>\n<h4 class=\"section-title hidden-title\">Estadio IIIa<\/h4>\n<p><div id=\"caption\" style=\"width: 410px\" class=\"wp-caption alignnone\"><a href=\"\/wp-content\/uploads\/2013\/04\/Anal-Cancer-Stage-IIIb-PSF.jpg\" title=\"Click Image to Enlarge.\"><img decoding=\"async\" aria-describedby=\"caption-caption\" src=\"\/wp-content\/uploads\/2013\/04\/Anal-Cancer-Stage-IIIb-400.jpg\" alt=\"Stage 3b\" class=\"aligncenter\" \/><\/a><p id=\"caption-caption\" class=\"wp-caption-text\">Click Image to Enlarge.<\/p><\/div><\/p>\n<h5 class=\"section-title\">Descripci\u00f3n<\/h5>\n<ul>\n<li class=\"section-content\">Tumores de 5 cm o menos afectan a los ganglios linf\u00e1ticos.\n<\/ul>\n<h5 class=\"section-title\">Tratamiento<\/h5>\n<ul>\n<li class=\"section-content\">Quimiorradiaci\u00f3n; estudios cl\u00ednicos (resecci\u00f3n abdominoperineal) si queda enfermedad residual despu\u00e9s de la quimiorradiaci\u00f3n.<\/li>\n<\/ul>\n<hr class=\"hidden-title\" \/>\n<\/div>\n<div id=\"tabs-245\"><\/p>\n<h4 class=\"section-title hidden-title\">Estadio IIIb<\/h4>\n<p><div id=\"caption\" style=\"width: 410px\" class=\"wp-caption alignnone\"><a href=\"\/wp-content\/uploads\/2013\/04\/Anal-Cancer-Stage-IIIb-PSF.jpg\" title=\"Click Image to Enlarge.\"><img decoding=\"async\" aria-describedby=\"caption-caption\" src=\"\/wp-content\/uploads\/2013\/04\/Anal-Cancer-Stage-IIIb-400.jpg\" alt=\"Stage 3b\" class=\"aligncenter\" \/><\/a><p id=\"caption-caption\" class=\"wp-caption-text\">Click Image to Enlarge.<\/p><\/div><\/p>\n<h5 class=\"section-title\">Descripci\u00f3n<\/h5>\n<ul>\n<li class=\"section-content\">Tumores que invaden otros \u00f3rganos sin afectaci\u00f3n de los ganglios linf\u00e1ticos.<\/p>\n<\/ul>\n<h5 class=\"section-title\">Tratamiento<\/h5>\n<ul>\n<li class=\"section-content\">Quimiorradiaci\u00f3n; estudios cl\u00ednicos (resecci\u00f3n abdominoperineal) si queda enfermedad residual despu\u00e9s de la quimiorradiaci\u00f3n.<\/li>\n<\/ul>\n<hr class=\"hidden-title\" \/>\n<\/div>\n<div id=\"tabs-246\"><\/p>\n<h4 class=\"section-title hidden-title\">Estadio IIIc<\/h4>\n<p><div id=\"caption\" style=\"width: 410px\" class=\"wp-caption alignnone\"><a href=\"\/wp-content\/uploads\/2013\/04\/Anal-Cancer-Stage-IIIb-PSF.jpg\" title=\"Click Image to Enlarge.\"><img decoding=\"async\" aria-describedby=\"caption-caption\" src=\"\/wp-content\/uploads\/2013\/04\/Anal-Cancer-Stage-IIIb-400.jpg\" alt=\"Stage 3b\" class=\"aligncenter\" \/><\/a><p id=\"caption-caption\" class=\"wp-caption-text\">Click Image to Enlarge.<\/p><\/div><\/p>\n<h5 class=\"section-title\">Descripci\u00f3n<\/h5>\n<ul>\n<li class=\"section-content\">Tumores mayores de 5 cm con afectaci\u00f3n ganglionar.<\/p>\n<\/ul>\n<h5 class=\"section-title\">Tratamiento<\/h5>\n<ul>\n<li class=\"section-content\">Quimiorradiaci\u00f3n; estudios cl\u00ednicos, (resecci\u00f3n abdominal-perineal) si queda enfermedad residual persistente despu\u00e9s de la quimiorradiaci\u00f3n.<\/li>\n<\/ul>\n<hr class=\"hidden-title\" \/>\n<\/div>\n<div id=\"tabs-247\"><\/p>\n<h4 class=\"section-title hidden-title\">Estadio IV<\/h4>\n<p><div id=\"caption\" style=\"width: 410px\" class=\"wp-caption alignnone\"><a href=\"\/wp-content\/uploads\/sites\/4\/2015\/06\/Anal-Cancer-Stage-IV-es.jpg\" title=\"Click Image to Enlarge.\"><img decoding=\"async\" aria-describedby=\"caption-caption\" src=\"\/wp-content\/uploads\/sites\/4\/2015\/06\/Anal-Cancer-Stage-IV-es.jpg\" alt=\"Estadio IV\" class=\"aligncenter\" style=\"width:100%;max-width:400px\" \/><\/a><p id=\"caption-caption\" class=\"wp-caption-text\">Click Image to Enlarge.<\/p><\/div><\/p>\n<h5 class=\"section-title\">Descripci\u00f3n<\/h5>\n<p class=\"section-content\">El tumor puede tener cualquier tama\u00f1o ese se ha diseminado:<\/p>\n<ul>\n<li class=\"section-content\">a partes distantes del organismo.<\/li>\n<\/ul>\n<h5 class=\"section-title\">Tratamiento<\/h5>\n<ul>\n<li class=\"section-content\">Quimioterapia: Los ensayos cl\u00ednicos recientes arrojan que los medicamentos de inmunoterapia (agentes que estimulan el sistema inmunol\u00f3gico para combatir el c\u00e1ncer) podr\u00edan funcionar para reducir el tama\u00f1o de estos tumores; no obstante, se planea conducir m\u00e1s investigaciones para evaluar esta idea de manera m\u00e1s formal.<\/li>\n<\/ul>\n<hr class=\"hidden-title\" \/>\n<\/div><\/div><\/div>\n<div class=\"clearboth\"><\/div>\n","protected":false},"excerpt":{"rendered":"<p>Estadificaci\u00f3n del c\u00e1ncer de ano La estadificaci\u00f3n se determina por el tama\u00f1o del tumor y al verificar si el c\u00e1ncer ha invadido los tejidos pr\u00f3ximos o se ha diseminado hacia otras partes del organismo, como la pr\u00f3stata o la vagina o propagaci\u00f3n a los ganglios linf\u00e1ticos (alrededor del recto) u \u00f3rganos cercanos, por ejemplo, vagina [&hellip;]<\/p>\n","protected":false},"author":5,"featured_media":0,"parent":14693,"menu_order":5,"comment_status":"closed","ping_status":"open","template":"template-tumor.php","meta":{"footnotes":""},"tags":[10],"class_list":["post-14732","page","type-page","status-publish","hentry","tag-members-only"],"yoast_head":"<!-- This site is optimized with the Yoast SEO plugin v25.0 - https:\/\/yoast.com\/wordpress\/plugins\/seo\/ -->\n<title>CMedEd | Informaci\u00f3n para comprender el c\u00e1ncer de ano | Estadificaci\u00f3n<\/title>\n<meta name=\"description\" content=\"Estadificaci\u00f3n del c\u00e1ncer de ano La estadificaci\u00f3n se determina por el tama\u00f1o del tumor y al verificar si el c\u00e1ncer ha invadido los tejidos pr\u00f3ximos o se\" \/>\n<meta name=\"robots\" content=\"index, follow, max-snippet:-1, max-image-preview:large, max-video-preview:-1\" \/>\n<link rel=\"canonical\" href=\"https:\/\/cmeded.com\/es\/gastrointestinal\/understanding-anal-cancer\/staging\/\" \/>\n<meta property=\"og:locale\" content=\"es_ES\" \/>\n<meta property=\"og:type\" content=\"article\" \/>\n<meta property=\"og:title\" content=\"CMedEd | Informaci\u00f3n para comprender el c\u00e1ncer de ano | Estadificaci\u00f3n\" \/>\n<meta property=\"og:description\" content=\"Estadificaci\u00f3n del c\u00e1ncer de ano La estadificaci\u00f3n se determina por el tama\u00f1o del tumor y al verificar si el c\u00e1ncer ha invadido los tejidos pr\u00f3ximos o se\" \/>\n<meta property=\"og:url\" content=\"https:\/\/cmeded.com\/es\/gastrointestinal\/understanding-anal-cancer\/staging\/\" \/>\n<meta property=\"og:site_name\" content=\"CMedEd\" \/>\n<meta property=\"article:modified_time\" content=\"2023-08-24T23:50:15+00:00\" \/>\n<meta name=\"twitter:card\" content=\"summary_large_image\" \/>\n<meta name=\"twitter:label1\" content=\"Tiempo de lectura\" \/>\n\t<meta name=\"twitter:data1\" content=\"3 minutos\" \/>\n<script type=\"application\/ld+json\" class=\"yoast-schema-graph\">{\"@context\":\"https:\/\/schema.org\",\"@graph\":[{\"@type\":\"WebPage\",\"@id\":\"https:\/\/cmeded.com\/es\/gastrointestinal\/understanding-anal-cancer\/staging\/\",\"url\":\"https:\/\/cmeded.com\/es\/gastrointestinal\/understanding-anal-cancer\/staging\/\",\"name\":\"CMedEd | Informaci\u00f3n para comprender el c\u00e1ncer de ano | Estadificaci\u00f3n\",\"isPartOf\":{\"@id\":\"https:\/\/cmeded.com\/es\/#website\"},\"datePublished\":\"2014-02-14T19:58:16+00:00\",\"dateModified\":\"2023-08-24T23:50:15+00:00\",\"description\":\"Estadificaci\u00f3n del c\u00e1ncer de ano La estadificaci\u00f3n se determina por el tama\u00f1o del tumor y al verificar si el c\u00e1ncer ha invadido los tejidos pr\u00f3ximos o se\",\"breadcrumb\":{\"@id\":\"https:\/\/cmeded.com\/es\/gastrointestinal\/understanding-anal-cancer\/staging\/#breadcrumb\"},\"inLanguage\":\"es\",\"potentialAction\":[{\"@type\":\"ReadAction\",\"target\":[\"https:\/\/cmeded.com\/es\/gastrointestinal\/understanding-anal-cancer\/staging\/\"]}]},{\"@type\":\"BreadcrumbList\",\"@id\":\"https:\/\/cmeded.com\/es\/gastrointestinal\/understanding-anal-cancer\/staging\/#breadcrumb\",\"itemListElement\":[{\"@type\":\"ListItem\",\"position\":1,\"name\":\"Home\",\"item\":\"https:\/\/cmeded.com\/es\/\"},{\"@type\":\"ListItem\",\"position\":2,\"name\":\"Gastrointestinal\",\"item\":\"https:\/\/cmeded.com\/es\/gastrointestinal\/\"},{\"@type\":\"ListItem\",\"position\":3,\"name\":\"Informaci\u00f3n para comprender el c\u00e1ncer de ano\",\"item\":\"https:\/\/cmeded.com\/es\/gastrointestinal\/understanding-anal-cancer\/\"},{\"@type\":\"ListItem\",\"position\":4,\"name\":\"Estadificaci\u00f3n\"}]},{\"@type\":\"WebSite\",\"@id\":\"https:\/\/cmeded.com\/es\/#website\",\"url\":\"https:\/\/cmeded.com\/es\/\",\"name\":\"CMedEd\",\"description\":\"Recurso principal de informaci\u00f3n sobre el c\u00e1ncer\",\"potentialAction\":[{\"@type\":\"SearchAction\",\"target\":{\"@type\":\"EntryPoint\",\"urlTemplate\":\"https:\/\/cmeded.com\/es\/?s={search_term_string}\"},\"query-input\":{\"@type\":\"PropertyValueSpecification\",\"valueRequired\":true,\"valueName\":\"search_term_string\"}}],\"inLanguage\":\"es\"}]}<\/script>\n<!-- \/ Yoast SEO plugin. -->","yoast_head_json":{"title":"CMedEd | Informaci\u00f3n para comprender el c\u00e1ncer de ano | Estadificaci\u00f3n","description":"Estadificaci\u00f3n del c\u00e1ncer de ano La estadificaci\u00f3n se determina por el tama\u00f1o del tumor y al verificar si el c\u00e1ncer ha invadido los tejidos pr\u00f3ximos o se","robots":{"index":"index","follow":"follow","max-snippet":"max-snippet:-1","max-image-preview":"max-image-preview:large","max-video-preview":"max-video-preview:-1"},"canonical":"https:\/\/cmeded.com\/es\/gastrointestinal\/understanding-anal-cancer\/staging\/","og_locale":"es_ES","og_type":"article","og_title":"CMedEd | Informaci\u00f3n para comprender el c\u00e1ncer de ano | Estadificaci\u00f3n","og_description":"Estadificaci\u00f3n del c\u00e1ncer de ano La estadificaci\u00f3n se determina por el tama\u00f1o del tumor y al verificar si el c\u00e1ncer ha invadido los tejidos pr\u00f3ximos o se","og_url":"https:\/\/cmeded.com\/es\/gastrointestinal\/understanding-anal-cancer\/staging\/","og_site_name":"CMedEd","article_modified_time":"2023-08-24T23:50:15+00:00","twitter_card":"summary_large_image","twitter_misc":{"Tiempo de lectura":"3 minutos"},"schema":{"@context":"https:\/\/schema.org","@graph":[{"@type":"WebPage","@id":"https:\/\/cmeded.com\/es\/gastrointestinal\/understanding-anal-cancer\/staging\/","url":"https:\/\/cmeded.com\/es\/gastrointestinal\/understanding-anal-cancer\/staging\/","name":"CMedEd | Informaci\u00f3n para comprender el c\u00e1ncer de ano | Estadificaci\u00f3n","isPartOf":{"@id":"https:\/\/cmeded.com\/es\/#website"},"datePublished":"2014-02-14T19:58:16+00:00","dateModified":"2023-08-24T23:50:15+00:00","description":"Estadificaci\u00f3n del c\u00e1ncer de ano La estadificaci\u00f3n se determina por el tama\u00f1o del tumor y al verificar si el c\u00e1ncer ha invadido los tejidos pr\u00f3ximos o se","breadcrumb":{"@id":"https:\/\/cmeded.com\/es\/gastrointestinal\/understanding-anal-cancer\/staging\/#breadcrumb"},"inLanguage":"es","potentialAction":[{"@type":"ReadAction","target":["https:\/\/cmeded.com\/es\/gastrointestinal\/understanding-anal-cancer\/staging\/"]}]},{"@type":"BreadcrumbList","@id":"https:\/\/cmeded.com\/es\/gastrointestinal\/understanding-anal-cancer\/staging\/#breadcrumb","itemListElement":[{"@type":"ListItem","position":1,"name":"Home","item":"https:\/\/cmeded.com\/es\/"},{"@type":"ListItem","position":2,"name":"Gastrointestinal","item":"https:\/\/cmeded.com\/es\/gastrointestinal\/"},{"@type":"ListItem","position":3,"name":"Informaci\u00f3n para comprender el c\u00e1ncer de ano","item":"https:\/\/cmeded.com\/es\/gastrointestinal\/understanding-anal-cancer\/"},{"@type":"ListItem","position":4,"name":"Estadificaci\u00f3n"}]},{"@type":"WebSite","@id":"https:\/\/cmeded.com\/es\/#website","url":"https:\/\/cmeded.com\/es\/","name":"CMedEd","description":"Recurso principal de informaci\u00f3n sobre el c\u00e1ncer","potentialAction":[{"@type":"SearchAction","target":{"@type":"EntryPoint","urlTemplate":"https:\/\/cmeded.com\/es\/?s={search_term_string}"},"query-input":{"@type":"PropertyValueSpecification","valueRequired":true,"valueName":"search_term_string"}}],"inLanguage":"es"}]}},"_links":{"self":[{"href":"https:\/\/cmeded.com\/es\/wp-json\/wp\/v2\/pages\/14732","targetHints":{"allow":["GET"]}}],"collection":[{"href":"https:\/\/cmeded.com\/es\/wp-json\/wp\/v2\/pages"}],"about":[{"href":"https:\/\/cmeded.com\/es\/wp-json\/wp\/v2\/types\/page"}],"author":[{"embeddable":true,"href":"https:\/\/cmeded.com\/es\/wp-json\/wp\/v2\/users\/5"}],"replies":[{"embeddable":true,"href":"https:\/\/cmeded.com\/es\/wp-json\/wp\/v2\/comments?post=14732"}],"version-history":[{"count":0,"href":"https:\/\/cmeded.com\/es\/wp-json\/wp\/v2\/pages\/14732\/revisions"}],"up":[{"embeddable":true,"href":"https:\/\/cmeded.com\/es\/wp-json\/wp\/v2\/pages\/14693"}],"wp:attachment":[{"href":"https:\/\/cmeded.com\/es\/wp-json\/wp\/v2\/media?parent=14732"}],"wp:term":[{"taxonomy":"post_tag","embeddable":true,"href":"https:\/\/cmeded.com\/es\/wp-json\/wp\/v2\/tags?post=14732"}],"curies":[{"name":"wp","href":"https:\/\/api.w.org\/{rel}","templated":true}]}}