{"id":14724,"date":"2014-02-14T13:30:36","date_gmt":"2014-02-14T19:30:36","guid":{"rendered":"http:\/\/www.cmeded.com\/?page_id=14724"},"modified":"2023-08-24T18:50:15","modified_gmt":"2023-08-24T23:50:15","slug":"diagnosis","status":"publish","type":"page","link":"https:\/\/cmeded.com\/es\/gastrointestinal\/understanding-anal-cancer\/diagnosis\/","title":{"rendered":"Diagn\u00f3stico"},"content":{"rendered":"<h4 class=\"section-title\">Diagn\u00f3stico<\/h4>\n<p class=\"section-content\">Si usted presenta algunos de los s\u00edntomas del c\u00e1ncer de ano, programe una consulta con el m\u00e9dico.  El m\u00e9dico le realizar\u00e1 un examen f\u00edsico y le har\u00e1 algunas preguntas sobre su estado de salud general, su estilo de vida y sus antecedentes m\u00e9dicos.  Si el m\u00e9dico piensa que usted puede tener de c\u00e1ncer de ano, es posible que le recomiende alguno de los siguientes procedimientos.<\/p>\n<div class=\"divider\" id=\"\">\n\t\n\t<\/div>\n<div class=\"risk-factor\">\n<div class=\"symp-pic\"><div id=\"caption\" style=\"width: 185px\" class=\"wp-caption alignnone\"><a href=\"\/wp-content\/uploads\/2013\/04\/AnalRectal-Digital-Exam-PSF.jpg\" title=\"Click Image to Enlarge.\"><img decoding=\"async\" aria-describedby=\"caption-caption\" src=\"\/wp-content\/uploads\/2013\/04\/AnalRectal-Digital-Exam-165.jpg\" class=\"aligncenter\" alt=\"Tacto rectal\" style=\"height:150px\" \/><\/a><p id=\"caption-caption\" class=\"wp-caption-text\">Click Image to Enlarge.<\/p><\/div><\/div>\n<div class=\"risk-text-wrap\">\n<h5 class=\"section-title\">Tacto rectal<\/h5>\n<p class=\"section-content\">El m\u00e9dico puede realizar un tacto rectal, un procedimiento para el cual se coloca un guante lubricado e introduce un dedo en el ano del paciente para detectar cualquier protuberancia o anomal\u00eda.  Si el m\u00e9dico piensa que usted tiene c\u00e1ncer de ano, es posible que le recomiende m\u00e1s pruebas.<\/p>\n<\/div>\n<div class=\"clearboth\"><\/div>\n<\/div>\n<div class=\"divider\" id=\"\">\n\t\n\t<\/div>\n<div class=\"risk-factor\">\n<div class=\"symp-pic\"><div id=\"caption\" style=\"width: 193px\" class=\"wp-caption alignnone\"><a href=\"\/wp-content\/uploads\/sites\/4\/2015\/06\/Anal-Cancer-Anoscopy-es.jpg\" title=\"Click Image to Enlarge.\"><img decoding=\"async\" aria-describedby=\"caption-caption\" src=\"\/wp-content\/uploads\/sites\/4\/2015\/06\/Anal-Cancer-Anoscopy-es.jpg\" class=\"aligncenter\" alt=\"Anoscop\u00eda\" style=\"height:150px\" \/><\/a><p id=\"caption-caption\" class=\"wp-caption-text\">Click Image to Enlarge.<\/p><\/div><\/div>\n<div class=\"risk-text-wrap\">\n<h5 class=\"section-title\">Anoscop\u00eda<\/h5>\n<p class=\"section-content\">Con un anoscopio, un peque\u00f1o tubo con c\u00e1mara y luz en el extremo, el m\u00e9dico examinar\u00e1 el conducto anal y la parte inferior del recto para detectar cualquier protuberancia o anomal\u00eda.  Si ve algo sospechoso, extraer\u00e1 una muestra de tejido para realizar una biopsia.<\/p>\n<\/div>\n<div class=\"clearboth\"><\/div>\n<\/div>\n<div class=\"divider\" id=\"\">\n\t\n\t<\/div>\n<div class=\"risk-factor\">\n<div class=\"symp-pic\"><img decoding=\"async\" src=\"\/wp-content\/uploads\/2017\/06\/Proctoscope-01.jpg\" class=\"aligncenter\" alt=\"Proctoscopia\" style=\"height:150px\" \/><\/div>\n<div class=\"risk-text-wrap\">\n<h5 class=\"section-title\">Proctoscopia<\/h5>\n<p class=\"section-content\">Su m\u00e9dico utilizar\u00e1 un sigmoidoscopio r\u00edgido o un proctoscopio (un tubo corto con una luz en el extremo) para examinar su canal anal y sigmoide inferior y su recto para cualquier bulto o anormalidad. Si su m\u00e9dico encuentra algo sospechoso, se retirar\u00e1 una muestra de tejido para biopsia.<\/p>\n<\/div>\n<div class=\"clearboth\"><\/div>\n<\/div>\n<div class=\"divider\" id=\"\">\n\t\n\t<\/div>\n<div class=\"risk-factor\">\n<div class=\"symp-pic\"><img decoding=\"async\" src=\"\/wp-content\/uploads\/2013\/04\/Proctosigmoidoscope-150.jpg\" class=\"aligncenter\" alt=\"Sigmoidoscopio Flexible\" style=\"height:150px\" \/><\/div>\n<div class=\"risk-text-wrap\">\n<h5 class=\"section-title\">Sigmoidoscopio Flexible<\/h5>\n<p class=\"section-content\">Con un sigmoidoscopio flexible, un tubo ligeramente m\u00e1s largo con c\u00e1mara y luz en el extremo, el m\u00e9dico examinar\u00e1 el recto y la parte inferior del colon para detectar cualquier protuberancia o anomal\u00eda.  Si el m\u00e9dico ve algo sospechoso, extraer\u00e1 una muestra de tejido para realizar una biopsia.<\/p>\n<\/div>\n<div class=\"clearboth\"><\/div>\n<\/div>\n<div class=\"divider\" id=\"\">\n\t\n\t<\/div>\n<div class=\"risk-factor\">\n<div class=\"symp-pic\"><img decoding=\"async\" src=\"\/wp-content\/uploads\/2013\/01\/Colonoscopy2.jpg\" class=\"aligncenter\" alt=\"Colonoscopia\" style=\"height:150px\" \/><\/div>\n<div class=\"risk-text-wrap\">\n<h5 class=\"section-title\">Colonoscopia<\/h5>\n<p class=\"section-content\">Su m\u00e9dico utilizar\u00e1 un colonoscopia (un tubo m\u00e1s largo con una c\u00e1mara y una luz al final) para examinar el colon y el recto en busca de bultos o anormalidades. Si su m\u00e9dico encuentra algo sospechoso, \u00e9l o ella remover\u00e1 una muestra de tejido para una biopsia. Su m\u00e9dico puede recomendarle una colonoscopia virtual o una tomograf\u00eda computarizada.<\/p>\n<\/div>\n<div class=\"clearboth\"><\/div>\n<\/div>\n<div class=\"divider\" id=\"\">\n\t\n\t<\/div>\n<div class=\"risk-factor\">\n<div class=\"symp-pic\"><div id=\"caption\" style=\"width: 195px\" class=\"wp-caption aligncenter\"><a href=\"\/wp-content\/uploads\/2014\/07\/Barium-Swallow2.jpg\" title=\"Click Image to Enlarge.\"><img decoding=\"async\" aria-describedby=\"caption-caption\" src=\"\/wp-content\/uploads\/2014\/07\/Barium-Swallow2-205x250.jpg\" class=\"aligncenter\" alt=\"Enema opaco de doble contraste\" style=\"height:150px\" \/><\/a><p id=\"caption-caption\" class=\"wp-caption-text\">Click Image to Enlarge.<\/p><\/div><\/div>\n<div class=\"risk-text-wrap\">\n<h5 class=\"section-title\">Enema opaco de doble contraste<\/h5>\n<p class=\"section-content\">El m\u00e9dico realiza un enema de bario (un l\u00edquido blanco, lechoso) e insufla aire por el ano y el recto. El bario cubre la parte interna del recto y del colon, y los delinea claramente en una radiograf\u00eda. Esto permite identificar m\u00e1s f\u00e1cilmente cualquier p\u00f3lipo o tumor. Este estudio podr\u00eda arrojar resultados limitados ya que depende de la movilidad del paciente para lograr que el l\u00edquido de contraste recubra el intestino durante el examen.<\/p>\n<\/div>\n<div class=\"clearboth\"><\/div>\n<\/div>\n<div class=\"divider\" id=\"\">\n\t\n\t<\/div>\n<div class=\"risk-factor\">\n<div class=\"symp-pic\"><div id=\"endoscopy\" style=\"width: 231px\" class=\"wp-caption center aligncenter\"><a href=\"\/wp-content\/uploads\/2015\/09\/Endo-Anal-Rectal-Ultrasound-notext.jpg\" title=\"Click Image to Enlarge.\"><img decoding=\"async\" aria-describedby=\"caption-endoscopy\" src=\"\/wp-content\/uploads\/2013\/04\/EndoAnal-Rectal-Ultrasound-165.jpg\" class=\"aligncenter\" alt=\"Ecograf\u00eda endorrectal o endoanal\" style=\"height:150px\" \/><\/a><p id=\"caption-endoscopy\" class=\"wp-caption-text\">Click Image to Enlarge.<\/p><\/div><\/div>\n<div class=\"risk-text-wrap\">\n<h5 class=\"section-title\">Ecograf\u00eda endorrectal o endoanal<\/h5>\n<p class=\"section-content\">El m\u00e9dico le introducir\u00e1 una sonda ecogr\u00e1fica en el recto o ano. Este dispositivo hace rebotar ondas sonoras que forman una imagen,  lo cual permite ver la profundidad del tumor desarrollado y dar una idea aproximada de si este ha invadido los ganglios linf\u00e1ticos.<\/p>\n<\/div>\n<div class=\"clearboth\"><\/div>\n<\/div>\n<div class=\"divider\" id=\"\">\n\t\n\t<\/div>\n<div class=\"risk-factor\">\n<div class=\"symp-pic\"><img decoding=\"async\" src=\"\/wp-content\/uploads\/2013\/03\/Pathologist-285x200.jpg\" class=\"aligncenter\" alt=\"Biopsia de ganglios linf\u00e1ticos por aspiraci\u00f3n con aguja fina\" style=\"height:150px\" \/><\/div>\n<div class=\"risk-text-wrap\">\n<h5 class=\"section-title\">Biopsia de ganglios linf\u00e1ticos por aspiraci\u00f3n con aguja fina<\/h5>\n<p class=\"section-content\">Si hay un ganglio linf\u00e1tico sospechoso en la ingle, el m\u00e9dico puede realizar o remitirle por una biopsia de ganglios linf\u00e1ticos para determinar si el c\u00e1ncer ha alcanzado los ganglios linf\u00e1ticos.  El m\u00e9dico utilizar\u00e1 una aguja fina para extraer una muestra de tejido de un ganglio linf\u00e1tico.  Luego, el pat\u00f3logo examinar\u00e1 la muestra al microscopio y har\u00e1 un diagn\u00f3stico.<\/p>\n<\/div>\n<div class=\"clearboth\"><\/div>\n<\/div>\n<div class=\"divider\" id=\"\">\n\t\n\t<\/div>\n<div class=\"risk-factor\">\n<div class=\"symp-pic\"><img decoding=\"async\" src=\"\/wp-content\/uploads\/2013\/02\/ChestXRay150.png\" class=\"aligncenter\" alt=\"Radiograf\u00eda de t\u00f3rax\" style=\"height:150px\" \/><\/div>\n<div class=\"risk-text-wrap\">\n<h5 class=\"section-title\">Radiograf\u00eda de t\u00f3rax<\/h5>\n<p class=\"section-content\">En una radiograf\u00eda de t\u00f3rax, se utilizan ondas electromagn\u00e9ticas para crear im\u00e1genes del interior del cuerpo.  El m\u00e9dico solicitar\u00e1 una radiograf\u00eda de t\u00f3rax para detectar cualquier \u00e1rea sospechosa en los pulmones.  Si la radiograf\u00eda de t\u00f3rax revela \u00e1reas sospechosas, el m\u00e9dico solicitar\u00e1 pruebas adicionales.<\/p>\n<\/div>\n<div class=\"clearboth\"><\/div>\n<\/div>\n<div class=\"divider\" id=\"\">\n\t\n\t<\/div>\n<div class=\"risk-factor\">\n<div class=\"symp-pic\"><div id=\"caption\" style=\"width: 243px\" class=\"wp-caption aligncenter\"><a href='\/wp-content\/uploads\/2016\/06\/CT.jpg' title='Go to enlarged image.'><img aria-describedby=\"caption-caption\" src='\/wp-content\/uploads\/2016\/06\/CT.jpg' class='aligncenter' alt='Tomograf\u00eda axial computarizada' style='height:150px' \/><\/a><p id=\"caption-caption\" class=\"wp-caption-text\">Click Image to Enlarge.<\/p><\/div><\/div>\n<div class=\"risk-text-wrap\">\n<h5 class=\"section-title\">Tomograf\u00eda axial computarizada<\/h5>\n<p class=\"section-content\">En una tomograf\u00eda computarizada, se utilizan radiograf\u00edas para producir una imagen del cuerpo.  Es posible que le inyecten un colorante especial en las venas y que deba beber un l\u00edquido especial para que resalten las v\u00edsceras.  Una tomograf\u00eda computarizada delimita la extensi\u00f3n del tumor y cualquier otra anomal\u00eda potencial relacionada con el tumor, como los ganglios linf\u00e1ticos y si el c\u00e1ncer se ha diseminado a otras partes de su cuerpo.<\/p>\n<\/div>\n<div class=\"clearboth\"><\/div>\n<\/div>\n<div class=\"divider\" id=\"\">\n\t\n\t<\/div>\n<div class=\"risk-factor\">\n<div class=\"symp-pic\"><div id=\"caption\" style=\"width: 243px\" class=\"wp-caption aligncenter\"><a href='\/wp-content\/uploads\/2016\/06\/MRI.jpg' title='Go to enlarged image.'><img aria-describedby=\"caption-caption\" src='\/wp-content\/uploads\/2016\/06\/MRI.jpg' class='aligncenter' alt='Resonancia magn\u00e9tica' style='height:150px' \/><\/a><p id=\"caption-caption\" class=\"wp-caption-text\">Click Image to Enlarge.<\/p><\/div><\/div>\n<div class=\"risk-text-wrap\">\n<h5 class=\"section-title\">Resonancia magn\u00e9tica<\/h5>\n<p class=\"section-content\">En una resonancia magn\u00e9tica, se utilizan ondas de radio y un im\u00e1n de gran tama\u00f1o para crear im\u00e1genes claras y detalladas de las partes del cuerpo.  El organismo absorbe las ondas de radio, que se liberan siguiendo un patr\u00f3n determinado que es interpretado por una computadora para mostrar cortes del cuerpo humano. Proporcionar\u00e1 informaci\u00f3n similar a la tomograf\u00eda computarizada, pero con mejor resoluci\u00f3n.<\/p>\n<\/div>\n<div class=\"clearboth\"><\/div>\n<\/div>\n<div class=\"divider\" id=\"\">\n\t\n\t<\/div>\n<div class=\"risk-factor\">\n<div class=\"symp-pic\"><div id=\"caption\" style=\"width: 243px\" class=\"wp-caption aligncenter\"><a href='\/wp-content\/uploads\/2016\/06\/PET.jpg' title='Go to enlarged image.'><img aria-describedby=\"caption-caption\" src='\/wp-content\/uploads\/2016\/06\/PET.jpg' class='aligncenter' alt='Tomograf\u00eda por emisi\u00f3n de positrones' style='height:150px' \/><\/a><p id=\"caption-caption\" class=\"wp-caption-text\">Click Image to Enlarge.<\/p><\/div><\/div>\n<div class=\"risk-text-wrap\">\n<h5 class=\"section-title\">Tomograf\u00eda por emisi\u00f3n de positrones<\/h5>\n<p class=\"section-content\">Para realizar una tomograf\u00eda por emisi\u00f3n de positrones, el m\u00e9dico inyecta una sustancia radiactiva en el torrente circulatorio del paciente.  Esta sustancia se acumula en las c\u00e9lulas malignas (cancerosas) del organismo.  El m\u00e9dico luego utiliza un tom\u00f3grafo para detectar estas \u00e1reas de radioactividad y encontrar la ubicaci\u00f3n exacta del c\u00e1ncer en el organismo del paciente.<\/p>\n<\/div>\n<div class=\"clearboth\"><\/div>\n<\/div>\n","protected":false},"excerpt":{"rendered":"<p>Diagn\u00f3stico Si usted presenta algunos de los s\u00edntomas del c\u00e1ncer de ano, programe una consulta con el m\u00e9dico. El m\u00e9dico le realizar\u00e1 un examen f\u00edsico y le har\u00e1 algunas preguntas sobre su estado de salud general, su estilo de vida y sus antecedentes m\u00e9dicos. Si el m\u00e9dico piensa que usted puede tener de c\u00e1ncer de [&hellip;]<\/p>\n","protected":false},"author":5,"featured_media":0,"parent":14693,"menu_order":4,"comment_status":"closed","ping_status":"open","template":"template-tumor.php","meta":{"footnotes":""},"tags":[10],"class_list":["post-14724","page","type-page","status-publish","hentry","tag-members-only"],"yoast_head":"<!-- This site is optimized with the Yoast SEO plugin v25.0 - https:\/\/yoast.com\/wordpress\/plugins\/seo\/ -->\n<title>CMedEd | Informaci\u00f3n para comprender el c\u00e1ncer de ano | Diagn\u00f3stico<\/title>\n<meta name=\"description\" content=\"Diagn\u00f3stico Si usted presenta algunos de los s\u00edntomas del c\u00e1ncer de ano, programe una consulta con el m\u00e9dico. El m\u00e9dico le realizar\u00e1 un examen f\u00edsico y le\" \/>\n<meta name=\"robots\" content=\"index, follow, max-snippet:-1, max-image-preview:large, max-video-preview:-1\" \/>\n<link rel=\"canonical\" href=\"https:\/\/cmeded.com\/es\/gastrointestinal\/understanding-anal-cancer\/diagnosis\/\" \/>\n<meta property=\"og:locale\" content=\"es_ES\" \/>\n<meta property=\"og:type\" content=\"article\" \/>\n<meta property=\"og:title\" content=\"CMedEd | Informaci\u00f3n para comprender el c\u00e1ncer de ano | Diagn\u00f3stico\" \/>\n<meta property=\"og:description\" content=\"Diagn\u00f3stico Si usted presenta algunos de los s\u00edntomas del c\u00e1ncer de ano, programe una consulta con el m\u00e9dico. El m\u00e9dico le realizar\u00e1 un examen f\u00edsico y le\" \/>\n<meta property=\"og:url\" content=\"https:\/\/cmeded.com\/es\/gastrointestinal\/understanding-anal-cancer\/diagnosis\/\" \/>\n<meta property=\"og:site_name\" content=\"CMedEd\" \/>\n<meta property=\"article:modified_time\" content=\"2023-08-24T23:50:15+00:00\" \/>\n<meta name=\"twitter:card\" content=\"summary_large_image\" \/>\n<meta name=\"twitter:label1\" content=\"Tiempo de lectura\" \/>\n\t<meta name=\"twitter:data1\" content=\"5 minutos\" \/>\n<script type=\"application\/ld+json\" class=\"yoast-schema-graph\">{\"@context\":\"https:\/\/schema.org\",\"@graph\":[{\"@type\":\"WebPage\",\"@id\":\"https:\/\/cmeded.com\/es\/gastrointestinal\/understanding-anal-cancer\/diagnosis\/\",\"url\":\"https:\/\/cmeded.com\/es\/gastrointestinal\/understanding-anal-cancer\/diagnosis\/\",\"name\":\"CMedEd | Informaci\u00f3n para comprender el c\u00e1ncer de ano | Diagn\u00f3stico\",\"isPartOf\":{\"@id\":\"https:\/\/cmeded.com\/es\/#website\"},\"datePublished\":\"2014-02-14T19:30:36+00:00\",\"dateModified\":\"2023-08-24T23:50:15+00:00\",\"description\":\"Diagn\u00f3stico Si usted presenta algunos de los s\u00edntomas del c\u00e1ncer de ano, programe una consulta con el m\u00e9dico. El m\u00e9dico le realizar\u00e1 un examen f\u00edsico y le\",\"breadcrumb\":{\"@id\":\"https:\/\/cmeded.com\/es\/gastrointestinal\/understanding-anal-cancer\/diagnosis\/#breadcrumb\"},\"inLanguage\":\"es\",\"potentialAction\":[{\"@type\":\"ReadAction\",\"target\":[\"https:\/\/cmeded.com\/es\/gastrointestinal\/understanding-anal-cancer\/diagnosis\/\"]}]},{\"@type\":\"BreadcrumbList\",\"@id\":\"https:\/\/cmeded.com\/es\/gastrointestinal\/understanding-anal-cancer\/diagnosis\/#breadcrumb\",\"itemListElement\":[{\"@type\":\"ListItem\",\"position\":1,\"name\":\"Home\",\"item\":\"https:\/\/cmeded.com\/es\/\"},{\"@type\":\"ListItem\",\"position\":2,\"name\":\"Gastrointestinal\",\"item\":\"https:\/\/cmeded.com\/es\/gastrointestinal\/\"},{\"@type\":\"ListItem\",\"position\":3,\"name\":\"Informaci\u00f3n para comprender el c\u00e1ncer de ano\",\"item\":\"https:\/\/cmeded.com\/es\/gastrointestinal\/understanding-anal-cancer\/\"},{\"@type\":\"ListItem\",\"position\":4,\"name\":\"Diagn\u00f3stico\"}]},{\"@type\":\"WebSite\",\"@id\":\"https:\/\/cmeded.com\/es\/#website\",\"url\":\"https:\/\/cmeded.com\/es\/\",\"name\":\"CMedEd\",\"description\":\"Recurso principal de informaci\u00f3n sobre el c\u00e1ncer\",\"potentialAction\":[{\"@type\":\"SearchAction\",\"target\":{\"@type\":\"EntryPoint\",\"urlTemplate\":\"https:\/\/cmeded.com\/es\/?s={search_term_string}\"},\"query-input\":{\"@type\":\"PropertyValueSpecification\",\"valueRequired\":true,\"valueName\":\"search_term_string\"}}],\"inLanguage\":\"es\"}]}<\/script>\n<!-- \/ Yoast SEO plugin. -->","yoast_head_json":{"title":"CMedEd | Informaci\u00f3n para comprender el c\u00e1ncer de ano | Diagn\u00f3stico","description":"Diagn\u00f3stico Si usted presenta algunos de los s\u00edntomas del c\u00e1ncer de ano, programe una consulta con el m\u00e9dico. El m\u00e9dico le realizar\u00e1 un examen f\u00edsico y le","robots":{"index":"index","follow":"follow","max-snippet":"max-snippet:-1","max-image-preview":"max-image-preview:large","max-video-preview":"max-video-preview:-1"},"canonical":"https:\/\/cmeded.com\/es\/gastrointestinal\/understanding-anal-cancer\/diagnosis\/","og_locale":"es_ES","og_type":"article","og_title":"CMedEd | Informaci\u00f3n para comprender el c\u00e1ncer de ano | Diagn\u00f3stico","og_description":"Diagn\u00f3stico Si usted presenta algunos de los s\u00edntomas del c\u00e1ncer de ano, programe una consulta con el m\u00e9dico. El m\u00e9dico le realizar\u00e1 un examen f\u00edsico y le","og_url":"https:\/\/cmeded.com\/es\/gastrointestinal\/understanding-anal-cancer\/diagnosis\/","og_site_name":"CMedEd","article_modified_time":"2023-08-24T23:50:15+00:00","twitter_card":"summary_large_image","twitter_misc":{"Tiempo de lectura":"5 minutos"},"schema":{"@context":"https:\/\/schema.org","@graph":[{"@type":"WebPage","@id":"https:\/\/cmeded.com\/es\/gastrointestinal\/understanding-anal-cancer\/diagnosis\/","url":"https:\/\/cmeded.com\/es\/gastrointestinal\/understanding-anal-cancer\/diagnosis\/","name":"CMedEd | Informaci\u00f3n para comprender el c\u00e1ncer de ano | Diagn\u00f3stico","isPartOf":{"@id":"https:\/\/cmeded.com\/es\/#website"},"datePublished":"2014-02-14T19:30:36+00:00","dateModified":"2023-08-24T23:50:15+00:00","description":"Diagn\u00f3stico Si usted presenta algunos de los s\u00edntomas del c\u00e1ncer de ano, programe una consulta con el m\u00e9dico. El m\u00e9dico le realizar\u00e1 un examen f\u00edsico y le","breadcrumb":{"@id":"https:\/\/cmeded.com\/es\/gastrointestinal\/understanding-anal-cancer\/diagnosis\/#breadcrumb"},"inLanguage":"es","potentialAction":[{"@type":"ReadAction","target":["https:\/\/cmeded.com\/es\/gastrointestinal\/understanding-anal-cancer\/diagnosis\/"]}]},{"@type":"BreadcrumbList","@id":"https:\/\/cmeded.com\/es\/gastrointestinal\/understanding-anal-cancer\/diagnosis\/#breadcrumb","itemListElement":[{"@type":"ListItem","position":1,"name":"Home","item":"https:\/\/cmeded.com\/es\/"},{"@type":"ListItem","position":2,"name":"Gastrointestinal","item":"https:\/\/cmeded.com\/es\/gastrointestinal\/"},{"@type":"ListItem","position":3,"name":"Informaci\u00f3n para comprender el c\u00e1ncer de ano","item":"https:\/\/cmeded.com\/es\/gastrointestinal\/understanding-anal-cancer\/"},{"@type":"ListItem","position":4,"name":"Diagn\u00f3stico"}]},{"@type":"WebSite","@id":"https:\/\/cmeded.com\/es\/#website","url":"https:\/\/cmeded.com\/es\/","name":"CMedEd","description":"Recurso principal de informaci\u00f3n sobre el c\u00e1ncer","potentialAction":[{"@type":"SearchAction","target":{"@type":"EntryPoint","urlTemplate":"https:\/\/cmeded.com\/es\/?s={search_term_string}"},"query-input":{"@type":"PropertyValueSpecification","valueRequired":true,"valueName":"search_term_string"}}],"inLanguage":"es"}]}},"_links":{"self":[{"href":"https:\/\/cmeded.com\/es\/wp-json\/wp\/v2\/pages\/14724","targetHints":{"allow":["GET"]}}],"collection":[{"href":"https:\/\/cmeded.com\/es\/wp-json\/wp\/v2\/pages"}],"about":[{"href":"https:\/\/cmeded.com\/es\/wp-json\/wp\/v2\/types\/page"}],"author":[{"embeddable":true,"href":"https:\/\/cmeded.com\/es\/wp-json\/wp\/v2\/users\/5"}],"replies":[{"embeddable":true,"href":"https:\/\/cmeded.com\/es\/wp-json\/wp\/v2\/comments?post=14724"}],"version-history":[{"count":0,"href":"https:\/\/cmeded.com\/es\/wp-json\/wp\/v2\/pages\/14724\/revisions"}],"up":[{"embeddable":true,"href":"https:\/\/cmeded.com\/es\/wp-json\/wp\/v2\/pages\/14693"}],"wp:attachment":[{"href":"https:\/\/cmeded.com\/es\/wp-json\/wp\/v2\/media?parent=14724"}],"wp:term":[{"taxonomy":"post_tag","embeddable":true,"href":"https:\/\/cmeded.com\/es\/wp-json\/wp\/v2\/tags?post=14724"}],"curies":[{"name":"wp","href":"https:\/\/api.w.org\/{rel}","templated":true}]}}