{"id":14697,"date":"2014-02-14T12:54:59","date_gmt":"2014-02-14T18:54:59","guid":{"rendered":"http:\/\/www.cmeded.com\/?page_id=14697"},"modified":"2023-08-24T18:50:15","modified_gmt":"2023-08-24T23:50:15","slug":"risk-factors","status":"publish","type":"page","link":"https:\/\/cmeded.com\/es\/gastrointestinal\/understanding-anal-cancer\/risk-factors\/","title":{"rendered":"Factores de riesgo"},"content":{"rendered":"<h4 class=\"section-title\">Factores de riesgo<\/h4>\n<p class=\"section-content\">Un factor de riesgo hace referencia a una caracter\u00edstica, una conducta o una afecci\u00f3n que aumenta las posibilidades de contraer una enfermedad.  A continuaci\u00f3n, se detallan algunos factores de riesgo conocidos que pueden incidir en la aparici\u00f3n del c\u00e1ncer de ano:<\/p>\n<div class=\"divider\" id=\"\">\n\t\n\t<\/div>\n<div class=\"risk-factor\">\n<div class=\"risk-pic\"><img decoding=\"async\" src=\"\/wp-content\/uploads\/2013\/02\/Epstein-Barr.jpg\" class=\"aligncenter\" alt=\"Infecci\u00f3n por virus del papiloma humano\" style=\"height:125px;\"><\/div>\n<div class=\"risk-text\">\n<h5 class=\"section-title\">Infecci\u00f3n por virus del papiloma humano<\/h5>\n<p class=\"section-content\">La mayor\u00eda de los casos de c\u00e1ncer de ano (del 80 % al 90 %) se han asociado a infecciones por determinados tipos de virus del papiloma humano (VPH).  El VPH puede generar cambios precancerosos en el conducto anal que, con el tiempo, producen c\u00e1ncer de ano.<\/p>\n<\/div>\n<div class=\"clearboth\"><\/div>\n<\/div>\n<div class=\"divider\" id=\"\">\n\t\n\t<\/div>\n<div class=\"risk-factor\">\n<div class=\"risk-pic\">\n<div id=\"caption\" style=\"width: 195px\" class=\"wp-caption aligncenter\"><a href=\"\/wp-content\/uploads\/2013\/03\/Virus125.jpg\" title=\"Click Image to Enlarge.\"><img decoding=\"async\" aria-describedby=\"caption-caption\" src=\"\/wp-content\/uploads\/2013\/03\/Virus125.jpg\" class=\"aligncenter\" alt=\"Virus de Inmunodeficiencia Humana (VIH)\"><\/a><p id=\"caption-caption\" class=\"wp-caption-text\">Click Image to Enlarge.<\/p><\/div>\n<\/div>\n<div class=\"risk-text\">\n<h5 class=\"section-title\">Virus de Inmunodeficiencia Humana (VIH)<\/h5>\n<p class=\"section-content\">Se estima que entre 30 y 40% de las personas con SIDA contraen alg\u00fan tipo de c\u00e1ncer. El VIH es un precursor del SIDA, que debilita el sistema inmunol\u00f3gico y permite que el cuerpo contraiga f\u00e1cilmente infecciones y enfermedades. Entre los individuos con VIH, un estudio reciente mostr\u00f3 que la incidencia de c\u00e1ncer es del 4% al a\u00f1o.<\/p>\n<\/div>\n<div class=\"clearboth\"><\/div>\n<\/div>\n<div class=\"divider\" id=\"\">\n\t\n\t<\/div>\n<div class=\"risk-factor\">\n<div class=\"risk-pic\">\n<div style='width: 100%; display: flex; flex-wrap: wrap;'>\n<img decoding=\"async\" src=\"\/wp-content\/uploads\/2021\/05\/Asian-Woman-2.jpg\" alt=\"La edad\" class=\"aligncenter\" style=\"height:135px;\"\/><br \/>\n<img decoding=\"async\" src=\"\/wp-content\/uploads\/2013\/10\/OldMan127x175.png\" alt=\"La edad\" class=\"aligncenter\" style=\"height:135px;\"\/><\/p>\n<\/div>\n<\/div>\n<div class=\"risk-text\">\n<h5 class=\"section-title\">La edad<\/h5>\n<p class=\"section-content\">El riesgo de contraer c\u00e1ncer de ano aumenta con la edad.  La mayor\u00eda de las personas que padecen esta enfermedad son mayores de 50 a\u00f1os de edad.<\/p>\n<\/div>\n<div class=\"clearboth\"><\/div>\n<\/div>\n<div class=\"divider\" id=\"\">\n\t\n\t<\/div>\n<div class=\"risk-factor\">\n<div class=\"risk-pic\"><div id=\"caption\" style=\"width: 195px\" class=\"wp-caption aligncenter\"><a href=\"\/wp-content\/uploads\/sites\/4\/2015\/06\/Anal-Cancer-Anal-Irritation-es-1024x719.jpg\" title=\"Click Image to Enlarge.\"><img decoding=\"async\" aria-describedby=\"caption-caption\" src=\"\/wp-content\/uploads\/sites\/4\/2015\/06\/Anal-Cancer-Anal-Irritation-es-1024x719.jpg\" class=\"aligncenter\" alt=\"Irritaci\u00f3n cr\u00f3nica\" style=\"height:125px;\"><\/a><p id=\"caption-caption\" class=\"wp-caption-text\">Click Image to Enlarge.<\/p><\/div><\/div>\n<div class=\"risk-text\">\n<h5 class=\"section-title\">Irritaci\u00f3n cr\u00f3nica<\/h5>\n<p class=\"section-content\">Tener irritaci\u00f3n, enrojecimiento, hinchaz\u00f3n o dolor en el ano de manera cr\u00f3nica puede aumentar el riesgo de contraer c\u00e1ncer de ano.<\/p>\n<\/div>\n<div class=\"clearboth\"><\/div>\n<\/div>\n<div class=\"divider\" id=\"\">\n\t\n\t<\/div>\n<div class=\"risk-factor\">\n<div class=\"risk-pic\">\n\t\t<img decoding=\"async\" src=\"\/wp-content\/uploads\/2013\/03\/SexualBehavior.jpg\" alt=\"Diferentes parejas sexuales\" class=\"aligncenter\" style=\"height:125px;\"\/>\n\t<\/div>\n<div class=\"risk-text\">\n<h5 class=\"section-title\">\nTener m\u00e1s de 10 parejas sexuales y \/ o relaciones sexuales anales<\/h5>\n<p class=\"section-content\">\nEl comportamiento sexual riesgoso, como tener relaciones sexuales sin protecci\u00f3n, relaciones sexuales con personas con ETS, relaciones sexuales con muchas parejas o relaciones sexuales anales puede aumentar el riesgo de contraer una infecci\u00f3n por VPH, lo que puede aumentar el riesgo de desarrollar c\u00e1ncer anal.<\/p>\n<\/p><\/div>\n<div class=\"clearboth\"><\/div>\n<\/div>\n<div class=\"divider\" id=\"\">\n\t\n\t<\/div>\n<div class=\"risk-factor\">\n<div class=\"risk-pic\"><img decoding=\"async\" src=\"\/wp-content\/uploads\/2021\/06\/Black_teen_smoking.jpg\" class=\"aligncenter\" alt=\"Tabaquismo\" style=\"height:125px;\"><\/div>\n<div class=\"risk-text\">\n<h5 class=\"section-title\">Tabaquismo<\/h5>\n<p class=\"section-content\">El tabaquismo se ha asociado con un riesgo mayor de contraer c\u00e1ncer de ano.<\/p>\n<\/div>\n<div class=\"clearboth\"><\/div>\n<\/div>\n<div class=\"divider\" id=\"\">\n\t\n\t<\/div>\n<div class=\"risk-factor\">\n<div class=\"risk-pic\"><img decoding=\"async\" src=\"\/wp-content\/uploads\/2013\/03\/NightSweats150.png\" class=\"aligncenter\" alt=\"Inmunodeficiencia\" style=\"height:125px;\"><\/div>\n<div class=\"risk-text\">\n<h5 class=\"section-title\">Inmunodeficiencia<\/h5>\n<p class=\"section-content\">Las personas cuyos sistemas inmunitarios est\u00e1n debilitados a causa de trasplantes de \u00f3rganos, VIH\/SIDA y otras enfermedades autoinmunitarias pueden presentar un riesgo mayor de contraer c\u00e1ncer de ano.<\/p>\n<\/div>\n<div class=\"clearboth\"><\/div>\n<\/div>\n","protected":false},"excerpt":{"rendered":"<p>Factores de riesgo Un factor de riesgo hace referencia a una caracter\u00edstica, una conducta o una afecci\u00f3n que aumenta las posibilidades de contraer una enfermedad. A continuaci\u00f3n, se detallan algunos factores de riesgo conocidos que pueden incidir en la aparici\u00f3n del c\u00e1ncer de ano: Infecci\u00f3n por virus del papiloma humano La mayor\u00eda de los casos [&hellip;]<\/p>\n","protected":false},"author":5,"featured_media":0,"parent":14693,"menu_order":2,"comment_status":"closed","ping_status":"open","template":"template-tumor.php","meta":{"footnotes":""},"tags":[10],"class_list":["post-14697","page","type-page","status-publish","hentry","tag-members-only"],"yoast_head":"<!-- This site is optimized with the Yoast SEO plugin v25.0 - https:\/\/yoast.com\/wordpress\/plugins\/seo\/ -->\n<title>CMedEd | Informaci\u00f3n para comprender el c\u00e1ncer de ano | Factores de riesgo<\/title>\n<meta name=\"description\" content=\"Factores de riesgo Un factor de riesgo hace referencia a una caracter\u00edstica, una conducta o una afecci\u00f3n que aumenta las posibilidades de contraer una\" \/>\n<meta name=\"robots\" content=\"index, follow, max-snippet:-1, max-image-preview:large, max-video-preview:-1\" \/>\n<link rel=\"canonical\" href=\"https:\/\/cmeded.com\/es\/gastrointestinal\/understanding-anal-cancer\/risk-factors\/\" \/>\n<meta property=\"og:locale\" content=\"es_ES\" \/>\n<meta property=\"og:type\" content=\"article\" \/>\n<meta property=\"og:title\" content=\"CMedEd | Informaci\u00f3n para comprender el c\u00e1ncer de ano | Factores de riesgo\" \/>\n<meta property=\"og:description\" content=\"Factores de riesgo Un factor de riesgo hace referencia a una caracter\u00edstica, una conducta o una afecci\u00f3n que aumenta las posibilidades de contraer una\" \/>\n<meta property=\"og:url\" content=\"https:\/\/cmeded.com\/es\/gastrointestinal\/understanding-anal-cancer\/risk-factors\/\" \/>\n<meta property=\"og:site_name\" content=\"CMedEd\" \/>\n<meta property=\"article:modified_time\" content=\"2023-08-24T23:50:15+00:00\" \/>\n<meta name=\"twitter:card\" content=\"summary_large_image\" \/>\n<meta name=\"twitter:label1\" content=\"Tiempo de lectura\" \/>\n\t<meta name=\"twitter:data1\" content=\"2 minutos\" \/>\n<script type=\"application\/ld+json\" class=\"yoast-schema-graph\">{\"@context\":\"https:\/\/schema.org\",\"@graph\":[{\"@type\":\"WebPage\",\"@id\":\"https:\/\/cmeded.com\/es\/gastrointestinal\/understanding-anal-cancer\/risk-factors\/\",\"url\":\"https:\/\/cmeded.com\/es\/gastrointestinal\/understanding-anal-cancer\/risk-factors\/\",\"name\":\"CMedEd | Informaci\u00f3n para comprender el c\u00e1ncer de ano | Factores de riesgo\",\"isPartOf\":{\"@id\":\"https:\/\/cmeded.com\/es\/#website\"},\"datePublished\":\"2014-02-14T18:54:59+00:00\",\"dateModified\":\"2023-08-24T23:50:15+00:00\",\"description\":\"Factores de riesgo Un factor de riesgo hace referencia a una caracter\u00edstica, una conducta o una afecci\u00f3n que aumenta las posibilidades de contraer una\",\"breadcrumb\":{\"@id\":\"https:\/\/cmeded.com\/es\/gastrointestinal\/understanding-anal-cancer\/risk-factors\/#breadcrumb\"},\"inLanguage\":\"es\",\"potentialAction\":[{\"@type\":\"ReadAction\",\"target\":[\"https:\/\/cmeded.com\/es\/gastrointestinal\/understanding-anal-cancer\/risk-factors\/\"]}]},{\"@type\":\"BreadcrumbList\",\"@id\":\"https:\/\/cmeded.com\/es\/gastrointestinal\/understanding-anal-cancer\/risk-factors\/#breadcrumb\",\"itemListElement\":[{\"@type\":\"ListItem\",\"position\":1,\"name\":\"Home\",\"item\":\"https:\/\/cmeded.com\/es\/\"},{\"@type\":\"ListItem\",\"position\":2,\"name\":\"Gastrointestinal\",\"item\":\"https:\/\/cmeded.com\/es\/gastrointestinal\/\"},{\"@type\":\"ListItem\",\"position\":3,\"name\":\"Informaci\u00f3n para comprender el c\u00e1ncer de ano\",\"item\":\"https:\/\/cmeded.com\/es\/gastrointestinal\/understanding-anal-cancer\/\"},{\"@type\":\"ListItem\",\"position\":4,\"name\":\"Factores de riesgo\"}]},{\"@type\":\"WebSite\",\"@id\":\"https:\/\/cmeded.com\/es\/#website\",\"url\":\"https:\/\/cmeded.com\/es\/\",\"name\":\"CMedEd\",\"description\":\"Recurso principal de informaci\u00f3n sobre el c\u00e1ncer\",\"potentialAction\":[{\"@type\":\"SearchAction\",\"target\":{\"@type\":\"EntryPoint\",\"urlTemplate\":\"https:\/\/cmeded.com\/es\/?s={search_term_string}\"},\"query-input\":{\"@type\":\"PropertyValueSpecification\",\"valueRequired\":true,\"valueName\":\"search_term_string\"}}],\"inLanguage\":\"es\"}]}<\/script>\n<!-- \/ Yoast SEO plugin. -->","yoast_head_json":{"title":"CMedEd | Informaci\u00f3n para comprender el c\u00e1ncer de ano | Factores de riesgo","description":"Factores de riesgo Un factor de riesgo hace referencia a una caracter\u00edstica, una conducta o una afecci\u00f3n que aumenta las posibilidades de contraer una","robots":{"index":"index","follow":"follow","max-snippet":"max-snippet:-1","max-image-preview":"max-image-preview:large","max-video-preview":"max-video-preview:-1"},"canonical":"https:\/\/cmeded.com\/es\/gastrointestinal\/understanding-anal-cancer\/risk-factors\/","og_locale":"es_ES","og_type":"article","og_title":"CMedEd | Informaci\u00f3n para comprender el c\u00e1ncer de ano | Factores de riesgo","og_description":"Factores de riesgo Un factor de riesgo hace referencia a una caracter\u00edstica, una conducta o una afecci\u00f3n que aumenta las posibilidades de contraer una","og_url":"https:\/\/cmeded.com\/es\/gastrointestinal\/understanding-anal-cancer\/risk-factors\/","og_site_name":"CMedEd","article_modified_time":"2023-08-24T23:50:15+00:00","twitter_card":"summary_large_image","twitter_misc":{"Tiempo de lectura":"2 minutos"},"schema":{"@context":"https:\/\/schema.org","@graph":[{"@type":"WebPage","@id":"https:\/\/cmeded.com\/es\/gastrointestinal\/understanding-anal-cancer\/risk-factors\/","url":"https:\/\/cmeded.com\/es\/gastrointestinal\/understanding-anal-cancer\/risk-factors\/","name":"CMedEd | Informaci\u00f3n para comprender el c\u00e1ncer de ano | Factores de riesgo","isPartOf":{"@id":"https:\/\/cmeded.com\/es\/#website"},"datePublished":"2014-02-14T18:54:59+00:00","dateModified":"2023-08-24T23:50:15+00:00","description":"Factores de riesgo Un factor de riesgo hace referencia a una caracter\u00edstica, una conducta o una afecci\u00f3n que aumenta las posibilidades de contraer una","breadcrumb":{"@id":"https:\/\/cmeded.com\/es\/gastrointestinal\/understanding-anal-cancer\/risk-factors\/#breadcrumb"},"inLanguage":"es","potentialAction":[{"@type":"ReadAction","target":["https:\/\/cmeded.com\/es\/gastrointestinal\/understanding-anal-cancer\/risk-factors\/"]}]},{"@type":"BreadcrumbList","@id":"https:\/\/cmeded.com\/es\/gastrointestinal\/understanding-anal-cancer\/risk-factors\/#breadcrumb","itemListElement":[{"@type":"ListItem","position":1,"name":"Home","item":"https:\/\/cmeded.com\/es\/"},{"@type":"ListItem","position":2,"name":"Gastrointestinal","item":"https:\/\/cmeded.com\/es\/gastrointestinal\/"},{"@type":"ListItem","position":3,"name":"Informaci\u00f3n para comprender el c\u00e1ncer de ano","item":"https:\/\/cmeded.com\/es\/gastrointestinal\/understanding-anal-cancer\/"},{"@type":"ListItem","position":4,"name":"Factores de riesgo"}]},{"@type":"WebSite","@id":"https:\/\/cmeded.com\/es\/#website","url":"https:\/\/cmeded.com\/es\/","name":"CMedEd","description":"Recurso principal de informaci\u00f3n sobre el c\u00e1ncer","potentialAction":[{"@type":"SearchAction","target":{"@type":"EntryPoint","urlTemplate":"https:\/\/cmeded.com\/es\/?s={search_term_string}"},"query-input":{"@type":"PropertyValueSpecification","valueRequired":true,"valueName":"search_term_string"}}],"inLanguage":"es"}]}},"_links":{"self":[{"href":"https:\/\/cmeded.com\/es\/wp-json\/wp\/v2\/pages\/14697","targetHints":{"allow":["GET"]}}],"collection":[{"href":"https:\/\/cmeded.com\/es\/wp-json\/wp\/v2\/pages"}],"about":[{"href":"https:\/\/cmeded.com\/es\/wp-json\/wp\/v2\/types\/page"}],"author":[{"embeddable":true,"href":"https:\/\/cmeded.com\/es\/wp-json\/wp\/v2\/users\/5"}],"replies":[{"embeddable":true,"href":"https:\/\/cmeded.com\/es\/wp-json\/wp\/v2\/comments?post=14697"}],"version-history":[{"count":0,"href":"https:\/\/cmeded.com\/es\/wp-json\/wp\/v2\/pages\/14697\/revisions"}],"up":[{"embeddable":true,"href":"https:\/\/cmeded.com\/es\/wp-json\/wp\/v2\/pages\/14693"}],"wp:attachment":[{"href":"https:\/\/cmeded.com\/es\/wp-json\/wp\/v2\/media?parent=14697"}],"wp:term":[{"taxonomy":"post_tag","embeddable":true,"href":"https:\/\/cmeded.com\/es\/wp-json\/wp\/v2\/tags?post=14697"}],"curies":[{"name":"wp","href":"https:\/\/api.w.org\/{rel}","templated":true}]}}