{"id":14609,"date":"2014-02-14T10:02:43","date_gmt":"2014-02-14T16:02:43","guid":{"rendered":"http:\/\/www.cmeded.com\/?page_id=14609"},"modified":"2023-08-24T18:50:16","modified_gmt":"2023-08-24T23:50:16","slug":"diagnosis","status":"publish","type":"page","link":"https:\/\/cmeded.com\/es\/gastrointestinal\/understanding-small-intestine-cancer\/diagnosis\/","title":{"rendered":"Diagn\u00f3stico"},"content":{"rendered":"<h4 class=\"section-title\">Diagn\u00f3stico<\/h4>\n<p class=\"section-content\">Si usted tiene alguno de los s\u00edntomas de c\u00e1ncer de intestino delgado, el m\u00e9dico anotar\u00e1 todos sus antecedentes m\u00e9dicos y le realizar\u00e1 un examen f\u00edsico para buscar alg\u00fan s\u00edntoma que pueda ser causado por un tumor en los intestinos.  Es posible que el m\u00e9dico le recomiende algunos de los siguientes procedimientos o pruebas:<\/p>\n<div class=\"divider\" id=\"\">\n\t\n\t<\/div>\n<div class=\"risk-factor\">\n<div class=\"symp-pic\"><img decoding=\"async\" src=\"\/wp-content\/uploads\/2013\/03\/TestTubes1502.jpg\" class=\"aligncenter\" alt=\"An\u00e1lisis de sangre\" style=\"height:150px;\"\/><\/div>\n<div class=\"risk-text-wrap\">\n<h5 class=\"section-title\">An\u00e1lisis de sangre<\/h5>\n<p class=\"section-content\">El m\u00e9dico puede indicarle un hemograma completo para medir los niveles de las c\u00e9lulas en la sangre.  Un tumor en el intestino delgado puede provocar sangrado en los intestinos, lo cual, a su vez, puede producir anemia (n\u00famero bajo de gl\u00f3bulos rojos).  El m\u00e9dico tambi\u00e9n puede prescribir un an\u00e1lisis bioqu\u00edmico de sangre para controlar la funci\u00f3n de diferentes \u00f3rganos (como el h\u00edgado) que pueda verse afectada por un c\u00e1ncer de intestino delgado.<\/p>\n<\/div>\n<div class=\"clearboth\"><\/div>\n<\/div>\n<div class=\"divider\" id=\"\">\n\t\n\t<\/div>\n<div class=\"risk-factor\">\n<div class=\"symp-pic\"><div id=\"caption\" style=\"width: 195px\" class=\"wp-caption aligncenter\"><a href=\"\/wp-content\/uploads\/2014\/07\/Barium-Swallow2.jpg\" title=\"Click Image to Enlarge.\"><img decoding=\"async\" aria-describedby=\"caption-caption\" src=\"\/wp-content\/uploads\/2014\/07\/Barium-Swallow2-205x250.jpg\" class=\"aligncenter\" alt=\"Esofagograf\u00eda con contraste de bario y seguimiento del intestino delgado\" style=\"height:150px;\"\/><\/a><p id=\"caption-caption\" class=\"wp-caption-text\">Click Image to Enlarge.<\/p><\/div><\/div>\n<div class=\"risk-text-wrap\">\n<h5 class=\"section-title\">Esofagograf\u00eda con contraste de bario y seguimiento del intestino delgado<\/h5>\n<p class=\"section-content\">Para esta prueba, el paciente bebe un l\u00edquido blanco y lechoso llamado \"bario\" y se somete a una serie de radiograf\u00edas. El bario cubre la parte interna de los intestinos y los delinea claramente en las radiograf\u00edas, lo cual permite que el m\u00e9dico identifique f\u00e1cilmente cualquier anomal\u00eda.<\/p>\n<\/div>\n<div class=\"clearboth\"><\/div>\n<\/div>\n<div class=\"divider\" id=\"\">\n\t\n\t<\/div>\n<div class=\"risk-factor\">\n<div class=\"symp-pic\" ><div id=\"caption\" style=\"width: 195px\" class=\"wp-caption aligncenter\"><a href=\"\/wp-content\/uploads\/2014\/05\/Endoscopy.jpg\" title=\"Click Image to Enlarge.\"><img decoding=\"async\" aria-describedby=\"caption-caption\" src=\"\/wp-content\/uploads\/2014\/02\/Endoscopy150.jpg\" class=\"aligncenter\" alt=\"Endoscop\u00eda superior\" style=\"height:150px;\"\/><\/a><p id=\"caption-caption\" class=\"wp-caption-text\">Click Image to Enlarge.<\/p><\/div><\/div>\n<div class=\"risk-text-wrap\">\n<h5 class=\"section-title\">Endoscop\u00eda superior<\/h5>\n<p class=\"section-content\">Para este procedimiento, el m\u00e9dico utiliza un endoscopio, un tubo delgado y flexible con una c\u00e1mara y una luz en el extremo, para examinar el es\u00f3fago, el est\u00f3mago y la primera secci\u00f3n del intestino delgado (duodeno).  El m\u00e9dico introduce un endoscopio por la nariz o la boca del paciente y lo gu\u00eda a trav\u00e9s del tubo digestivo en direcci\u00f3n al intestino delgado. El endoscopio tambi\u00e9n puede usarse para extraer muestras de cualquier tejido sospechoso.<\/p>\n<\/div>\n<div class=\"clearboth\"><\/div>\n<\/div>\n<div class=\"divider\" id=\"\">\n\t\n\t<\/div>\n<div class=\"risk-factor\">\n<div class=\"symp-pic\"><div id=\"endoscopy\" style=\"width: 195px\" class=\"wp-caption center aligncenter\"><a href=\"\/wp-content\/uploads\/sites\/4\/2015\/07\/Capsule-Endoscopy-es.jpg\" title=\"Click Image to Enlarge.\"><img decoding=\"async\" aria-describedby=\"caption-endoscopy\" src=\"\/wp-content\/uploads\/sites\/4\/2015\/07\/Capsule-Endoscopy-es.jpg\" class=\"aligncenter\" alt=\"Endoscop\u00eda con c\u00e1psula\" style=\"max-height:150px;\"\/><\/a><p id=\"caption-endoscopy\" class=\"wp-caption-text\">Click Image to Enlarge.<\/p><\/div><\/div>\n<div class=\"risk-text-wrap\">\n<h5 class=\"section-title\">Endoscop\u00eda con c\u00e1psula<\/h5>\n<p class=\"section-content\">Para este procedimiento, el paciente ingiere una c\u00e1psula peque\u00f1a con una c\u00e1mara y una luz.  A medida que la c\u00e1psula recorre el intestino delgado, toma im\u00e1genes y las env\u00eda a un dispositivo.  El m\u00e9dico luego puede descargar las im\u00e1genes del dispositivo y examinarlas en busca de signos de c\u00e1ncer.  M\u00e1s tarde, la c\u00e1psula sale del cuerpo durante la deposici\u00f3n.<\/p>\n<\/div>\n<div class=\"clearboth\"><\/div>\n<\/div>\n<div class=\"divider\" id=\"\">\n\t\n\t<\/div>\n<div class=\"risk-factor\">\n<div class=\"symp-pic\"><div id=\"doubleballoon\" style=\"width: 195px\" class=\"wp-caption center aligncenter\"><a href=\"\/wp-content\/uploads\/sites\/4\/2015\/07\/Double-Balloon-Endoscopy-es.jpg\" title=\"Click Image to Enlarge.\"><img decoding=\"async\" aria-describedby=\"caption-doubleballoon\" src=\"\/wp-content\/uploads\/sites\/4\/2015\/07\/Double-Balloon-Endoscopy-es.jpg\" class=\"aligncenter\" alt=\"Endoscop\u00eda de doble globo\" style=\"height:150px;\"\/><\/a><p id=\"caption-doubleballoon\" class=\"wp-caption-text\">Click Image to Enlarge.<\/p><\/div><\/div>\n<div class=\"risk-text-wrap\">\n<h5 class=\"section-title\">Endoscop\u00eda de doble globo<\/h5>\n<p class=\"section-content\">Este procedimiento permite que el m\u00e9dico vea el intestino delgado a trav\u00e9s de un endoscopio especial con dos tubos, uno dentro de otro.  El m\u00e9dico pasa el primer tubo (interno) por el intestino delgado.  Luego, el m\u00e9dico infla un globo para que el primer tubo se mantenga en su lugar mientras pasa el segundo tubo por el intestino delgado.  El m\u00e9dico repite este proceso muchas veces, hasta examinar aproximadamente 30 cm de intestino por vez.  La ventaja de este procedimiento frente a la endoscop\u00eda con c\u00e1psula es que le permite al m\u00e9dico tomar una muestra para biopsia de cualquier tejido sospechoso que encuentre.<\/p>\n<\/div>\n<div class=\"clearboth\"><\/div>\n<\/div>\n<div class=\"divider\" id=\"\">\n\t\n\t<\/div>\n<div class=\"risk-factor\">\n<div class=\"symp-pic\"><img decoding=\"async\" src=\"\/wp-content\/uploads\/2016\/06\/CT.jpg\" class=\"aligncenter\" alt=\"Tomograf\u00eda computarizada\" style=\"height:150px;\"\/><\/div>\n<div class=\"risk-text-wrap\">\n<h5 class=\"section-title\">Tomograf\u00eda computarizada<\/h5>\n<p class=\"section-content\">Para una tomograf\u00eda computarizada (TC), el paciente se recuesta boca arriba en una mesa mientras un aparato gira alrededor de su cuerpo y toma im\u00e1genes. El aparato produce im\u00e1genes transversales detalladas del cuerpo, lo cual le permite al m\u00e9dico estudiar \u00e1reas espec\u00edficas.  El m\u00e9dico puede recomendar una TC para detectar si hay alg\u00fan bloqueo o alguna obstrucci\u00f3n que provoca el dolor abdominal.  Una TC ayuda a determinar el estadio de la enfermedad.<\/p>\n<\/div>\n<div class=\"clearboth\"><\/div>\n<\/div>\n<div class=\"divider\" id=\"\">\n\t\n\t<\/div>\n<div class=\"risk-factor\">\n<div class=\"symp-pic\"><img decoding=\"async\" src=\"\/wp-content\/uploads\/2014\/02\/MRI-Machine-175.jpg\" class=\"aligncenter\" alt=\"Resonancia magn\u00e9tica\" style=\"height:150px;\"\/><\/div>\n<div class=\"risk-text-wrap\">\n<h5 class=\"section-title\">Resonancia magn\u00e9tica<\/h5>\n<p class=\"section-content\">En la resonancia magn\u00e9tica (RM) se utilizan ondas de radio y un im\u00e1n potente para crear im\u00e1genes claras y detalladas del cuerpo. El organismo absorbe las ondas de radio, que se liberan siguiendo un patr\u00f3n determinado que es interpretado por una computadora para mostrar cortes del cuerpo humano. Los m\u00e9dicos emplean la RM en los casos de c\u00e1ncer de intestino delgado para obtener una mejor visualizaci\u00f3n del h\u00edgado.<\/p>\n<\/div>\n<div class=\"clearboth\"><\/div>\n<\/div>\n<div class=\"divider\" id=\"\">\n\t\n\t<\/div>\n<div class=\"risk-factor\">\n<div class=\"symp-pic\"><img decoding=\"async\" src=\"\/wp-content\/uploads\/2013\/05\/MicroscopeSlide1751.jpg\" class=\"aligncenter\" alt=\"Biopsia\" style=\"height:150px;\"\/><\/div>\n<div class=\"risk-text-wrap\">\n<h5 class=\"section-title\">Biopsia<\/h5>\n<p class=\"section-content\">Si alguna de estas pruebas de diagn\u00f3stico indica que hay c\u00e1ncer, el m\u00e9dico le realizar\u00e1 una biopsia para estar seguro. El m\u00e9dico le extraer\u00e1 una muestra de tejido para que un  pat\u00f3logo la analice al microscopio y determine si contiene c\u00e9lulas cancerosas. La biopsia constituye la \u00fanica manera de comprobar un diagn\u00f3stico de c\u00e1ncer. Puede realizarse durante una endoscop\u00eda o a trav\u00e9s de una intervenci\u00f3n quir\u00fargica si no es posible llegar hasta el tumor con un endoscopio.<\/p>\n<\/div>\n<div class=\"clearboth\"><\/div>\n<\/div>\n","protected":false},"excerpt":{"rendered":"<p>Diagn\u00f3stico Si usted tiene alguno de los s\u00edntomas de c\u00e1ncer de intestino delgado, el m\u00e9dico anotar\u00e1 todos sus antecedentes m\u00e9dicos y le realizar\u00e1 un examen f\u00edsico para buscar alg\u00fan s\u00edntoma que pueda ser causado por un tumor en los intestinos. Es posible que el m\u00e9dico le recomiende algunos de los siguientes procedimientos o pruebas: An\u00e1lisis [&hellip;]<\/p>\n","protected":false},"author":5,"featured_media":0,"parent":14554,"menu_order":4,"comment_status":"closed","ping_status":"open","template":"template-tumor.php","meta":{"footnotes":""},"tags":[10],"class_list":["post-14609","page","type-page","status-publish","hentry","tag-members-only"],"yoast_head":"<!-- This site is optimized with the Yoast SEO plugin v25.0 - https:\/\/yoast.com\/wordpress\/plugins\/seo\/ -->\n<title>CMedEd | Informaci\u00f3n para comprender el c\u00e1ncer de intestino delgado | Diagn\u00f3stico<\/title>\n<meta name=\"description\" content=\"Diagn\u00f3stico Si usted tiene alguno de los s\u00edntomas de c\u00e1ncer de intestino delgado, el m\u00e9dico anotar\u00e1 todos sus antecedentes m\u00e9dicos y le realizar\u00e1 un\" \/>\n<meta name=\"robots\" content=\"index, follow, max-snippet:-1, max-image-preview:large, max-video-preview:-1\" \/>\n<link rel=\"canonical\" href=\"https:\/\/cmeded.com\/es\/gastrointestinal\/understanding-small-intestine-cancer\/diagnosis\/\" \/>\n<meta property=\"og:locale\" content=\"es_ES\" \/>\n<meta property=\"og:type\" content=\"article\" \/>\n<meta property=\"og:title\" content=\"CMedEd | Informaci\u00f3n para comprender el c\u00e1ncer de intestino delgado | Diagn\u00f3stico\" \/>\n<meta property=\"og:description\" content=\"Diagn\u00f3stico Si usted tiene alguno de los s\u00edntomas de c\u00e1ncer de intestino delgado, el m\u00e9dico anotar\u00e1 todos sus antecedentes m\u00e9dicos y le realizar\u00e1 un\" \/>\n<meta property=\"og:url\" content=\"https:\/\/cmeded.com\/es\/gastrointestinal\/understanding-small-intestine-cancer\/diagnosis\/\" \/>\n<meta property=\"og:site_name\" content=\"CMedEd\" \/>\n<meta property=\"article:modified_time\" content=\"2023-08-24T23:50:16+00:00\" \/>\n<meta name=\"twitter:card\" content=\"summary_large_image\" \/>\n<meta name=\"twitter:label1\" content=\"Tiempo de lectura\" \/>\n\t<meta name=\"twitter:data1\" content=\"4 minutos\" \/>\n<script type=\"application\/ld+json\" class=\"yoast-schema-graph\">{\"@context\":\"https:\/\/schema.org\",\"@graph\":[{\"@type\":\"WebPage\",\"@id\":\"https:\/\/cmeded.com\/es\/gastrointestinal\/understanding-small-intestine-cancer\/diagnosis\/\",\"url\":\"https:\/\/cmeded.com\/es\/gastrointestinal\/understanding-small-intestine-cancer\/diagnosis\/\",\"name\":\"CMedEd | Informaci\u00f3n para comprender el c\u00e1ncer de intestino delgado | Diagn\u00f3stico\",\"isPartOf\":{\"@id\":\"https:\/\/cmeded.com\/es\/#website\"},\"datePublished\":\"2014-02-14T16:02:43+00:00\",\"dateModified\":\"2023-08-24T23:50:16+00:00\",\"description\":\"Diagn\u00f3stico Si usted tiene alguno de los s\u00edntomas de c\u00e1ncer de intestino delgado, el m\u00e9dico anotar\u00e1 todos sus antecedentes m\u00e9dicos y le realizar\u00e1 un\",\"breadcrumb\":{\"@id\":\"https:\/\/cmeded.com\/es\/gastrointestinal\/understanding-small-intestine-cancer\/diagnosis\/#breadcrumb\"},\"inLanguage\":\"es\",\"potentialAction\":[{\"@type\":\"ReadAction\",\"target\":[\"https:\/\/cmeded.com\/es\/gastrointestinal\/understanding-small-intestine-cancer\/diagnosis\/\"]}]},{\"@type\":\"BreadcrumbList\",\"@id\":\"https:\/\/cmeded.com\/es\/gastrointestinal\/understanding-small-intestine-cancer\/diagnosis\/#breadcrumb\",\"itemListElement\":[{\"@type\":\"ListItem\",\"position\":1,\"name\":\"Home\",\"item\":\"https:\/\/cmeded.com\/es\/\"},{\"@type\":\"ListItem\",\"position\":2,\"name\":\"Gastrointestinal\",\"item\":\"https:\/\/cmeded.com\/es\/gastrointestinal\/\"},{\"@type\":\"ListItem\",\"position\":3,\"name\":\"Informaci\u00f3n para comprender el c\u00e1ncer de intestino delgado\",\"item\":\"https:\/\/cmeded.com\/es\/gastrointestinal\/understanding-small-intestine-cancer\/\"},{\"@type\":\"ListItem\",\"position\":4,\"name\":\"Diagn\u00f3stico\"}]},{\"@type\":\"WebSite\",\"@id\":\"https:\/\/cmeded.com\/es\/#website\",\"url\":\"https:\/\/cmeded.com\/es\/\",\"name\":\"CMedEd\",\"description\":\"Recurso principal de informaci\u00f3n sobre el c\u00e1ncer\",\"potentialAction\":[{\"@type\":\"SearchAction\",\"target\":{\"@type\":\"EntryPoint\",\"urlTemplate\":\"https:\/\/cmeded.com\/es\/?s={search_term_string}\"},\"query-input\":{\"@type\":\"PropertyValueSpecification\",\"valueRequired\":true,\"valueName\":\"search_term_string\"}}],\"inLanguage\":\"es\"}]}<\/script>\n<!-- \/ Yoast SEO plugin. -->","yoast_head_json":{"title":"CMedEd | Informaci\u00f3n para comprender el c\u00e1ncer de intestino delgado | Diagn\u00f3stico","description":"Diagn\u00f3stico Si usted tiene alguno de los s\u00edntomas de c\u00e1ncer de intestino delgado, el m\u00e9dico anotar\u00e1 todos sus antecedentes m\u00e9dicos y le realizar\u00e1 un","robots":{"index":"index","follow":"follow","max-snippet":"max-snippet:-1","max-image-preview":"max-image-preview:large","max-video-preview":"max-video-preview:-1"},"canonical":"https:\/\/cmeded.com\/es\/gastrointestinal\/understanding-small-intestine-cancer\/diagnosis\/","og_locale":"es_ES","og_type":"article","og_title":"CMedEd | Informaci\u00f3n para comprender el c\u00e1ncer de intestino delgado | Diagn\u00f3stico","og_description":"Diagn\u00f3stico Si usted tiene alguno de los s\u00edntomas de c\u00e1ncer de intestino delgado, el m\u00e9dico anotar\u00e1 todos sus antecedentes m\u00e9dicos y le realizar\u00e1 un","og_url":"https:\/\/cmeded.com\/es\/gastrointestinal\/understanding-small-intestine-cancer\/diagnosis\/","og_site_name":"CMedEd","article_modified_time":"2023-08-24T23:50:16+00:00","twitter_card":"summary_large_image","twitter_misc":{"Tiempo de lectura":"4 minutos"},"schema":{"@context":"https:\/\/schema.org","@graph":[{"@type":"WebPage","@id":"https:\/\/cmeded.com\/es\/gastrointestinal\/understanding-small-intestine-cancer\/diagnosis\/","url":"https:\/\/cmeded.com\/es\/gastrointestinal\/understanding-small-intestine-cancer\/diagnosis\/","name":"CMedEd | Informaci\u00f3n para comprender el c\u00e1ncer de intestino delgado | Diagn\u00f3stico","isPartOf":{"@id":"https:\/\/cmeded.com\/es\/#website"},"datePublished":"2014-02-14T16:02:43+00:00","dateModified":"2023-08-24T23:50:16+00:00","description":"Diagn\u00f3stico Si usted tiene alguno de los s\u00edntomas de c\u00e1ncer de intestino delgado, el m\u00e9dico anotar\u00e1 todos sus antecedentes m\u00e9dicos y le realizar\u00e1 un","breadcrumb":{"@id":"https:\/\/cmeded.com\/es\/gastrointestinal\/understanding-small-intestine-cancer\/diagnosis\/#breadcrumb"},"inLanguage":"es","potentialAction":[{"@type":"ReadAction","target":["https:\/\/cmeded.com\/es\/gastrointestinal\/understanding-small-intestine-cancer\/diagnosis\/"]}]},{"@type":"BreadcrumbList","@id":"https:\/\/cmeded.com\/es\/gastrointestinal\/understanding-small-intestine-cancer\/diagnosis\/#breadcrumb","itemListElement":[{"@type":"ListItem","position":1,"name":"Home","item":"https:\/\/cmeded.com\/es\/"},{"@type":"ListItem","position":2,"name":"Gastrointestinal","item":"https:\/\/cmeded.com\/es\/gastrointestinal\/"},{"@type":"ListItem","position":3,"name":"Informaci\u00f3n para comprender el c\u00e1ncer de intestino delgado","item":"https:\/\/cmeded.com\/es\/gastrointestinal\/understanding-small-intestine-cancer\/"},{"@type":"ListItem","position":4,"name":"Diagn\u00f3stico"}]},{"@type":"WebSite","@id":"https:\/\/cmeded.com\/es\/#website","url":"https:\/\/cmeded.com\/es\/","name":"CMedEd","description":"Recurso principal de informaci\u00f3n sobre el c\u00e1ncer","potentialAction":[{"@type":"SearchAction","target":{"@type":"EntryPoint","urlTemplate":"https:\/\/cmeded.com\/es\/?s={search_term_string}"},"query-input":{"@type":"PropertyValueSpecification","valueRequired":true,"valueName":"search_term_string"}}],"inLanguage":"es"}]}},"_links":{"self":[{"href":"https:\/\/cmeded.com\/es\/wp-json\/wp\/v2\/pages\/14609","targetHints":{"allow":["GET"]}}],"collection":[{"href":"https:\/\/cmeded.com\/es\/wp-json\/wp\/v2\/pages"}],"about":[{"href":"https:\/\/cmeded.com\/es\/wp-json\/wp\/v2\/types\/page"}],"author":[{"embeddable":true,"href":"https:\/\/cmeded.com\/es\/wp-json\/wp\/v2\/users\/5"}],"replies":[{"embeddable":true,"href":"https:\/\/cmeded.com\/es\/wp-json\/wp\/v2\/comments?post=14609"}],"version-history":[{"count":0,"href":"https:\/\/cmeded.com\/es\/wp-json\/wp\/v2\/pages\/14609\/revisions"}],"up":[{"embeddable":true,"href":"https:\/\/cmeded.com\/es\/wp-json\/wp\/v2\/pages\/14554"}],"wp:attachment":[{"href":"https:\/\/cmeded.com\/es\/wp-json\/wp\/v2\/media?parent=14609"}],"wp:term":[{"taxonomy":"post_tag","embeddable":true,"href":"https:\/\/cmeded.com\/es\/wp-json\/wp\/v2\/tags?post=14609"}],"curies":[{"name":"wp","href":"https:\/\/api.w.org\/{rel}","templated":true}]}}