{"id":14539,"date":"2014-02-13T11:19:12","date_gmt":"2014-02-13T17:19:12","guid":{"rendered":"http:\/\/www.cmeded.com\/?page_id=14539"},"modified":"2025-04-23T01:56:20","modified_gmt":"2025-04-23T06:56:20","slug":"diagnosis","status":"publish","type":"page","link":"https:\/\/cmeded.com\/es\/endocrine\/understanding-parathyroid-cancer\/diagnosis\/","title":{"rendered":"Diagn\u00f3stico"},"content":{"rendered":"<h4 id=\"symptoms\" class=\"section-title\">Diagn\u00f3stico<\/h4>\n<p class=\"section-content\">Si una persona tiene alg\u00fan s\u00edntoma de c\u00e1ncer paratiroideo, el m\u00e9dico debe realizarle un examen f\u00edsico y considerar todos sus antecedentes m\u00e9dicos.  Durante el examen f\u00edsico, el m\u00e9dico debe examinar detenidamente el cuello y la garganta en busca de protuberancias o inflamaci\u00f3n.  Si el m\u00e9dico piensa que existe un c\u00e1ncer paratiroideo, es posible que recomiende alguno de los siguientes procedimientos para diagnosticar la enfermedad:<\/p>\n<div class=\"divider\" id=\"\">\n\t\n\t<\/div>\n<div class=\"risk-factor\">\n<div class=\"symp-pic\"><img decoding=\"async\" src=\"\/wp-content\/uploads\/2013\/03\/TestTubes1502.jpg\" class=\"aligncenter\" alt=\"Prueba de la hormona paratiroidea\" style=\"height:150px\" \/><\/div>\n<div class=\"risk-text-wrap\">\n<h5 class=\"section-title\">Prueba de la hormona paratiroidea<\/h5>\n<p class=\"section-content\">El m\u00e9dico extrae una muestra de sangre y la lleva a analizar para detectar si hay niveles elevados de paratirina (PTH).  Esta afecci\u00f3n, conocida como \"hiperparatiroidismo\", casi siempre es provocada por adenomas paratiroideos benignos y, en algunos casos, tumores paratiroideos malignos.<\/p>\n<\/div>\n<div class=\"clearboth\"><\/div>\n<\/div>\n<div class=\"divider\" id=\"\">\n\t\n\t<\/div>\n<div class=\"risk-factor\">\n<div class=\"symp-pic\"><div id=\"caption\" style=\"width: 195px\" class=\"wp-caption aligncenter\"><a href=\"\/wp-content\/uploads\/2014\/07\/Blood-Chemistry.jpg\" title=\"Click Image to Enlarge.\"><img decoding=\"async\" aria-describedby=\"caption-caption\" src=\"\/wp-content\/uploads\/2014\/07\/Blood-Chemistry-175x200.jpg\" class=\"aligncenter\" alt=\"An\u00e1lisis bioqu\u00edmico en sangre\" style=\"height:150px\" \/><\/a><p id=\"caption-caption\" class=\"wp-caption-text\">Click Image to Enlarge.<\/p><\/div><\/div>\n<div class=\"risk-text-wrap\">\n<h5 class=\"section-title\">An\u00e1lisis bioqu\u00edmico en sangre<\/h5>\n<p class=\"section-content\">El m\u00e9dico controlar\u00e1 el nivel de calcio en la sangre y buscar\u00e1 alg\u00fan signo de hipercalcemia.  La hipercalcemia es una afecci\u00f3n en la que hay demasiado calcio en la sangre.  El aumento simult\u00e1neo de PTH y calcio en la sangre es un indicador importante de la posible presencia de un adenoma paratiroideo o c\u00e1ncer paratiroideo.  El m\u00e9dico tambi\u00e9n puede controlar los niveles de otras sustancias, como nitr\u00f3geno ureico en la sangre (blood urea nitrogen, BUN) y creatinina, para controlar la funci\u00f3n renal, que puede verse disminuida a causa de la hipercalcemia.<\/p>\n<\/div>\n<div class=\"clearboth\"><\/div>\n<\/div>\n<div class=\"divider\" id=\"\">\n\t\n\t<\/div>\n<div class=\"risk-factor\">\n<div class=\"symp-pic\"><div id=\"caption\" style=\"width: 260px\" class=\"wp-caption center aligncenter\"><a href=\"\/wp-content\/uploads\/sites\/4\/2015\/07\/Parathyroid-Sestamibi-es.jpg\" title=\"Click Image to Enlarge.\"><img decoding=\"async\" aria-describedby=\"caption-caption\" src=\"\/wp-content\/uploads\/sites\/4\/2015\/07\/Parathyroid-Sestamibi-es.jpg\" class=\"aligncenter squish-fix\" alt=\"Exploraci\u00f3n con sestamibi\" style=\"height:auto\" \/><\/a><p id=\"caption-caption\" class=\"wp-caption-text\">Click Image to Enlarge.<\/p><\/div><\/div>\n<div class=\"risk-text-wrap\">\n<h5 class=\"section-title\">Exploraci\u00f3n con sestamibi<\/h5>\n<p class=\"section-content\">Una exploraci\u00f3n con sestamibi ayuda a los m\u00e9dicos a localizar una gl\u00e1ndula paratiroidea hiperactiva.  Se inyecta una sustancia radiactiva en el torrente circulatorio del paciente, que se acumula en la gl\u00e1ndula hiperactiva.  La gl\u00e1ndula hiperactiva se ver\u00e1 bien iluminada en una prueba de diagn\u00f3stico por im\u00e1genes que detecta la radioactividad.<\/p>\n<\/div>\n<div class=\"clearboth\"><\/div>\n<\/div>\n<div class=\"divider\" id=\"\">\n\t\n\t<\/div>\n<div class=\"risk-factor\">\n<div class=\"symp-pic\"><div id=\"caption\" style=\"width: 259px\" class=\"wp-caption center aligncenter\"><a href=\"\/wp-content\/uploads\/sites\/4\/2015\/07\/Parathyroid-VenousSmplg-es.jpg\" title=\"Click Image to Enlarge.\"><img decoding=\"async\" aria-describedby=\"caption-caption\" src=\"\/wp-content\/uploads\/sites\/4\/2015\/07\/Parathyroid-VenousSmplg-es.jpg\" class=\"aligncenter squish-fix\" alt=\"Muestra venosa\" style=\"height:auto\" \/><\/a><p id=\"caption-caption\" class=\"wp-caption-text\">Click Image to Enlarge.<\/p><\/div><\/div>\n<div class=\"risk-text-wrap\">\n<h5 class=\"section-title\">Muestra venosa<\/h5>\n<p class=\"section-content\">Esta prueba se utiliza con poca frecuencia y suele realizarse en centros con amplia experiencia. El m\u00e9dico toma muestras de sangre de las venas cercanas a cada una de las cuatro gl\u00e1ndulas paratiroides y las analiza para detectar PTH y otras sustancias que podr\u00edan indicar c\u00e1ncer de paratiroides. El m\u00e9dico puede realizar este procedimiento si otras pruebas no detectan la hiperactividad de la gl\u00e1ndula paratiroides.<\/p>\n<\/div>\n<div class=\"clearboth\"><\/div>\n<\/div>\n<div class=\"divider\" id=\"\">\n\t\n\t<\/div>\n<div class=\"risk-factor\">\n<div class=\"symp-pic\"><img decoding=\"async\" src=\"\/wp-content\/uploads\/2016\/06\/CT.jpg\" class=\"aligncenter\" alt=\"Tomograf\u00eda computarizada\" style=\"height:150px\" \/><\/div>\n<div class=\"risk-text-wrap\">\n<h5 class=\"section-title\">Tomograf\u00eda computarizada del cuello<\/h5>\n<p class=\"section-content\">esta prueba radiogr\u00e1fica provee una aclaraci\u00f3n anat\u00f3mica de la zona en que se puede encontrar el tumor de paratiroides en relaci\u00f3n con otras estructuras del cuello. <\/p>\n<\/div>\n<div class=\"clearboth\"><\/div>\n<\/div>\n<div class=\"divider\" id=\"\">\n\t\n\t<\/div>\n<div class=\"risk-factor\">\n<div class=\"symp-pic\"><img decoding=\"async\" src=\"\/wp-content\/uploads\/2013\/10\/ThyroidUltrasound241x175.png\" class=\"aligncenter\" alt=\"Ecograf\u00eda\" style=\"height:150px\" \/><\/div>\n<div class=\"risk-text-wrap\">\n<h5 class=\"section-title\">Ecograf\u00eda<\/h5>\n<p class=\"section-content\">A ra\u00edz del ultrasonido, las ondas sonoras rebotan en las v\u00edsceras y crean ecos que forman una imagen.  Las ecograf\u00edas pueden ayudar a los m\u00e9dicos a localizar algunos tumores paratiroideos cerca de la superficie de la piel pero, en general, no son muy efectivas para diagnosticar esta enfermedad.<\/p>\n<\/div>\n<div class=\"clearboth\"><\/div>\n<\/div>\n","protected":false},"excerpt":{"rendered":"<p>Diagn\u00f3stico Si una persona tiene alg\u00fan s\u00edntoma de c\u00e1ncer paratiroideo, el m\u00e9dico debe realizarle un examen f\u00edsico y considerar todos sus antecedentes m\u00e9dicos. Durante el examen f\u00edsico, el m\u00e9dico debe examinar detenidamente el cuello y la garganta en busca de protuberancias o inflamaci\u00f3n. Si el m\u00e9dico piensa que existe un c\u00e1ncer paratiroideo, es posible que [&hellip;]<\/p>\n","protected":false},"author":5,"featured_media":0,"parent":14518,"menu_order":4,"comment_status":"closed","ping_status":"open","template":"template-tumor.php","meta":{"footnotes":""},"tags":[10],"class_list":["post-14539","page","type-page","status-publish","hentry","tag-members-only"],"yoast_head":"<!-- This site is optimized with the Yoast SEO plugin v25.0 - https:\/\/yoast.com\/wordpress\/plugins\/seo\/ -->\n<title>CMedEd | Informaci\u00f3n para comprender el c\u00e1ncer paratiroideo | Diagn\u00f3stico<\/title>\n<meta name=\"description\" content=\"Diagn\u00f3stico Si una persona tiene alg\u00fan s\u00edntoma de c\u00e1ncer paratiroideo, el m\u00e9dico debe realizarle un examen f\u00edsico y considerar todos sus antecedentes\" \/>\n<meta name=\"robots\" content=\"index, follow, max-snippet:-1, max-image-preview:large, max-video-preview:-1\" \/>\n<link rel=\"canonical\" href=\"https:\/\/cmeded.com\/es\/endocrine\/understanding-parathyroid-cancer\/diagnosis\/\" \/>\n<meta property=\"og:locale\" content=\"es_ES\" \/>\n<meta property=\"og:type\" content=\"article\" \/>\n<meta property=\"og:title\" content=\"CMedEd | Informaci\u00f3n para comprender el c\u00e1ncer paratiroideo | Diagn\u00f3stico\" \/>\n<meta property=\"og:description\" content=\"Diagn\u00f3stico Si una persona tiene alg\u00fan s\u00edntoma de c\u00e1ncer paratiroideo, el m\u00e9dico debe realizarle un examen f\u00edsico y considerar todos sus antecedentes\" \/>\n<meta property=\"og:url\" content=\"https:\/\/cmeded.com\/es\/endocrine\/understanding-parathyroid-cancer\/diagnosis\/\" \/>\n<meta property=\"og:site_name\" content=\"CMedEd\" \/>\n<meta property=\"article:modified_time\" content=\"2025-04-23T06:56:20+00:00\" \/>\n<meta name=\"twitter:card\" content=\"summary_large_image\" \/>\n<meta name=\"twitter:label1\" content=\"Tiempo de lectura\" \/>\n\t<meta name=\"twitter:data1\" content=\"4 minutos\" \/>\n<script type=\"application\/ld+json\" class=\"yoast-schema-graph\">{\"@context\":\"https:\/\/schema.org\",\"@graph\":[{\"@type\":\"WebPage\",\"@id\":\"https:\/\/cmeded.com\/es\/endocrine\/understanding-parathyroid-cancer\/diagnosis\/\",\"url\":\"https:\/\/cmeded.com\/es\/endocrine\/understanding-parathyroid-cancer\/diagnosis\/\",\"name\":\"CMedEd | Informaci\u00f3n para comprender el c\u00e1ncer paratiroideo | Diagn\u00f3stico\",\"isPartOf\":{\"@id\":\"https:\/\/cmeded.com\/es\/#website\"},\"datePublished\":\"2014-02-13T17:19:12+00:00\",\"dateModified\":\"2025-04-23T06:56:20+00:00\",\"description\":\"Diagn\u00f3stico Si una persona tiene alg\u00fan s\u00edntoma de c\u00e1ncer paratiroideo, el m\u00e9dico debe realizarle un examen f\u00edsico y considerar todos sus antecedentes\",\"breadcrumb\":{\"@id\":\"https:\/\/cmeded.com\/es\/endocrine\/understanding-parathyroid-cancer\/diagnosis\/#breadcrumb\"},\"inLanguage\":\"es\",\"potentialAction\":[{\"@type\":\"ReadAction\",\"target\":[\"https:\/\/cmeded.com\/es\/endocrine\/understanding-parathyroid-cancer\/diagnosis\/\"]}]},{\"@type\":\"BreadcrumbList\",\"@id\":\"https:\/\/cmeded.com\/es\/endocrine\/understanding-parathyroid-cancer\/diagnosis\/#breadcrumb\",\"itemListElement\":[{\"@type\":\"ListItem\",\"position\":1,\"name\":\"Home\",\"item\":\"https:\/\/cmeded.com\/es\/\"},{\"@type\":\"ListItem\",\"position\":2,\"name\":\"Endocrino\",\"item\":\"https:\/\/cmeded.com\/es\/endocrine\/\"},{\"@type\":\"ListItem\",\"position\":3,\"name\":\"Informaci\u00f3n para comprender el c\u00e1ncer paratiroideo\",\"item\":\"https:\/\/cmeded.com\/es\/endocrine\/understanding-parathyroid-cancer\/\"},{\"@type\":\"ListItem\",\"position\":4,\"name\":\"Diagn\u00f3stico\"}]},{\"@type\":\"WebSite\",\"@id\":\"https:\/\/cmeded.com\/es\/#website\",\"url\":\"https:\/\/cmeded.com\/es\/\",\"name\":\"CMedEd\",\"description\":\"Recurso principal de informaci\u00f3n sobre el c\u00e1ncer\",\"potentialAction\":[{\"@type\":\"SearchAction\",\"target\":{\"@type\":\"EntryPoint\",\"urlTemplate\":\"https:\/\/cmeded.com\/es\/?s={search_term_string}\"},\"query-input\":{\"@type\":\"PropertyValueSpecification\",\"valueRequired\":true,\"valueName\":\"search_term_string\"}}],\"inLanguage\":\"es\"}]}<\/script>\n<!-- \/ Yoast SEO plugin. -->","yoast_head_json":{"title":"CMedEd | Informaci\u00f3n para comprender el c\u00e1ncer paratiroideo | Diagn\u00f3stico","description":"Diagn\u00f3stico Si una persona tiene alg\u00fan s\u00edntoma de c\u00e1ncer paratiroideo, el m\u00e9dico debe realizarle un examen f\u00edsico y considerar todos sus antecedentes","robots":{"index":"index","follow":"follow","max-snippet":"max-snippet:-1","max-image-preview":"max-image-preview:large","max-video-preview":"max-video-preview:-1"},"canonical":"https:\/\/cmeded.com\/es\/endocrine\/understanding-parathyroid-cancer\/diagnosis\/","og_locale":"es_ES","og_type":"article","og_title":"CMedEd | Informaci\u00f3n para comprender el c\u00e1ncer paratiroideo | Diagn\u00f3stico","og_description":"Diagn\u00f3stico Si una persona tiene alg\u00fan s\u00edntoma de c\u00e1ncer paratiroideo, el m\u00e9dico debe realizarle un examen f\u00edsico y considerar todos sus antecedentes","og_url":"https:\/\/cmeded.com\/es\/endocrine\/understanding-parathyroid-cancer\/diagnosis\/","og_site_name":"CMedEd","article_modified_time":"2025-04-23T06:56:20+00:00","twitter_card":"summary_large_image","twitter_misc":{"Tiempo de lectura":"4 minutos"},"schema":{"@context":"https:\/\/schema.org","@graph":[{"@type":"WebPage","@id":"https:\/\/cmeded.com\/es\/endocrine\/understanding-parathyroid-cancer\/diagnosis\/","url":"https:\/\/cmeded.com\/es\/endocrine\/understanding-parathyroid-cancer\/diagnosis\/","name":"CMedEd | Informaci\u00f3n para comprender el c\u00e1ncer paratiroideo | Diagn\u00f3stico","isPartOf":{"@id":"https:\/\/cmeded.com\/es\/#website"},"datePublished":"2014-02-13T17:19:12+00:00","dateModified":"2025-04-23T06:56:20+00:00","description":"Diagn\u00f3stico Si una persona tiene alg\u00fan s\u00edntoma de c\u00e1ncer paratiroideo, el m\u00e9dico debe realizarle un examen f\u00edsico y considerar todos sus antecedentes","breadcrumb":{"@id":"https:\/\/cmeded.com\/es\/endocrine\/understanding-parathyroid-cancer\/diagnosis\/#breadcrumb"},"inLanguage":"es","potentialAction":[{"@type":"ReadAction","target":["https:\/\/cmeded.com\/es\/endocrine\/understanding-parathyroid-cancer\/diagnosis\/"]}]},{"@type":"BreadcrumbList","@id":"https:\/\/cmeded.com\/es\/endocrine\/understanding-parathyroid-cancer\/diagnosis\/#breadcrumb","itemListElement":[{"@type":"ListItem","position":1,"name":"Home","item":"https:\/\/cmeded.com\/es\/"},{"@type":"ListItem","position":2,"name":"Endocrino","item":"https:\/\/cmeded.com\/es\/endocrine\/"},{"@type":"ListItem","position":3,"name":"Informaci\u00f3n para comprender el c\u00e1ncer paratiroideo","item":"https:\/\/cmeded.com\/es\/endocrine\/understanding-parathyroid-cancer\/"},{"@type":"ListItem","position":4,"name":"Diagn\u00f3stico"}]},{"@type":"WebSite","@id":"https:\/\/cmeded.com\/es\/#website","url":"https:\/\/cmeded.com\/es\/","name":"CMedEd","description":"Recurso principal de informaci\u00f3n sobre el c\u00e1ncer","potentialAction":[{"@type":"SearchAction","target":{"@type":"EntryPoint","urlTemplate":"https:\/\/cmeded.com\/es\/?s={search_term_string}"},"query-input":{"@type":"PropertyValueSpecification","valueRequired":true,"valueName":"search_term_string"}}],"inLanguage":"es"}]}},"_links":{"self":[{"href":"https:\/\/cmeded.com\/es\/wp-json\/wp\/v2\/pages\/14539","targetHints":{"allow":["GET"]}}],"collection":[{"href":"https:\/\/cmeded.com\/es\/wp-json\/wp\/v2\/pages"}],"about":[{"href":"https:\/\/cmeded.com\/es\/wp-json\/wp\/v2\/types\/page"}],"author":[{"embeddable":true,"href":"https:\/\/cmeded.com\/es\/wp-json\/wp\/v2\/users\/5"}],"replies":[{"embeddable":true,"href":"https:\/\/cmeded.com\/es\/wp-json\/wp\/v2\/comments?post=14539"}],"version-history":[{"count":0,"href":"https:\/\/cmeded.com\/es\/wp-json\/wp\/v2\/pages\/14539\/revisions"}],"up":[{"embeddable":true,"href":"https:\/\/cmeded.com\/es\/wp-json\/wp\/v2\/pages\/14518"}],"wp:attachment":[{"href":"https:\/\/cmeded.com\/es\/wp-json\/wp\/v2\/media?parent=14539"}],"wp:term":[{"taxonomy":"post_tag","embeddable":true,"href":"https:\/\/cmeded.com\/es\/wp-json\/wp\/v2\/tags?post=14539"}],"curies":[{"name":"wp","href":"https:\/\/api.w.org\/{rel}","templated":true}]}}