{"id":14490,"date":"2014-02-12T12:14:04","date_gmt":"2014-02-12T18:14:04","guid":{"rendered":"http:\/\/www.cmeded.com\/?page_id=14490"},"modified":"2023-09-07T23:54:03","modified_gmt":"2023-09-08T04:54:03","slug":"treatment","status":"publish","type":"page","link":"https:\/\/cmeded.com\/es\/endocrine\/understanding-adrenal-cancer\/treatment\/","title":{"rendered":"Tratamiento"},"content":{"rendered":"<h3 id=\"treatment\" class=\"section-title\">Tratamiento<\/h3>\n<p class=\"section-content\">Las opciones de tratamiento para el c\u00e1ncer suprarrenal generalmente incluyen cirug\u00eda para extirpar el tumor y medicamentos para bloquear los efectos de las hormonas que produce el tumor. La quimioterapia y la radioterapia no se usan com\u00fanmente como tratamiento principal para esta enfermedad cuando esta se limita a la gl\u00e1ndula suprarrenal o puede ser curable mediante una extirpaci\u00f3n quir\u00fargica completa, pero pueden recomendarse en algunas ocasiones.  Es posible que el m\u00e9dico recomiende algunos de los siguientes procedimientos para tratar el c\u00e1ncer suprarrenal:<\/p>\n<div class=\"divider\" id=\"\">\n\t\n\t<\/div>\n<div class=\"risk-factor\">\n<div class=\"symp-pic\"><div id=\"click-to-enlarge\" style=\"width: 292px\" class=\"wp-caption alignnone\"><a href=\"\/wp-content\/uploads\/2013\/06\/Adrenalectomey-PSF1.jpg\" title=\"Click Image to Enlarge.\"><img decoding=\"async\" aria-describedby=\"caption-click-to-enlarge\" src=\"\/wp-content\/uploads\/2013\/06\/Adrenalectomey-282x175.jpg\" class=\"aligncenter\" alt=\"Cirug\u00eda\"><\/a><p id=\"caption-click-to-enlarge\" class=\"wp-caption-text\">Click to Enlarge.<\/p><\/div><\/div>\n<div class=\"risk-text-wrap\">\n<h5 class=\"section-title\">Cirug\u00eda<\/h5>\n<p class=\"section-content\">La cirug\u00eda para extirpar el tumor (cuando es posible) es el tratamiento principal m\u00e1s frecuente del c\u00e1ncer suprarrenal.  En una adrenalectom\u00eda, el m\u00e9dico extirpa el tumor con la gl\u00e1ndula suprarrenal y, tal vez, los ganglios linf\u00e1ticos cercanos.  El m\u00e9dico puede realizar la operaci\u00f3n a trav\u00e9s de una incisi\u00f3n en la espalda, el abdomen o el t\u00f3rax, seg\u00fan el alcance del tumor.  Para los tumores m\u00e1s peque\u00f1os, el m\u00e9dico por lo general hace una incisi\u00f3n en la espalda o al costado del cuerpo.  Si se trata de tumores de mayor tama\u00f1o, m\u00e1s avanzados, el m\u00e9dico por lo general hace una incisi\u00f3n en el abdomen.  Este sistema le permite al cirujano examinar detenidamente el tumor, al igual que los \u00f3rganos, los ganglios linf\u00e1ticos y los vasos sangu\u00edneos cercanos. De vez en cuando, hay una necesidad a extirpar los \u00f3rganos circuandantes parcial o completamente cuando hay un tumor que invade las estructuras circundantes (ri\u00f1\u00f3n, colon, h\u00edgado, p\u00e1ncreas, bazo.)  Tambi\u00e9n es posible que el m\u00e9dico extirpe las gl\u00e1ndulas suprarrenales por laparoscop\u00eda, es decir, haciendo solo tres o cuatro incisiones peque\u00f1as en la espalda, en el abdomen o al costado del cuerpo para pasar los instrumentos quir\u00fargicos por los cortes y as\u00ed extirpar la gl\u00e1ndula afectada.  La cirug\u00eda por laparoscop\u00eda a menudo no se recomienda si existen sospechas de c\u00e1ncer suprarrenal.<\/p>\n<\/div>\n<div class=\"clearboth\"><\/div>\n<\/div>\n<div class=\"divider\" id=\"\">\n\t\n\t<\/div>\n<div class=\"risk-factor\">\n<div class=\"symp-pic\"><img decoding=\"async\" src=\"\/wp-content\/uploads\/2013\/04\/IMRT175.png\" class=\"aligncenter\" alt=\"Radioterapia\"><\/div>\n<div class=\"risk-text-wrap\">\n<h5 class=\"section-title\">Radioterapia<\/h5>\n<p class=\"section-content\">En la radioterapia se usan rayos de gran energ\u00eda producidas por un aparato para destruir las c\u00e9lulas cancerosas.  La radioterapia no se utiliza como tratamiento principal del c\u00e1ncer suprarrenal, pero puede administrarse despu\u00e9s de una cirug\u00eda (terapia adyuvante) para eliminar las c\u00e9lulas cancerosas microsc\u00f3picas que tal vez hayan quedado o como tratamiento paliativo para reducir el tumor y aliviar s\u00edntomas.<\/p>\n<\/div>\n<div class=\"clearboth\"><\/div>\n<\/div>\n<div class=\"divider\" id=\"\">\n\t\n\t<\/div>\n<div class=\"risk-factor\">\n<div class=\"symp-pic\" style=\"height:175px;\"><div id=\"click-to-enlarge\" style=\"width: 292px\" class=\"wp-caption alignnone\"><a href=\"\/wp-content\/uploads\/2015\/12\/Chemotherapy-Female-IV-Therapy-WEB-2.jpg\" title=\"Click Image to Enlarge.\"><img decoding=\"async\" aria-describedby=\"caption-click-to-enlarge\" src=\"\/wp-content\/uploads\/2015\/12\/Chemotherapy-Female-IV-Therapy-WEB-2-200.jpg\" class=\"aligncenter\" alt=\"Quimioterapia\" style=\"height:150px;margin-top:7.5px;\"><\/a><p id=\"caption-click-to-enlarge\" class=\"wp-caption-text\">Click to Enlarge.<\/p><\/div><\/div>\n<div class=\"risk-text-wrap\">\n<h5 class=\"section-title\">Quimioterapia<\/h5>\n<p class=\"section-content\">En la quimioterapia se utilizan medicamentos contra el c\u00e1ncer para destruir las c\u00e9lulas cancerosas o retrasar el crecimiento de las c\u00e9lulas cancerosas que se multiplican r\u00e1pidamente.  La mayor\u00eda de estos medicamentos se administran a trav\u00e9s de una vena (por v\u00eda intravenosa) y, algunos, por la boca (por v\u00eda oral).  La quimioterapia, en general, no es altamente efectiva para tratar los tumores suprarrenales, pero suele usarse para el c\u00e1ncer suprarrenal extendido que se ha desarrollado dentro de estructuras cercanas o se ha diseminado a otras partes del organismo.  Tambi\u00e9n puede combinarse con radioterapia y usarse como tratamiento adyuvante (despu\u00e9s de una cirug\u00eda) para eliminar las c\u00e9lulas cancerosas que hayan quedado o que se sospeche que hayan quedado.El mitotano se administra por v\u00eda oral y es la \u00fanica medicina aprobada para tratar el c\u00e1ncer suprarrenal avanzado. A menudo se combina con quimioterapia intravenosa para aumentar las posibilidades de control de la enfermedad.<\/p>\n<\/div>\n<div class=\"clearboth\"><\/div>\n<\/div>\n<div class=\"divider\" id=\"\">\n\t\n\t<\/div>\n<div class=\"risk-factor\">\n<div class=\"symp-pic\"><img decoding=\"async\" src=\"\/wp-content\/uploads\/2013\/04\/Prescriptions-150.jpg\" class=\"aligncenter\" alt=\"Otros medicamentos\"><\/div>\n<div class=\"risk-text-wrap\">\n<h5 class=\"section-title\">Otros medicamentos<\/h5>\n<p class=\"section-content\">El m\u00e9dico puede recomendar diferentes medicamentos para bloquear los efectos de las hormonas que produce el tumor.  Estos medicamentos no reducen el tumor ni curan la enfermedad, pero pueden ayudar a aliviar los s\u00edntomas causados por los niveles altos de estas hormonas.<\/p>\n<\/div>\n<div class=\"clearboth\"><\/div>\n<\/div>\n<div class=\"divider\" id=\"\">\n\t\n\t<\/div>\n<div class=\"risk-factor\">\n<div class=\"symp-pic\"><img decoding=\"async\" src=\"\/wp-content\/uploads\/2013\/04\/Microscope-1651.jpg\" class=\"aligncenter\" alt=\"Estudios cl\u00ednicos\"><\/div>\n<div class=\"risk-text-wrap\">\n<h5 class=\"section-title\">Estudios cl\u00ednicos<\/h5>\n<p class=\"section-content\">Los estudios cl\u00ednicos permiten que los pacientes prueben un tratamiento nuevo antes de que est\u00e9 disponible para el p\u00fablico en general. En algunos casos, puede tratarse de un medicamento nuevo que no se ha utilizado antes en seres humanos; o bien, puede tratarse de un medicamento o una combinaci\u00f3n de medicamentos que no se utilizan actualmente para un tipo espec\u00edfico de c\u00e1ncer. En general, los estudios cl\u00ednicos en fase temprana se utilizan para probar los efectos secundarios de un medicamento o una combinaci\u00f3n de medicamentos; mientras que los estudios cl\u00ednicos en fase posterior se utilizan para determinar la eficacia de un tratamiento nuevo para un determinado tipo de c\u00e1ncer. Los estudios cl\u00ednicos permiten a m\u00e9dicos e investigadores mejorar el tratamiento de los tipos de c\u00e1ncer con terapias posiblemente m\u00e1s efectivas. Un estudio cl\u00ednico puede dar lugar a un medicamento nuevo e innovador; o bien, puede no tener efecto alguno. Es importante que hable con el m\u00e9dico acerca de las ventajas y desventajas de los estudios cl\u00ednicos para su situaci\u00f3n en particular.<\/p>\n<p class=\"section-content\">Se est\u00e1n probando nuevos tipos de tratamiento en ensayos cl\u00ednicos:<\/p>\n<ul class=\"about-content\">\n<li>La terapia dirigida es el uso de un f\u00e1rmaco que ataca espec\u00edficamente a las c\u00e9lulas tumorales y evita las c\u00e9lulas normales. Estos medicamentos a menudo se dirigen al suministro de sangre, que conduce a la reducci\u00f3n del crecimiento de c\u00e9lulas cancerosas.  Estos medicamentos a menudo se administran como medicamentos orales para tomarlos a diario mientras se controla el crecimiento del tumor.<\/li>\n<li>La inmunoterapia es un nuevo tratamiento contra el c\u00e1ncer que estimula el sistema inmunol\u00f3gico del cuerpo para que ataque las c\u00e9lulas cancerosas. Las sustancias elaboradas por el cuerpo o elaboradas en un laboratorio se utilizan para impulsar, dirigir o restaurar las defensas naturales del cuerpo contra el c\u00e1ncer. Este tipo de tratamiento contra el c\u00e1ncer tambi\u00e9n se denomina bioterapia o terapia biol\u00f3gica. La combinaci\u00f3n de datos del ensayo cl\u00ednico publicado encontr\u00f3 tasas de respuesta relativamente bajas a los f\u00e1rmacos  de inmunoterapia. Sn embargo, los pacientes que responden a la inmunoterapia a menudo disfrutan de un beneficio de larga duraci\u00f3n. Ademas, es probable que la probabilidad de tener efectos secundarios graces mientra se usa la inmunoterapia sea mucho menor que la de la quimioterapia tradicional.<\/li>\n<\/ul>\n<\/div>\n<div class=\"clearboth\"><\/div>\n<\/div>\n","protected":false},"excerpt":{"rendered":"<p>Tratamiento Las opciones de tratamiento para el c\u00e1ncer suprarrenal generalmente incluyen cirug\u00eda para extirpar el tumor y medicamentos para bloquear los efectos de las hormonas que produce el tumor. La quimioterapia y la radioterapia no se usan com\u00fanmente como tratamiento principal para esta enfermedad cuando esta se limita a la gl\u00e1ndula suprarrenal o puede ser [&hellip;]<\/p>\n","protected":false},"author":5,"featured_media":0,"parent":14430,"menu_order":6,"comment_status":"closed","ping_status":"open","template":"template-tumor.php","meta":{"footnotes":""},"tags":[10],"class_list":["post-14490","page","type-page","status-publish","hentry","tag-members-only"],"yoast_head":"<!-- This site is optimized with the Yoast SEO plugin v25.0 - https:\/\/yoast.com\/wordpress\/plugins\/seo\/ -->\n<title>CMedEd | Informaci\u00f3n para comprender el c\u00e1ncer suprarrenal | Tratamiento<\/title>\n<meta name=\"description\" content=\"Tratamiento Las opciones de tratamiento para el c\u00e1ncer suprarrenal generalmente incluyen cirug\u00eda para extirpar el tumor y medicamentos para bloquear los\" \/>\n<meta name=\"robots\" content=\"index, follow, max-snippet:-1, max-image-preview:large, max-video-preview:-1\" \/>\n<link rel=\"canonical\" href=\"https:\/\/cmeded.com\/es\/endocrine\/understanding-adrenal-cancer\/treatment\/\" \/>\n<meta property=\"og:locale\" content=\"es_ES\" \/>\n<meta property=\"og:type\" content=\"article\" \/>\n<meta property=\"og:title\" content=\"CMedEd | Informaci\u00f3n para comprender el c\u00e1ncer suprarrenal | Tratamiento\" \/>\n<meta property=\"og:description\" content=\"Tratamiento Las opciones de tratamiento para el c\u00e1ncer suprarrenal generalmente incluyen cirug\u00eda para extirpar el tumor y medicamentos para bloquear los\" \/>\n<meta property=\"og:url\" content=\"https:\/\/cmeded.com\/es\/endocrine\/understanding-adrenal-cancer\/treatment\/\" \/>\n<meta property=\"og:site_name\" content=\"CMedEd\" \/>\n<meta property=\"article:modified_time\" content=\"2023-09-08T04:54:03+00:00\" \/>\n<meta name=\"twitter:card\" content=\"summary_large_image\" \/>\n<meta name=\"twitter:label1\" content=\"Tiempo de lectura\" \/>\n\t<meta name=\"twitter:data1\" content=\"6 minutos\" \/>\n<script type=\"application\/ld+json\" class=\"yoast-schema-graph\">{\"@context\":\"https:\/\/schema.org\",\"@graph\":[{\"@type\":\"WebPage\",\"@id\":\"https:\/\/cmeded.com\/es\/endocrine\/understanding-adrenal-cancer\/treatment\/\",\"url\":\"https:\/\/cmeded.com\/es\/endocrine\/understanding-adrenal-cancer\/treatment\/\",\"name\":\"CMedEd | Informaci\u00f3n para comprender el c\u00e1ncer suprarrenal | Tratamiento\",\"isPartOf\":{\"@id\":\"https:\/\/cmeded.com\/es\/#website\"},\"datePublished\":\"2014-02-12T18:14:04+00:00\",\"dateModified\":\"2023-09-08T04:54:03+00:00\",\"description\":\"Tratamiento Las opciones de tratamiento para el c\u00e1ncer suprarrenal generalmente incluyen cirug\u00eda para extirpar el tumor y medicamentos para bloquear los\",\"breadcrumb\":{\"@id\":\"https:\/\/cmeded.com\/es\/endocrine\/understanding-adrenal-cancer\/treatment\/#breadcrumb\"},\"inLanguage\":\"es\",\"potentialAction\":[{\"@type\":\"ReadAction\",\"target\":[\"https:\/\/cmeded.com\/es\/endocrine\/understanding-adrenal-cancer\/treatment\/\"]}]},{\"@type\":\"BreadcrumbList\",\"@id\":\"https:\/\/cmeded.com\/es\/endocrine\/understanding-adrenal-cancer\/treatment\/#breadcrumb\",\"itemListElement\":[{\"@type\":\"ListItem\",\"position\":1,\"name\":\"Home\",\"item\":\"https:\/\/cmeded.com\/es\/\"},{\"@type\":\"ListItem\",\"position\":2,\"name\":\"Endocrino\",\"item\":\"https:\/\/cmeded.com\/es\/endocrine\/\"},{\"@type\":\"ListItem\",\"position\":3,\"name\":\"Informaci\u00f3n para comprender el c\u00e1ncer suprarrenal\",\"item\":\"https:\/\/cmeded.com\/es\/endocrine\/understanding-adrenal-cancer\/\"},{\"@type\":\"ListItem\",\"position\":4,\"name\":\"Tratamiento\"}]},{\"@type\":\"WebSite\",\"@id\":\"https:\/\/cmeded.com\/es\/#website\",\"url\":\"https:\/\/cmeded.com\/es\/\",\"name\":\"CMedEd\",\"description\":\"Recurso principal de informaci\u00f3n sobre el c\u00e1ncer\",\"potentialAction\":[{\"@type\":\"SearchAction\",\"target\":{\"@type\":\"EntryPoint\",\"urlTemplate\":\"https:\/\/cmeded.com\/es\/?s={search_term_string}\"},\"query-input\":{\"@type\":\"PropertyValueSpecification\",\"valueRequired\":true,\"valueName\":\"search_term_string\"}}],\"inLanguage\":\"es\"}]}<\/script>\n<!-- \/ Yoast SEO plugin. -->","yoast_head_json":{"title":"CMedEd | Informaci\u00f3n para comprender el c\u00e1ncer suprarrenal | Tratamiento","description":"Tratamiento Las opciones de tratamiento para el c\u00e1ncer suprarrenal generalmente incluyen cirug\u00eda para extirpar el tumor y medicamentos para bloquear los","robots":{"index":"index","follow":"follow","max-snippet":"max-snippet:-1","max-image-preview":"max-image-preview:large","max-video-preview":"max-video-preview:-1"},"canonical":"https:\/\/cmeded.com\/es\/endocrine\/understanding-adrenal-cancer\/treatment\/","og_locale":"es_ES","og_type":"article","og_title":"CMedEd | Informaci\u00f3n para comprender el c\u00e1ncer suprarrenal | Tratamiento","og_description":"Tratamiento Las opciones de tratamiento para el c\u00e1ncer suprarrenal generalmente incluyen cirug\u00eda para extirpar el tumor y medicamentos para bloquear los","og_url":"https:\/\/cmeded.com\/es\/endocrine\/understanding-adrenal-cancer\/treatment\/","og_site_name":"CMedEd","article_modified_time":"2023-09-08T04:54:03+00:00","twitter_card":"summary_large_image","twitter_misc":{"Tiempo de lectura":"6 minutos"},"schema":{"@context":"https:\/\/schema.org","@graph":[{"@type":"WebPage","@id":"https:\/\/cmeded.com\/es\/endocrine\/understanding-adrenal-cancer\/treatment\/","url":"https:\/\/cmeded.com\/es\/endocrine\/understanding-adrenal-cancer\/treatment\/","name":"CMedEd | Informaci\u00f3n para comprender el c\u00e1ncer suprarrenal | Tratamiento","isPartOf":{"@id":"https:\/\/cmeded.com\/es\/#website"},"datePublished":"2014-02-12T18:14:04+00:00","dateModified":"2023-09-08T04:54:03+00:00","description":"Tratamiento Las opciones de tratamiento para el c\u00e1ncer suprarrenal generalmente incluyen cirug\u00eda para extirpar el tumor y medicamentos para bloquear los","breadcrumb":{"@id":"https:\/\/cmeded.com\/es\/endocrine\/understanding-adrenal-cancer\/treatment\/#breadcrumb"},"inLanguage":"es","potentialAction":[{"@type":"ReadAction","target":["https:\/\/cmeded.com\/es\/endocrine\/understanding-adrenal-cancer\/treatment\/"]}]},{"@type":"BreadcrumbList","@id":"https:\/\/cmeded.com\/es\/endocrine\/understanding-adrenal-cancer\/treatment\/#breadcrumb","itemListElement":[{"@type":"ListItem","position":1,"name":"Home","item":"https:\/\/cmeded.com\/es\/"},{"@type":"ListItem","position":2,"name":"Endocrino","item":"https:\/\/cmeded.com\/es\/endocrine\/"},{"@type":"ListItem","position":3,"name":"Informaci\u00f3n para comprender el c\u00e1ncer suprarrenal","item":"https:\/\/cmeded.com\/es\/endocrine\/understanding-adrenal-cancer\/"},{"@type":"ListItem","position":4,"name":"Tratamiento"}]},{"@type":"WebSite","@id":"https:\/\/cmeded.com\/es\/#website","url":"https:\/\/cmeded.com\/es\/","name":"CMedEd","description":"Recurso principal de informaci\u00f3n sobre el c\u00e1ncer","potentialAction":[{"@type":"SearchAction","target":{"@type":"EntryPoint","urlTemplate":"https:\/\/cmeded.com\/es\/?s={search_term_string}"},"query-input":{"@type":"PropertyValueSpecification","valueRequired":true,"valueName":"search_term_string"}}],"inLanguage":"es"}]}},"_links":{"self":[{"href":"https:\/\/cmeded.com\/es\/wp-json\/wp\/v2\/pages\/14490","targetHints":{"allow":["GET"]}}],"collection":[{"href":"https:\/\/cmeded.com\/es\/wp-json\/wp\/v2\/pages"}],"about":[{"href":"https:\/\/cmeded.com\/es\/wp-json\/wp\/v2\/types\/page"}],"author":[{"embeddable":true,"href":"https:\/\/cmeded.com\/es\/wp-json\/wp\/v2\/users\/5"}],"replies":[{"embeddable":true,"href":"https:\/\/cmeded.com\/es\/wp-json\/wp\/v2\/comments?post=14490"}],"version-history":[{"count":0,"href":"https:\/\/cmeded.com\/es\/wp-json\/wp\/v2\/pages\/14490\/revisions"}],"up":[{"embeddable":true,"href":"https:\/\/cmeded.com\/es\/wp-json\/wp\/v2\/pages\/14430"}],"wp:attachment":[{"href":"https:\/\/cmeded.com\/es\/wp-json\/wp\/v2\/media?parent=14490"}],"wp:term":[{"taxonomy":"post_tag","embeddable":true,"href":"https:\/\/cmeded.com\/es\/wp-json\/wp\/v2\/tags?post=14490"}],"curies":[{"name":"wp","href":"https:\/\/api.w.org\/{rel}","templated":true}]}}