{"id":14474,"date":"2014-02-12T11:38:32","date_gmt":"2014-02-12T17:38:32","guid":{"rendered":"http:\/\/www.cmeded.com\/?page_id=14474"},"modified":"2023-08-24T18:51:16","modified_gmt":"2023-08-24T23:51:16","slug":"diagnosis","status":"publish","type":"page","link":"https:\/\/cmeded.com\/es\/endocrine\/understanding-adrenal-cancer\/diagnosis\/","title":{"rendered":"Diagn\u00f3stico"},"content":{"rendered":"<h4 id=\"symptoms\" class=\"section-title\">Diagn\u00f3stico<\/h2>\n<p class=\"section-content\">Si una persona tiene alg\u00fan s\u00edntoma de c\u00e1ncer suprarrenal, el m\u00e9dico debe realizarle un examen f\u00edsico y considerar todos sus antecedentes m\u00e9dicos.  Durante el examen f\u00edsico, el m\u00e9dico debe examinar detenidamente al paciente para detectar cualquier protuberancia o s\u00edntoma.  Si el m\u00e9dico piensa que existe un c\u00e1ncer suprarrenal, es posible que recomiende alguno de los siguientes m\u00e9todos o procedimientos para realizar el diagn\u00f3stico y estadificar la enfermedad:<\/p>\n<div class=\"divider\" id=\"\">\n\t\n\t<\/div>\n<div class=\"risk-factor\">\n<div class=\"symp-pic\"><img decoding=\"async\" src=\"\/wp-content\/uploads\/2013\/03\/TestTubes1502.jpg\" class=\"aligncenter\" alt=\"An\u00e1lisis de sangre\"><\/div>\n<div class=\"risk-text-wrap\">\n<h5 class=\"section-title\">An\u00e1lisis de sangre<\/h5>\n<p class=\"section-content\">Es posible que el m\u00e9dico recomiende an\u00e1lisis de sangre para medir los niveles de diferentes hormonas en la sangre.  La producci\u00f3n excesiva de determinadas hormonas puede indicar un tumor suprarrenal, pero no necesariamente c\u00e1ncer.  Si en los an\u00e1lisis de sangre se detectan niveles elevados de hormonas, lo m\u00e1s probable es que el m\u00e9dico recomiende m\u00e1s pruebas.  El m\u00e9dico tambi\u00e9n puede realizar un an\u00e1lisis bioqu\u00edmico de sangre para controlar la funci\u00f3n org\u00e1nica.<\/p>\n<\/div>\n<div class=\"clearboth\"><\/div>\n<\/div>\n<div class=\"divider\" id=\"\">\n\t\n\t<\/div>\n<div class=\"risk-factor\">\n<div class=\"symp-pic\"><img decoding=\"async\" src=\"\/wp-content\/uploads\/2013\/04\/CupOfUrine150.jpg\" class=\"aligncenter\" alt=\"An\u00e1lisis de orina\"><\/div>\n<div class=\"risk-text-wrap\">\n<h5 class=\"section-title\">An\u00e1lisis de orina<\/h5>\n<p class=\"section-content\">Tal vez el m\u00e9dico recomiende un an\u00e1lisis de orina de 24 horas para medir los niveles de diversas hormonas en orina.  Mediante la obtenci\u00f3n de toda la orina por 24 horas, el m\u00e9dico puede medir el nivel promedio de una sustancia en la orina a lo largo de todo el d\u00eda y comprender mejor qu\u00e9 est\u00e1 sucediendo en el organismo.  La producci\u00f3n excesiva de determinadas hormonas puede indicar un tumor suprarrenal, pero no necesariamente c\u00e1ncer.  Si en los an\u00e1lisis de sangre se detectan niveles elevados de hormonas, probablemente el m\u00e9dico recomiende m\u00e1s pruebas.<\/p>\n<\/div>\n<div class=\"clearboth\"><\/div>\n<\/div>\n<div class=\"divider\" id=\"\">\n\t\n\t<\/div>\n<div class=\"risk-factor\">\n<div class=\"symp-pic\" style=\"height:175px\"><div style=\"width: 190px\" class=\"wp-caption aligncenter\"><a class=\"wp-caption\" title=\"Click Image to Enlarge.\" href=\"\/wp-content\/uploads\/2016\/06\/CT.jpg\"><img decoding=\"async\" class=\"caption-align-center-img\" style=\"height: 150px\" src=\"\/wp-content\/uploads\/2016\/06\/CT.jpg\" alt=\"Tomograf\u00eda computarizada\" \/><\/a><p class=\"wp-caption-text\">Click here to enlarge.<\/p><\/div><\/div>\n<div class=\"risk-text-wrap\">\n<h5 class=\"section-title\">Tomograf\u00eda computarizada<\/h5>\n<p class=\"section-content\">Para una tomograf\u00eda computarizada (TC), usted debe recostarse boca arriba en una mesa mientras un aparato gira alrededor del cuerpo y toma im\u00e1genes. Se producen im\u00e1genes transversales detalladas del cuerpo, lo cual permite determinar la ubicaci\u00f3n exacta del c\u00e1ncer en el cuerpo y verificar si se ha diseminado a algunos \u00f3rganos.  Una TC puede mostrar el tama\u00f1o y la ubicaci\u00f3n exactos de un tumor en las gl\u00e1ndulas suprarrenales, y si este se ha diseminado a \u00f3rganos o ganglios linf\u00e1ticos cercanos.  Los m\u00e9dicos generalmente pueden diagnosticar c\u00e1ncer suprarrenal en funci\u00f3n del tama\u00f1o y la forma del tumor en una tomograf\u00eda computarizada.  Los tumores suprarrenales malignos suelen ser mucho m\u00e1s grandes que los benignos y tienen bordes que no est\u00e1n bien definidos.<\/p>\n<\/div>\n<div class=\"clearboth\"><\/div>\n<\/div>\n<div class=\"divider\" id=\"\">\n\t\n\t<\/div>\n<div class=\"risk-factor\">\n<div class=\"symp-pic\"><div style=\"width: 190px\" class=\"wp-caption aligncenter\"><a class=\"wp-caption\" title=\"Click Image to Enlarge.\" href=\"\/wp-content\/uploads\/2016\/06\/MRI.jpg\"><img decoding=\"async\" class=\"caption-align-center-img\" style=\"height: 150px\" src=\"\/wp-content\/uploads\/2016\/06\/MRI.jpg\" alt=\"Resonancia magn\u00e9tica\" \/><\/a><p class=\"wp-caption-text\">Click here to enlarge.<\/p><\/div>\n<\/div>\n<div class=\"risk-text-wrap\">\n<h5 class=\"section-title\">Resonancia magn\u00e9tica<\/h5>\n<p class=\"section-content\">Una resonancia magn\u00e9tica (RM) es una prueba en la que se utiliza un im\u00e1n de gran tama\u00f1o, ondas de radio y una computadora para producir im\u00e1genes muy claras del cuerpo humano.  Una RM puede usarse para seguir evaluando si un tumor suprarrenal es benigno o maligno.<\/p>\n<\/div>\n<div class=\"clearboth\"><\/div>\n<\/div>\n<div class=\"divider\" id=\"\">\n\t\n\t<\/div>\n<div class=\"risk-factor\">\n<div class=\"symp-pic\"><div style=\"width: 190px\" class=\"wp-caption aligncenter\"><a class=\"wp-caption\" title=\"Click Image to Enlarge.\" href=\"\/wp-content\/uploads\/2016\/06\/PET.jpg\"><img decoding=\"async\" class=\"caption-align-center-img\" style=\"height: 150px\" src=\"\/wp-content\/uploads\/2016\/06\/PET.jpg\" alt=\"Tomograf\u00eda por emisi\u00f3n de positrones\" \/><\/a><p class=\"wp-caption-text\">Click here to enlarge.<\/p><\/div><\/div>\n<div class=\"risk-text-wrap\">\n<h5 class=\"section-title\">Tomograf\u00eda por emisi\u00f3n de positrones<\/h5>\n<p class=\"section-content\">Una tomograf\u00eda por emisi\u00f3n de positrones (TEP) muestra la actividad y la ubicaci\u00f3n de las c\u00e9lulas cancerosas en diferentes partes del cuerpo en funci\u00f3n de los niveles de radioactividad detectados.  En este estudio se emplea glucosa radiactiva que es absorbida en los tejidos tumorales y en los lugares de inflamaci\u00f3n.  Las TEP suelen combinarse con las TC y pueden ayudar a identificar las \u00e1reas de c\u00e1ncer diseminado fuera de la gl\u00e1ndula suprarrenal.  Los m\u00e9dicos suelen emplear una TEP cuando existe la posibilidad de que el c\u00e1ncer se haya diseminado, pero desconocen su ubicaci\u00f3n. <\/p>\n<\/div>\n<div class=\"clearboth\"><\/div>\n<\/div>\n<div class=\"divider\" id=\"\">\n\t\n\t<\/div>\n<div class=\"risk-factor\">\n<div class=\"symp-pic\"><img decoding=\"async\" src=\"\/wp-content\/uploads\/2013\/05\/MicroscopeSlide1751.jpg\" class=\"aligncenter\" alt=\"Biopsia\"><\/div>\n<div class=\"risk-text-wrap\">\n<h5 class=\"section-title\">Biopsia<\/h5>\n<p class=\"section-content\">Las biopsias suprarrenales posiblemente no sean necesarias para diagnosticar c\u00e1ncer suprarrenal. El c\u00e1ncer suprarrenal suele aparecer como una gran masa tumoral que requerir\u00e1 resecci\u00f3n. De vez en cuando, puede obtenerse una biopsia si existen sospechas de diseminaci\u00f3n fuera de la gl\u00e1ndula suprarrenal para confirmar el diagn\u00f3stico de c\u00e1ncer suprarrenal y, algunas veces, el m\u00e9dico puede realizar una biopsia con aguja en un tumor metast\u00e1sico que se ha diseminado a la gl\u00e1ndula suprarrenal desde otra parte del organismo.  En estos casos, la biopsia puede ayudar al m\u00e9dico a planificar el mejor tratamiento.<\/p>\n<\/div>\n<div class=\"clearboth\"><\/div>\n<\/div>\n","protected":false},"excerpt":{"rendered":"<p>Diagn\u00f3stico Si una persona tiene alg\u00fan s\u00edntoma de c\u00e1ncer suprarrenal, el m\u00e9dico debe realizarle un examen f\u00edsico y considerar todos sus antecedentes m\u00e9dicos. Durante el examen f\u00edsico, el m\u00e9dico debe examinar detenidamente al paciente para detectar cualquier protuberancia o s\u00edntoma. Si el m\u00e9dico piensa que existe un c\u00e1ncer suprarrenal, es posible que recomiende alguno de [&hellip;]<\/p>\n","protected":false},"author":5,"featured_media":0,"parent":14430,"menu_order":4,"comment_status":"closed","ping_status":"open","template":"template-tumor.php","meta":{"footnotes":""},"tags":[10],"class_list":["post-14474","page","type-page","status-publish","hentry","tag-members-only"],"yoast_head":"<!-- This site is optimized with the Yoast SEO plugin v25.0 - https:\/\/yoast.com\/wordpress\/plugins\/seo\/ -->\n<title>CMedEd | Informaci\u00f3n para comprender el c\u00e1ncer suprarrenal | Diagn\u00f3stico<\/title>\n<meta name=\"description\" content=\"Diagn\u00f3stico Si una persona tiene alg\u00fan s\u00edntoma de c\u00e1ncer suprarrenal, el m\u00e9dico debe realizarle un examen f\u00edsico y considerar todos sus antecedentes\" \/>\n<meta name=\"robots\" content=\"index, follow, max-snippet:-1, max-image-preview:large, max-video-preview:-1\" \/>\n<link rel=\"canonical\" href=\"https:\/\/cmeded.com\/es\/endocrine\/understanding-adrenal-cancer\/diagnosis\/\" \/>\n<meta property=\"og:locale\" content=\"es_ES\" \/>\n<meta property=\"og:type\" content=\"article\" \/>\n<meta property=\"og:title\" content=\"CMedEd | Informaci\u00f3n para comprender el c\u00e1ncer suprarrenal | Diagn\u00f3stico\" \/>\n<meta property=\"og:description\" content=\"Diagn\u00f3stico Si una persona tiene alg\u00fan s\u00edntoma de c\u00e1ncer suprarrenal, el m\u00e9dico debe realizarle un examen f\u00edsico y considerar todos sus antecedentes\" \/>\n<meta property=\"og:url\" content=\"https:\/\/cmeded.com\/es\/endocrine\/understanding-adrenal-cancer\/diagnosis\/\" \/>\n<meta property=\"og:site_name\" content=\"CMedEd\" \/>\n<meta property=\"article:modified_time\" content=\"2023-08-24T23:51:16+00:00\" \/>\n<meta name=\"twitter:card\" content=\"summary_large_image\" \/>\n<meta name=\"twitter:label1\" content=\"Tiempo de lectura\" \/>\n\t<meta name=\"twitter:data1\" content=\"4 minutos\" \/>\n<script type=\"application\/ld+json\" class=\"yoast-schema-graph\">{\"@context\":\"https:\/\/schema.org\",\"@graph\":[{\"@type\":\"WebPage\",\"@id\":\"https:\/\/cmeded.com\/es\/endocrine\/understanding-adrenal-cancer\/diagnosis\/\",\"url\":\"https:\/\/cmeded.com\/es\/endocrine\/understanding-adrenal-cancer\/diagnosis\/\",\"name\":\"CMedEd | Informaci\u00f3n para comprender el c\u00e1ncer suprarrenal | Diagn\u00f3stico\",\"isPartOf\":{\"@id\":\"https:\/\/cmeded.com\/es\/#website\"},\"datePublished\":\"2014-02-12T17:38:32+00:00\",\"dateModified\":\"2023-08-24T23:51:16+00:00\",\"description\":\"Diagn\u00f3stico Si una persona tiene alg\u00fan s\u00edntoma de c\u00e1ncer suprarrenal, el m\u00e9dico debe realizarle un examen f\u00edsico y considerar todos sus antecedentes\",\"breadcrumb\":{\"@id\":\"https:\/\/cmeded.com\/es\/endocrine\/understanding-adrenal-cancer\/diagnosis\/#breadcrumb\"},\"inLanguage\":\"es\",\"potentialAction\":[{\"@type\":\"ReadAction\",\"target\":[\"https:\/\/cmeded.com\/es\/endocrine\/understanding-adrenal-cancer\/diagnosis\/\"]}]},{\"@type\":\"BreadcrumbList\",\"@id\":\"https:\/\/cmeded.com\/es\/endocrine\/understanding-adrenal-cancer\/diagnosis\/#breadcrumb\",\"itemListElement\":[{\"@type\":\"ListItem\",\"position\":1,\"name\":\"Home\",\"item\":\"https:\/\/cmeded.com\/es\/\"},{\"@type\":\"ListItem\",\"position\":2,\"name\":\"Endocrino\",\"item\":\"https:\/\/cmeded.com\/es\/endocrine\/\"},{\"@type\":\"ListItem\",\"position\":3,\"name\":\"Informaci\u00f3n para comprender el c\u00e1ncer suprarrenal\",\"item\":\"https:\/\/cmeded.com\/es\/endocrine\/understanding-adrenal-cancer\/\"},{\"@type\":\"ListItem\",\"position\":4,\"name\":\"Diagn\u00f3stico\"}]},{\"@type\":\"WebSite\",\"@id\":\"https:\/\/cmeded.com\/es\/#website\",\"url\":\"https:\/\/cmeded.com\/es\/\",\"name\":\"CMedEd\",\"description\":\"Recurso principal de informaci\u00f3n sobre el c\u00e1ncer\",\"potentialAction\":[{\"@type\":\"SearchAction\",\"target\":{\"@type\":\"EntryPoint\",\"urlTemplate\":\"https:\/\/cmeded.com\/es\/?s={search_term_string}\"},\"query-input\":{\"@type\":\"PropertyValueSpecification\",\"valueRequired\":true,\"valueName\":\"search_term_string\"}}],\"inLanguage\":\"es\"}]}<\/script>\n<!-- \/ Yoast SEO plugin. -->","yoast_head_json":{"title":"CMedEd | Informaci\u00f3n para comprender el c\u00e1ncer suprarrenal | Diagn\u00f3stico","description":"Diagn\u00f3stico Si una persona tiene alg\u00fan s\u00edntoma de c\u00e1ncer suprarrenal, el m\u00e9dico debe realizarle un examen f\u00edsico y considerar todos sus antecedentes","robots":{"index":"index","follow":"follow","max-snippet":"max-snippet:-1","max-image-preview":"max-image-preview:large","max-video-preview":"max-video-preview:-1"},"canonical":"https:\/\/cmeded.com\/es\/endocrine\/understanding-adrenal-cancer\/diagnosis\/","og_locale":"es_ES","og_type":"article","og_title":"CMedEd | Informaci\u00f3n para comprender el c\u00e1ncer suprarrenal | Diagn\u00f3stico","og_description":"Diagn\u00f3stico Si una persona tiene alg\u00fan s\u00edntoma de c\u00e1ncer suprarrenal, el m\u00e9dico debe realizarle un examen f\u00edsico y considerar todos sus antecedentes","og_url":"https:\/\/cmeded.com\/es\/endocrine\/understanding-adrenal-cancer\/diagnosis\/","og_site_name":"CMedEd","article_modified_time":"2023-08-24T23:51:16+00:00","twitter_card":"summary_large_image","twitter_misc":{"Tiempo de lectura":"4 minutos"},"schema":{"@context":"https:\/\/schema.org","@graph":[{"@type":"WebPage","@id":"https:\/\/cmeded.com\/es\/endocrine\/understanding-adrenal-cancer\/diagnosis\/","url":"https:\/\/cmeded.com\/es\/endocrine\/understanding-adrenal-cancer\/diagnosis\/","name":"CMedEd | Informaci\u00f3n para comprender el c\u00e1ncer suprarrenal | Diagn\u00f3stico","isPartOf":{"@id":"https:\/\/cmeded.com\/es\/#website"},"datePublished":"2014-02-12T17:38:32+00:00","dateModified":"2023-08-24T23:51:16+00:00","description":"Diagn\u00f3stico Si una persona tiene alg\u00fan s\u00edntoma de c\u00e1ncer suprarrenal, el m\u00e9dico debe realizarle un examen f\u00edsico y considerar todos sus antecedentes","breadcrumb":{"@id":"https:\/\/cmeded.com\/es\/endocrine\/understanding-adrenal-cancer\/diagnosis\/#breadcrumb"},"inLanguage":"es","potentialAction":[{"@type":"ReadAction","target":["https:\/\/cmeded.com\/es\/endocrine\/understanding-adrenal-cancer\/diagnosis\/"]}]},{"@type":"BreadcrumbList","@id":"https:\/\/cmeded.com\/es\/endocrine\/understanding-adrenal-cancer\/diagnosis\/#breadcrumb","itemListElement":[{"@type":"ListItem","position":1,"name":"Home","item":"https:\/\/cmeded.com\/es\/"},{"@type":"ListItem","position":2,"name":"Endocrino","item":"https:\/\/cmeded.com\/es\/endocrine\/"},{"@type":"ListItem","position":3,"name":"Informaci\u00f3n para comprender el c\u00e1ncer suprarrenal","item":"https:\/\/cmeded.com\/es\/endocrine\/understanding-adrenal-cancer\/"},{"@type":"ListItem","position":4,"name":"Diagn\u00f3stico"}]},{"@type":"WebSite","@id":"https:\/\/cmeded.com\/es\/#website","url":"https:\/\/cmeded.com\/es\/","name":"CMedEd","description":"Recurso principal de informaci\u00f3n sobre el c\u00e1ncer","potentialAction":[{"@type":"SearchAction","target":{"@type":"EntryPoint","urlTemplate":"https:\/\/cmeded.com\/es\/?s={search_term_string}"},"query-input":{"@type":"PropertyValueSpecification","valueRequired":true,"valueName":"search_term_string"}}],"inLanguage":"es"}]}},"_links":{"self":[{"href":"https:\/\/cmeded.com\/es\/wp-json\/wp\/v2\/pages\/14474","targetHints":{"allow":["GET"]}}],"collection":[{"href":"https:\/\/cmeded.com\/es\/wp-json\/wp\/v2\/pages"}],"about":[{"href":"https:\/\/cmeded.com\/es\/wp-json\/wp\/v2\/types\/page"}],"author":[{"embeddable":true,"href":"https:\/\/cmeded.com\/es\/wp-json\/wp\/v2\/users\/5"}],"replies":[{"embeddable":true,"href":"https:\/\/cmeded.com\/es\/wp-json\/wp\/v2\/comments?post=14474"}],"version-history":[{"count":0,"href":"https:\/\/cmeded.com\/es\/wp-json\/wp\/v2\/pages\/14474\/revisions"}],"up":[{"embeddable":true,"href":"https:\/\/cmeded.com\/es\/wp-json\/wp\/v2\/pages\/14430"}],"wp:attachment":[{"href":"https:\/\/cmeded.com\/es\/wp-json\/wp\/v2\/media?parent=14474"}],"wp:term":[{"taxonomy":"post_tag","embeddable":true,"href":"https:\/\/cmeded.com\/es\/wp-json\/wp\/v2\/tags?post=14474"}],"curies":[{"name":"wp","href":"https:\/\/api.w.org\/{rel}","templated":true}]}}