{"id":1073,"date":"2012-12-08T19:50:40","date_gmt":"2012-12-09T01:50:40","guid":{"rendered":"http:\/\/www.cmeded.com\/?page_id=1073"},"modified":"2023-08-24T18:47:47","modified_gmt":"2023-08-24T23:47:47","slug":"cancer-caregivers-guide","status":"publish","type":"page","link":"https:\/\/cmeded.com\/es\/cancer-explained\/cancer-caregivers-guide\/","title":{"rendered":"Gu\u00eda para cuidadores de personas que padecen c\u00e1ncer"},"content":{"rendered":"<h3 class=\"page-title\" style=\"width:100%;\">Gu\u00eda para cuidadores de personas que padecen c\u00e1ncer<\/h3>\n<div class=\"divider double \" id=\"\">\n\t\n\t<\/div>\n<div class=\"printer-icon\" onClick=\"window.print()\"><span class=\"print-text\">Print<\/span><\/div>\n<h4 id=\"overview\" class=\"section-title\">Deberes del cuidador<\/h4>\n<p class=\"section-content\">En general, un cuidador es un pariente cercano de un paciente oncol\u00f3gico que le brinda asistencia f\u00edsica y apoyo emocional a lo largo de todo el tratamiento. La funci\u00f3n del cuidador comienza una vez que el c\u00e1ncer o los tratamientos empiezan a interferir en la vida diaria del paciente.  Los cuidadores tienen muchas responsabilidades y son un integrante clave del equipo de atenci\u00f3n m\u00e9dica.  Entre algunas de estas responsabilidades, se incluyen las siguientes:<\/p>\n<div class=\"symp-pic\"><img decoding=\"async\" src=\"\/wp-content\/uploads\/2013\/02\/Caregivers175.jpg\" class=\"aligncenter\" alt=\"Deberes del cuidador\" \/><\/div>\n<div class=\"risk-text-wrap\">\n<ul class=\"about-content\">\n<li>Hacer las compras para el paciente<\/li>\n<li>Llevar al paciente en autom\u00f3vil a las consultas m\u00e9dicas<\/li>\n<li>Cocinarle al paciente<\/li>\n<li>Ayudar a ba\u00f1ar y cambiar al paciente<\/li>\n<li>Realizar la limpieza para el paciente<\/li>\n<li>Pagar las cuentas del paciente<\/li>\n<li>Administrarle los medicamentos al paciente<\/li>\n<\/ul>\n<\/div>\n<div class=\"clearboth\"><\/div>\n<div class=\"divider\" id=\"\">\n\t\n\t<\/div>\n<h4 id=\"patient\" class=\"section-title\">C\u00f3mo comunicarse con el paciente<\/h4>\n<div class=\"symp-pic\">\n<img decoding=\"async\" src=\"\/wp-content\/uploads\/2013\/09\/WhiteCouple140x200.png\" alt=\"C\u00f3mo comunicarse con el paciente\" class=\"aligncenter\" \/>\n<\/div>\n<div class=\"risk-text-wrap\">\n<p class=\"section-content\">Debe recordar que debe comunicarse con el paciente a lo largo de todo este proceso, averiguar cu\u00e1nta ayuda de su parte desea obtener y qu\u00e9 nivel de asistencia necesita.  Algunos pacientes desean mantenerse informados e involucrarse en el tratamiento en gran medida; mientras que otros se sienten abrumados y solo pueden lidiar con la informaci\u00f3n m\u00e1s b\u00e1sica.  Preg\u00fantele al paciente qu\u00e9 desea y qu\u00e9 puede hacer usted para facilitarle la vida, pero solo haga lo que le pida.  Si le quita demasiada responsabilidad al paciente, este puede sentirse incapaz e impotente. Deje que el paciente planifique su d\u00eda y que tome decisiones importantes respecto del tratamiento.<\/p>\n<\/div>\n<div class=\"clearboth\"><\/div>\n<div class=\"divider\" id=\"\">\n\t\n\t<\/div>\n<h4 id=\"team\" class=\"section-title\">C\u00f3mo comunicarse con el equipo de tratamiento<\/h4>\n<p class=\"section-content\">Es importante establecer una buena relaci\u00f3n con el resto del equipo de atenci\u00f3n m\u00e9dica a fin de brindarle al paciente la mejor y m\u00e1s eficiente atenci\u00f3n. A continuaci\u00f3n, se enumeran algunos consejos \u00fatiles para la comunicaci\u00f3n con los m\u00e9dicos:<\/p>\n<div class=\"symp-pic\">\n<img decoding=\"async\" src=\"\/wp-content\/uploads\/2013\/03\/TreatmentTeam198x200.jpg\" alt=\"Equipo de tratamiento\" class=\"aligncenter\"\/>\n<\/div>\n<div class=\"risk-text-wrap\">\n<ul class=\"about-content\">\n<li>P\u00eddale al m\u00e9dico que sea abierto, directo y pr\u00e1ctico.<\/li>\n<li>Anote las preguntas para no olvidarlas.<\/li>\n<li>Sea claro y conciso. Haga hincapi\u00e9 solo en el tema que se est\u00e1 tratando.<\/li>\n<li>Programe una consulta para que el m\u00e9dico le responda todas las preguntas.<\/li>\n<li>Inf\u00f3rmese sobre la enfermedad que padece su ser querido.<\/li>\n<li>Conozca la funci\u00f3n que desempe\u00f1a cada integrante del equipo de tratamiento.<\/li>\n<li>De vez en cuando, agrad\u00e9zcales a los m\u00e9dicos la ayuda que brindan.<\/li>\n<\/ul>\n<\/div>\n<div class=\"clearboth\"><\/div>\n<div class=\"divider\" id=\"\">\n\t\n\t<\/div>\n<h4 id=\"burnout\" class=\"section-title\">Desgaste de los cuidadores<\/h4>\n<p class=\"section-content\">El cuidado de una persona que padece c\u00e1ncer constituye una enorme responsabilidad que a veces puede sentirse como si fuera un empleo a tiempo completo. Muchos cuidadores quieren estar disponibles para sus seres queridos las 24 horas del d\u00eda, pero tambi\u00e9n deben atender sus responsabilidades habituales.  Posiblemente sienta que no tiene el tiempo ni las energ\u00edas para lidiar con todas las tareas.  Los cuidadores que ignoran sus propias necesidades pueden terminar desgastados, enfermos y deprimidos. A continuaci\u00f3n, se mencionan algunos de los s\u00edntomas del desgaste que sufren los cuidadores:<\/p>\n<div class=\"one_half\">\n<div class=\"divider\" id=\"\">\n\t\n\t<\/div><\/p>\n<div class=\"risk-factor\">\n<div class=\"symp-pic\"><img decoding=\"async\" src=\"\/wp-content\/uploads\/2013\/03\/Angry-Man-209x200.jpg\" class=\"aligncenter\" alt=\"Irritabilidad\" style=\"height:125px;\"><\/div>\n<div>\n<h5 class=\"section-title\">Irritabilidad, p\u00e9rdida de la paciencia con facilidad y altibajos emocionales<\/h5>\n<\/div>\n<div class=\"clearboth\"><\/div>\n<\/div>\n<div class=\"divider\" id=\"\">\n\t\n\t<\/div>\n<div class=\"risk-factor\">\n<div class=\"symp-pic\"><img decoding=\"async\" src=\"\/wp-content\/uploads\/2013\/02\/Fatigue.jpg\" class=\"aligncenter\" alt=\"Cansancio\" style=\"height:125px;\"><\/div>\n<div>\n<h5 class=\"section-title\">Cansancio o agotamiento<\/h5>\n<\/div>\n<div class=\"clearboth\"><\/div>\n<\/div>\n<div class=\"divider\" id=\"\">\n\t\n\t<\/div>\n<div class=\"risk-factor\">\n<div class=\"symp-pic\"><img decoding=\"async\" src=\"\/wp-content\/uploads\/2013\/09\/WomanSleeping305x125.png\" class=\"aligncenter\" alt=\"Insomnio\" style=\"height:125px;\"><\/div>\n<div>\n<h5 class=\"section-title\">Insomnio o dificultad para dormir<\/h5>\n<\/div>\n<div class=\"clearboth\"><\/div>\n<\/div>\n<div class=\"divider\" id=\"\">\n\t\n\t<\/div>\n<div class=\"risk-factor\">\n<div class=\"symp-pic\"><img decoding=\"async\" src=\"\/wp-content\/uploads\/2013\/03\/Poor-Appetite-169x200.jpg\" class=\"aligncenter\" alt=\"Cambios en el apetito\" style=\"height:125px;\"><\/div>\n<div>\n<h5 class=\"section-title\">Cambios en el apetito (comer mucho m\u00e1s o mucho menos de lo normal)<\/h5>\n<\/div>\n<div class=\"clearboth\"><\/div>\n<\/div>\n<div class=\"divider\" id=\"\">\n\t\n\t<\/div>\n<div class=\"risk-factor\">\n<div class=\"symp-pic\"><img decoding=\"async\" src=\"\/wp-content\/uploads\/2013\/02\/AlcTob1.jpg\" class=\"aligncenter\" alt=\"Mayor consumo de sustancias nocivas (alcohol, drogas o tabaco)\" style=\"height:125px;\"><\/div>\n<div>\n<h5 class=\"section-title\">Mayor consumo de sustancias nocivas (alcohol, drogas o tabaco)<\/h5>\n<\/div>\n<div class=\"clearboth\"><\/div>\n<\/div>\n<div class=\"divider\" id=\"\">\n\t\n\t<\/div>\n<div class=\"risk-factor\">\n<div class=\"symp-pic\"><img decoding=\"async\" src=\"\/wp-content\/uploads\/2013\/03\/Guilt253x150.png\" class=\"aligncenter\" alt=\"Sentimiento de culpa o resentimiento\" style=\"height:125px;\"><\/div>\n<div>\n<h5 class=\"section-title\">Sentimiento de culpa o resentimiento<\/h5>\n<\/div>\n<div class=\"clearboth\"><\/div>\n<\/div>\n<div class=\"divider\" id=\"\">\n\t\n\t<\/div><\/div>\n<div class=\"one_half last\">\n<div class=\"divider\" id=\"remove-divider\">\n\t\n\t<\/div><\/p>\n<div class=\"risk-factor\">\n<div class=\"symp-pic\"><img decoding=\"async\" src=\"\/wp-content\/uploads\/2013\/03\/Caregivers-Overwhelmed-202x175.jpg\" class=\"aligncenter\" alt=\"Sentirse abrumado\" style=\"height:125px;\"><\/div>\n<div>\n<h5 class=\"section-title\">Sentirse abrumado, incapaz de equilibrar la funci\u00f3n con las dem\u00e1s responsabilidades<\/h5>\n<\/div>\n<div class=\"clearboth\"><\/div>\n<\/div>\n<div class=\"divider\" id=\"\">\n\t\n\t<\/div>\n<div class=\"risk-factor\">\n<div class=\"symp-pic\"><img decoding=\"async\" src=\"\/wp-content\/uploads\/2013\/03\/Caregivers-Depression-144x150.jpg\" class=\"aligncenter\" alt=\"Depresi\u00f3n\" style=\"height:125px;\"><\/div>\n<div>\n<h5 class=\"section-title\">Depresi\u00f3n, retraerse de los amigos y las actividades<\/h5>\n<\/div>\n<div class=\"clearboth\"><\/div>\n<\/div>\n<div class=\"divider\" id=\"\">\n\t\n\t<\/div>\n<div class=\"risk-factor\">\n<div class=\"symp-pic\"><img decoding=\"async\" src=\"\/wp-content\/uploads\/2013\/03\/ThinkingConcentrating182x175.jpg\" class=\"aligncenter\" alt=\"Dificultades para pensar con claridad y para tomar decisiones\" style=\"height:125px;\"><\/div>\n<div>\n<h5 class=\"section-title\">Dificultades para pensar con claridad y para tomar decisiones<\/h5>\n<\/div>\n<div class=\"clearboth\"><\/div>\n<\/div>\n<div class=\"divider\" id=\"\">\n\t\n\t<\/div>\n<div class=\"risk-factor\">\n<div class=\"symp-pic\"><img decoding=\"async\" src=\"\/wp-content\/uploads\/2013\/02\/Headaches2.jpg\" class=\"aligncenter\" alt=\"Dolor de cabeza\" style=\"height:125px;\"><\/div>\n<div>\n<h5 class=\"section-title\">Dolor de cabeza<\/h5>\n<\/div>\n<div class=\"clearboth\"><\/div>\n<\/div>\n<div class=\"divider\" id=\"\">\n\t\n\t<\/div>\n<div class=\"risk-factor\">\n<div class=\"symp-pic\"><img decoding=\"async\" src=\"\/wp-content\/uploads\/2013\/02\/DiarrheaNew.jpg\" class=\"aligncenter\" alt=\"Problemas estomacales o sentirse descompuesto\" style=\"height:125px;\"><\/div>\n<div>\n<h5 class=\"section-title\">Problemas estomacales o sentirse descompuesto<\/h5>\n<\/div>\n<div class=\"clearboth\"><\/div>\n<\/div>\n<div class=\"divider\" id=\"\">\n\t\n\t<\/div><\/div>\n<div class=\"clearboth\"><\/div>\n<div class=\"divider\" id=\"\">\n\t\n\t<\/div>\n<h4 id=\"yourself\" class=\"section-title\">C\u00f3mo cuidarse<\/h4>\n<p class=\"section-content\">Cuidar a una persona que ama tambi\u00e9n puede ser una experiencia muy reconfortante. A continuaci\u00f3n, se ofrecen algunos consejos para que cuide su salud f\u00edsica y emocional y evite el desgaste:<\/p>\n<div class=\"symp-pic\"><img decoding=\"async\" src=\"\/wp-content\/uploads\/2013\/02\/CaringForYourself.jpg\" alt=\"C\u00f3mo cuidarse\" class=\"aligncenter\" \/><\/div>\n<div class=\"risk-text-wrap\">\n<ul class=\"about-content\">\n<li>Haga mucha actividad f\u00edsica<\/li>\n<li>Adopte una alimentaci\u00f3n nutritiva<\/li>\n<li>Duerma durante una determinada cantidad de horas<\/li>\n<li>No falte a sus propias consultas m\u00e9dicas y tome los medicamentos<\/li>\n<li>Practique meditaci\u00f3n o yoga<\/li>\n<li>Reserve tiempo para sus actividades y pasatiempos favoritos<\/li>\n<li>\u00danase a un grupo de apoyo<\/li>\n<li>Hable con un integrante de la familia. Pida ayuda<\/li>\n<li>Rece, medite o lea material religioso<\/li>\n<li>T\u00f3mese un descanso<\/li>\n<li>Lleve un registro diario<\/li>\n<li>Considere obtener ayuda profesional<\/li>\n<\/ul>\n<\/div>\n<div class=\"clearboth\"><\/div>\n<div class=\"divider\" id=\"\">\n\t\n\t<\/div>\n<h4 id=\"docs\" class=\"section-title\">Informaci\u00f3n \u00fatil y documentos importantes<\/h4>\n<p class=\"section-content\">A continuaci\u00f3n, se detalla informaci\u00f3n que debe tener a disposici\u00f3n cuando cuida a un ser querido:<\/p>\n<div class=\"symp-pic\">\n<img decoding=\"async\" src=\"\/wp-content\/uploads\/sites\/4\/2015\/06\/New-Folders-es-1004x1024.jpg\" alt=\"Informaci\u00f3n \u00fatil y documentos importantes\" class=\"aligncenter\" style=\"max-height:200px;\"\/>\n<\/div>\n<div class=\"risk-text-wrap\">\n<ul class=\"about-content\">\n<li>N\u00fameros del seguro social y Medicare, certificados de nacimiento y matrimonio y pasaportes<\/li>\n<li>Informaci\u00f3n sobre el seguro primario y secundario<\/li>\n<li>Cuentas bancarias, n\u00fameros de cuentas, informaci\u00f3n de las tarjetas de cr\u00e9dito, etc.<\/li>\n<li>Registro de veh\u00edculos motorizados<\/li>\n<li>T\u00edtulos de propiedad y contratos de arrendamiento<\/li>\n<li>Declaraci\u00f3n y registros de impuestos<\/li>\n<li>Poder notarial, testamento vital u otro documento de voluntad anticipada<\/li>\n<\/ul>\n<\/div>\n<div class=\"clearboth\"><\/div>\n","protected":false},"excerpt":{"rendered":"<p>En general, un cuidador es un pariente cercano de un paciente oncol\u00f3gico que le brinda asistencia f\u00edsica y apoyo emocional a lo largo de todo el tratamiento. La funci\u00f3n del cuidador comienza una vez que el c\u00e1ncer o los tratamientos empiezan a interferir en la vida diaria del paciente.  Los cuidadores tienen muchas responsabilidades y son un integrante clave del equipo de atenci\u00f3n m\u00e9dica.<\/p>\n","protected":false},"author":5,"featured_media":19539,"parent":16399,"menu_order":0,"comment_status":"closed","ping_status":"open","template":"","meta":{"footnotes":""},"tags":[10],"class_list":["post-1073","page","type-page","status-publish","has-post-thumbnail","hentry","tag-members-only"],"yoast_head":"<!-- This site is optimized with the Yoast SEO plugin v25.0 - https:\/\/yoast.com\/wordpress\/plugins\/seo\/ -->\n<title>CMedEd | Explicaci\u00f3n sobre el c\u00e1ncer | Gu\u00eda para cuidadores de personas que padecen c\u00e1ncer<\/title>\n<meta name=\"description\" content=\"En general, un cuidador es un pariente cercano de un paciente oncol\u00f3gico que le brinda asistencia f\u00edsica y apoyo emocional a lo largo de todo el tratamiento. La funci\u00f3n del cuidador comienza una vez que el c\u00e1ncer o los tratamientos empiezan a interferir en la vida diaria del paciente. Los cuidadores tienen muchas responsabilidades y son un integrante clave del equipo de atenci\u00f3n m\u00e9dica.\" \/>\n<meta name=\"robots\" content=\"index, follow, max-snippet:-1, max-image-preview:large, max-video-preview:-1\" \/>\n<link rel=\"canonical\" href=\"https:\/\/cmeded.com\/es\/cancer-explained\/cancer-caregivers-guide\/\" \/>\n<meta property=\"og:locale\" content=\"es_ES\" \/>\n<meta property=\"og:type\" content=\"article\" \/>\n<meta property=\"og:title\" content=\"CMedEd | Explicaci\u00f3n sobre el c\u00e1ncer | Gu\u00eda para cuidadores de personas que padecen c\u00e1ncer\" \/>\n<meta property=\"og:description\" content=\"En general, un cuidador es un pariente cercano de un paciente oncol\u00f3gico que le brinda asistencia f\u00edsica y apoyo emocional a lo largo de todo el tratamiento. La funci\u00f3n del cuidador comienza una vez que el c\u00e1ncer o los tratamientos empiezan a interferir en la vida diaria del paciente. Los cuidadores tienen muchas responsabilidades y son un integrante clave del equipo de atenci\u00f3n m\u00e9dica.\" \/>\n<meta property=\"og:url\" content=\"https:\/\/cmeded.com\/es\/cancer-explained\/cancer-caregivers-guide\/\" \/>\n<meta property=\"og:site_name\" content=\"CMedEd\" \/>\n<meta property=\"article:modified_time\" content=\"2023-08-24T23:47:47+00:00\" \/>\n<meta property=\"og:image\" content=\"https:\/\/cmeded.com\/wp-content\/uploads\/sites\/4\/2012\/11\/WhiteCouple200.jpg\" \/>\n\t<meta property=\"og:image:width\" content=\"144\" \/>\n\t<meta property=\"og:image:height\" content=\"200\" \/>\n\t<meta property=\"og:image:type\" content=\"image\/jpeg\" \/>\n<meta name=\"twitter:card\" content=\"summary_large_image\" \/>\n<meta name=\"twitter:label1\" content=\"Tiempo de lectura\" \/>\n\t<meta name=\"twitter:data1\" content=\"4 minutos\" \/>\n<script type=\"application\/ld+json\" class=\"yoast-schema-graph\">{\"@context\":\"https:\/\/schema.org\",\"@graph\":[{\"@type\":\"WebPage\",\"@id\":\"https:\/\/cmeded.com\/es\/cancer-explained\/cancer-caregivers-guide\/\",\"url\":\"https:\/\/cmeded.com\/es\/cancer-explained\/cancer-caregivers-guide\/\",\"name\":\"CMedEd | Explicaci\u00f3n sobre el c\u00e1ncer | Gu\u00eda para cuidadores de personas que padecen c\u00e1ncer\",\"isPartOf\":{\"@id\":\"https:\/\/cmeded.com\/es\/#website\"},\"primaryImageOfPage\":{\"@id\":\"https:\/\/cmeded.com\/es\/cancer-explained\/cancer-caregivers-guide\/#primaryimage\"},\"image\":{\"@id\":\"https:\/\/cmeded.com\/es\/cancer-explained\/cancer-caregivers-guide\/#primaryimage\"},\"thumbnailUrl\":\"https:\/\/cmeded.com\/wp-content\/uploads\/sites\/4\/2012\/11\/WhiteCouple200.jpg\",\"datePublished\":\"2012-12-09T01:50:40+00:00\",\"dateModified\":\"2023-08-24T23:47:47+00:00\",\"description\":\"En general, un cuidador es un pariente cercano de un paciente oncol\u00f3gico que le brinda asistencia f\u00edsica y apoyo emocional a lo largo de todo el tratamiento. La funci\u00f3n del cuidador comienza una vez que el c\u00e1ncer o los tratamientos empiezan a interferir en la vida diaria del paciente. Los cuidadores tienen muchas responsabilidades y son un integrante clave del equipo de atenci\u00f3n m\u00e9dica.\",\"breadcrumb\":{\"@id\":\"https:\/\/cmeded.com\/es\/cancer-explained\/cancer-caregivers-guide\/#breadcrumb\"},\"inLanguage\":\"es\",\"potentialAction\":[{\"@type\":\"ReadAction\",\"target\":[\"https:\/\/cmeded.com\/es\/cancer-explained\/cancer-caregivers-guide\/\"]}]},{\"@type\":\"ImageObject\",\"inLanguage\":\"es\",\"@id\":\"https:\/\/cmeded.com\/es\/cancer-explained\/cancer-caregivers-guide\/#primaryimage\",\"url\":\"https:\/\/cmeded.com\/wp-content\/uploads\/sites\/4\/2012\/11\/WhiteCouple200.jpg\",\"contentUrl\":\"https:\/\/cmeded.com\/wp-content\/uploads\/sites\/4\/2012\/11\/WhiteCouple200.jpg\",\"width\":144,\"height\":200},{\"@type\":\"BreadcrumbList\",\"@id\":\"https:\/\/cmeded.com\/es\/cancer-explained\/cancer-caregivers-guide\/#breadcrumb\",\"itemListElement\":[{\"@type\":\"ListItem\",\"position\":1,\"name\":\"Home\",\"item\":\"https:\/\/cmeded.com\/es\/\"},{\"@type\":\"ListItem\",\"position\":2,\"name\":\"Explicaci\u00f3n sobre el c\u00e1ncer\",\"item\":\"https:\/\/cmeded.com\/es\/cancer-explained\/\"},{\"@type\":\"ListItem\",\"position\":3,\"name\":\"Gu\u00eda para cuidadores de personas que padecen c\u00e1ncer\"}]},{\"@type\":\"WebSite\",\"@id\":\"https:\/\/cmeded.com\/es\/#website\",\"url\":\"https:\/\/cmeded.com\/es\/\",\"name\":\"CMedEd\",\"description\":\"Recurso principal de informaci\u00f3n sobre el c\u00e1ncer\",\"potentialAction\":[{\"@type\":\"SearchAction\",\"target\":{\"@type\":\"EntryPoint\",\"urlTemplate\":\"https:\/\/cmeded.com\/es\/?s={search_term_string}\"},\"query-input\":{\"@type\":\"PropertyValueSpecification\",\"valueRequired\":true,\"valueName\":\"search_term_string\"}}],\"inLanguage\":\"es\"}]}<\/script>\n<!-- \/ Yoast SEO plugin. -->","yoast_head_json":{"title":"CMedEd | Explicaci\u00f3n sobre el c\u00e1ncer | Gu\u00eda para cuidadores de personas que padecen c\u00e1ncer","description":"En general, un cuidador es un pariente cercano de un paciente oncol\u00f3gico que le brinda asistencia f\u00edsica y apoyo emocional a lo largo de todo el tratamiento. La funci\u00f3n del cuidador comienza una vez que el c\u00e1ncer o los tratamientos empiezan a interferir en la vida diaria del paciente. Los cuidadores tienen muchas responsabilidades y son un integrante clave del equipo de atenci\u00f3n m\u00e9dica.","robots":{"index":"index","follow":"follow","max-snippet":"max-snippet:-1","max-image-preview":"max-image-preview:large","max-video-preview":"max-video-preview:-1"},"canonical":"https:\/\/cmeded.com\/es\/cancer-explained\/cancer-caregivers-guide\/","og_locale":"es_ES","og_type":"article","og_title":"CMedEd | Explicaci\u00f3n sobre el c\u00e1ncer | Gu\u00eda para cuidadores de personas que padecen c\u00e1ncer","og_description":"En general, un cuidador es un pariente cercano de un paciente oncol\u00f3gico que le brinda asistencia f\u00edsica y apoyo emocional a lo largo de todo el tratamiento. La funci\u00f3n del cuidador comienza una vez que el c\u00e1ncer o los tratamientos empiezan a interferir en la vida diaria del paciente. Los cuidadores tienen muchas responsabilidades y son un integrante clave del equipo de atenci\u00f3n m\u00e9dica.","og_url":"https:\/\/cmeded.com\/es\/cancer-explained\/cancer-caregivers-guide\/","og_site_name":"CMedEd","article_modified_time":"2023-08-24T23:47:47+00:00","og_image":[{"width":144,"height":200,"url":"https:\/\/cmeded.com\/wp-content\/uploads\/sites\/4\/2012\/11\/WhiteCouple200.jpg","type":"image\/jpeg"}],"twitter_card":"summary_large_image","twitter_misc":{"Tiempo de lectura":"4 minutos"},"schema":{"@context":"https:\/\/schema.org","@graph":[{"@type":"WebPage","@id":"https:\/\/cmeded.com\/es\/cancer-explained\/cancer-caregivers-guide\/","url":"https:\/\/cmeded.com\/es\/cancer-explained\/cancer-caregivers-guide\/","name":"CMedEd | Explicaci\u00f3n sobre el c\u00e1ncer | Gu\u00eda para cuidadores de personas que padecen c\u00e1ncer","isPartOf":{"@id":"https:\/\/cmeded.com\/es\/#website"},"primaryImageOfPage":{"@id":"https:\/\/cmeded.com\/es\/cancer-explained\/cancer-caregivers-guide\/#primaryimage"},"image":{"@id":"https:\/\/cmeded.com\/es\/cancer-explained\/cancer-caregivers-guide\/#primaryimage"},"thumbnailUrl":"https:\/\/cmeded.com\/wp-content\/uploads\/sites\/4\/2012\/11\/WhiteCouple200.jpg","datePublished":"2012-12-09T01:50:40+00:00","dateModified":"2023-08-24T23:47:47+00:00","description":"En general, un cuidador es un pariente cercano de un paciente oncol\u00f3gico que le brinda asistencia f\u00edsica y apoyo emocional a lo largo de todo el tratamiento. La funci\u00f3n del cuidador comienza una vez que el c\u00e1ncer o los tratamientos empiezan a interferir en la vida diaria del paciente. Los cuidadores tienen muchas responsabilidades y son un integrante clave del equipo de atenci\u00f3n m\u00e9dica.","breadcrumb":{"@id":"https:\/\/cmeded.com\/es\/cancer-explained\/cancer-caregivers-guide\/#breadcrumb"},"inLanguage":"es","potentialAction":[{"@type":"ReadAction","target":["https:\/\/cmeded.com\/es\/cancer-explained\/cancer-caregivers-guide\/"]}]},{"@type":"ImageObject","inLanguage":"es","@id":"https:\/\/cmeded.com\/es\/cancer-explained\/cancer-caregivers-guide\/#primaryimage","url":"https:\/\/cmeded.com\/wp-content\/uploads\/sites\/4\/2012\/11\/WhiteCouple200.jpg","contentUrl":"https:\/\/cmeded.com\/wp-content\/uploads\/sites\/4\/2012\/11\/WhiteCouple200.jpg","width":144,"height":200},{"@type":"BreadcrumbList","@id":"https:\/\/cmeded.com\/es\/cancer-explained\/cancer-caregivers-guide\/#breadcrumb","itemListElement":[{"@type":"ListItem","position":1,"name":"Home","item":"https:\/\/cmeded.com\/es\/"},{"@type":"ListItem","position":2,"name":"Explicaci\u00f3n sobre el c\u00e1ncer","item":"https:\/\/cmeded.com\/es\/cancer-explained\/"},{"@type":"ListItem","position":3,"name":"Gu\u00eda para cuidadores de personas que padecen c\u00e1ncer"}]},{"@type":"WebSite","@id":"https:\/\/cmeded.com\/es\/#website","url":"https:\/\/cmeded.com\/es\/","name":"CMedEd","description":"Recurso principal de informaci\u00f3n sobre el c\u00e1ncer","potentialAction":[{"@type":"SearchAction","target":{"@type":"EntryPoint","urlTemplate":"https:\/\/cmeded.com\/es\/?s={search_term_string}"},"query-input":{"@type":"PropertyValueSpecification","valueRequired":true,"valueName":"search_term_string"}}],"inLanguage":"es"}]}},"_links":{"self":[{"href":"https:\/\/cmeded.com\/es\/wp-json\/wp\/v2\/pages\/1073","targetHints":{"allow":["GET"]}}],"collection":[{"href":"https:\/\/cmeded.com\/es\/wp-json\/wp\/v2\/pages"}],"about":[{"href":"https:\/\/cmeded.com\/es\/wp-json\/wp\/v2\/types\/page"}],"author":[{"embeddable":true,"href":"https:\/\/cmeded.com\/es\/wp-json\/wp\/v2\/users\/5"}],"replies":[{"embeddable":true,"href":"https:\/\/cmeded.com\/es\/wp-json\/wp\/v2\/comments?post=1073"}],"version-history":[{"count":0,"href":"https:\/\/cmeded.com\/es\/wp-json\/wp\/v2\/pages\/1073\/revisions"}],"up":[{"embeddable":true,"href":"https:\/\/cmeded.com\/es\/wp-json\/wp\/v2\/pages\/16399"}],"wp:featuredmedia":[{"embeddable":true,"href":"https:\/\/cmeded.com\/es\/wp-json\/wp\/v2\/media\/19539"}],"wp:attachment":[{"href":"https:\/\/cmeded.com\/es\/wp-json\/wp\/v2\/media?parent=1073"}],"wp:term":[{"taxonomy":"post_tag","embeddable":true,"href":"https:\/\/cmeded.com\/es\/wp-json\/wp\/v2\/tags?post=1073"}],"curies":[{"name":"wp","href":"https:\/\/api.w.org\/{rel}","templated":true}]}}