{"id":1071,"date":"2012-12-08T19:50:23","date_gmt":"2012-12-09T01:50:23","guid":{"rendered":"http:\/\/www.cmeded.com\/?page_id=1071"},"modified":"2023-08-24T18:47:47","modified_gmt":"2023-08-24T23:47:47","slug":"recurrent-cancer","status":"publish","type":"page","link":"https:\/\/cmeded.com\/es\/cancer-explained\/recurrent-cancer\/","title":{"rendered":"C\u00e1ncer recidivante"},"content":{"rendered":"","protected":false},"excerpt":{"rendered":"<p>Han culminado los tratamientos contra el c\u00e1ncer y el m\u00e9dico ya no encuentra c\u00e9lulas cancerosas en el organismo.  El m\u00e9dico le comenta que el c\u00e1ncer est\u00e1 en remisi\u00f3n, lo que significa que el tratamiento fue exitoso y que el c\u00e1ncer desapareci\u00f3.  Es posible que se sienta feliz por haber sobrevivido al c\u00e1ncer o, quiz\u00e1s, a\u00fan puede sentirse f\u00edsica y emocionalmente agotado por el tratamiento.<\/p>\n","protected":false},"author":5,"featured_media":19588,"parent":16399,"menu_order":0,"comment_status":"closed","ping_status":"open","template":"","meta":{"footnotes":""},"tags":[10],"class_list":["post-1071","page","type-page","status-publish","has-post-thumbnail","hentry","tag-members-only"],"yoast_head":"<!-- This site is optimized with the Yoast SEO plugin v25.0 - https:\/\/yoast.com\/wordpress\/plugins\/seo\/ -->\n<title>CMedEd | Explicaci\u00f3n sobre el c\u00e1ncer | C\u00e1ncer recidivante<\/title>\n<meta name=\"description\" content=\"Han culminado los tratamientos contra el c\u00e1ncer y el m\u00e9dico ya no encuentra c\u00e9lulas cancerosas en el organismo. El m\u00e9dico le comenta que el c\u00e1ncer est\u00e1 en remisi\u00f3n, lo que significa que el tratamiento fue exitoso y que el c\u00e1ncer desapareci\u00f3. Es posible que se sienta feliz por haber sobrevivido al c\u00e1ncer o, quiz\u00e1s, a\u00fan puede sentirse f\u00edsica y emocionalmente agotado por el tratamiento.\" \/>\n<meta name=\"robots\" content=\"index, follow, max-snippet:-1, max-image-preview:large, max-video-preview:-1\" \/>\n<link rel=\"canonical\" href=\"https:\/\/cmeded.com\/es\/cancer-explained\/recurrent-cancer\/\" \/>\n<meta property=\"og:locale\" content=\"es_ES\" \/>\n<meta property=\"og:type\" content=\"article\" \/>\n<meta property=\"og:title\" content=\"CMedEd | Explicaci\u00f3n sobre el c\u00e1ncer | C\u00e1ncer recidivante\" \/>\n<meta property=\"og:description\" content=\"Han culminado los tratamientos contra el c\u00e1ncer y el m\u00e9dico ya no encuentra c\u00e9lulas cancerosas en el organismo. El m\u00e9dico le comenta que el c\u00e1ncer est\u00e1 en remisi\u00f3n, lo que significa que el tratamiento fue exitoso y que el c\u00e1ncer desapareci\u00f3. Es posible que se sienta feliz por haber sobrevivido al c\u00e1ncer o, quiz\u00e1s, a\u00fan puede sentirse f\u00edsica y emocionalmente agotado por el tratamiento.\" \/>\n<meta property=\"og:url\" content=\"https:\/\/cmeded.com\/es\/cancer-explained\/recurrent-cancer\/\" \/>\n<meta property=\"og:site_name\" content=\"CMedEd\" \/>\n<meta property=\"article:modified_time\" content=\"2023-08-24T23:47:47+00:00\" \/>\n<meta property=\"og:image\" content=\"https:\/\/cmeded.com\/wp-content\/uploads\/sites\/4\/2012\/12\/Caregivers-Overwhelmed-202x175.jpg\" \/>\n\t<meta property=\"og:image:width\" content=\"202\" \/>\n\t<meta property=\"og:image:height\" content=\"175\" \/>\n\t<meta property=\"og:image:type\" content=\"image\/jpeg\" \/>\n<meta name=\"twitter:card\" content=\"summary_large_image\" \/>\n<script type=\"application\/ld+json\" class=\"yoast-schema-graph\">{\"@context\":\"https:\/\/schema.org\",\"@graph\":[{\"@type\":\"WebPage\",\"@id\":\"https:\/\/cmeded.com\/es\/cancer-explained\/recurrent-cancer\/\",\"url\":\"https:\/\/cmeded.com\/es\/cancer-explained\/recurrent-cancer\/\",\"name\":\"CMedEd | Explicaci\u00f3n sobre el c\u00e1ncer | C\u00e1ncer recidivante\",\"isPartOf\":{\"@id\":\"https:\/\/cmeded.com\/es\/#website\"},\"primaryImageOfPage\":{\"@id\":\"https:\/\/cmeded.com\/es\/cancer-explained\/recurrent-cancer\/#primaryimage\"},\"image\":{\"@id\":\"https:\/\/cmeded.com\/es\/cancer-explained\/recurrent-cancer\/#primaryimage\"},\"thumbnailUrl\":\"https:\/\/cmeded.com\/wp-content\/uploads\/sites\/4\/2012\/12\/Caregivers-Overwhelmed-202x175.jpg\",\"datePublished\":\"2012-12-09T01:50:23+00:00\",\"dateModified\":\"2023-08-24T23:47:47+00:00\",\"description\":\"Han culminado los tratamientos contra el c\u00e1ncer y el m\u00e9dico ya no encuentra c\u00e9lulas cancerosas en el organismo. El m\u00e9dico le comenta que el c\u00e1ncer est\u00e1 en remisi\u00f3n, lo que significa que el tratamiento fue exitoso y que el c\u00e1ncer desapareci\u00f3. Es posible que se sienta feliz por haber sobrevivido al c\u00e1ncer o, quiz\u00e1s, a\u00fan puede sentirse f\u00edsica y emocionalmente agotado por el tratamiento.\",\"breadcrumb\":{\"@id\":\"https:\/\/cmeded.com\/es\/cancer-explained\/recurrent-cancer\/#breadcrumb\"},\"inLanguage\":\"es\",\"potentialAction\":[{\"@type\":\"ReadAction\",\"target\":[\"https:\/\/cmeded.com\/es\/cancer-explained\/recurrent-cancer\/\"]}]},{\"@type\":\"ImageObject\",\"inLanguage\":\"es\",\"@id\":\"https:\/\/cmeded.com\/es\/cancer-explained\/recurrent-cancer\/#primaryimage\",\"url\":\"https:\/\/cmeded.com\/wp-content\/uploads\/sites\/4\/2012\/12\/Caregivers-Overwhelmed-202x175.jpg\",\"contentUrl\":\"https:\/\/cmeded.com\/wp-content\/uploads\/sites\/4\/2012\/12\/Caregivers-Overwhelmed-202x175.jpg\",\"width\":202,\"height\":175},{\"@type\":\"BreadcrumbList\",\"@id\":\"https:\/\/cmeded.com\/es\/cancer-explained\/recurrent-cancer\/#breadcrumb\",\"itemListElement\":[{\"@type\":\"ListItem\",\"position\":1,\"name\":\"Home\",\"item\":\"https:\/\/cmeded.com\/es\/\"},{\"@type\":\"ListItem\",\"position\":2,\"name\":\"Explicaci\u00f3n sobre el c\u00e1ncer\",\"item\":\"https:\/\/cmeded.com\/es\/cancer-explained\/\"},{\"@type\":\"ListItem\",\"position\":3,\"name\":\"C\u00e1ncer recidivante\"}]},{\"@type\":\"WebSite\",\"@id\":\"https:\/\/cmeded.com\/es\/#website\",\"url\":\"https:\/\/cmeded.com\/es\/\",\"name\":\"CMedEd\",\"description\":\"Recurso principal de informaci\u00f3n sobre el c\u00e1ncer\",\"potentialAction\":[{\"@type\":\"SearchAction\",\"target\":{\"@type\":\"EntryPoint\",\"urlTemplate\":\"https:\/\/cmeded.com\/es\/?s={search_term_string}\"},\"query-input\":{\"@type\":\"PropertyValueSpecification\",\"valueRequired\":true,\"valueName\":\"search_term_string\"}}],\"inLanguage\":\"es\"}]}<\/script>\n<!-- \/ Yoast SEO plugin. -->","yoast_head_json":{"title":"CMedEd | Explicaci\u00f3n sobre el c\u00e1ncer | C\u00e1ncer recidivante","description":"Han culminado los tratamientos contra el c\u00e1ncer y el m\u00e9dico ya no encuentra c\u00e9lulas cancerosas en el organismo. El m\u00e9dico le comenta que el c\u00e1ncer est\u00e1 en remisi\u00f3n, lo que significa que el tratamiento fue exitoso y que el c\u00e1ncer desapareci\u00f3. Es posible que se sienta feliz por haber sobrevivido al c\u00e1ncer o, quiz\u00e1s, a\u00fan puede sentirse f\u00edsica y emocionalmente agotado por el tratamiento.","robots":{"index":"index","follow":"follow","max-snippet":"max-snippet:-1","max-image-preview":"max-image-preview:large","max-video-preview":"max-video-preview:-1"},"canonical":"https:\/\/cmeded.com\/es\/cancer-explained\/recurrent-cancer\/","og_locale":"es_ES","og_type":"article","og_title":"CMedEd | Explicaci\u00f3n sobre el c\u00e1ncer | C\u00e1ncer recidivante","og_description":"Han culminado los tratamientos contra el c\u00e1ncer y el m\u00e9dico ya no encuentra c\u00e9lulas cancerosas en el organismo. El m\u00e9dico le comenta que el c\u00e1ncer est\u00e1 en remisi\u00f3n, lo que significa que el tratamiento fue exitoso y que el c\u00e1ncer desapareci\u00f3. Es posible que se sienta feliz por haber sobrevivido al c\u00e1ncer o, quiz\u00e1s, a\u00fan puede sentirse f\u00edsica y emocionalmente agotado por el tratamiento.","og_url":"https:\/\/cmeded.com\/es\/cancer-explained\/recurrent-cancer\/","og_site_name":"CMedEd","article_modified_time":"2023-08-24T23:47:47+00:00","og_image":[{"width":202,"height":175,"url":"https:\/\/cmeded.com\/wp-content\/uploads\/sites\/4\/2012\/12\/Caregivers-Overwhelmed-202x175.jpg","type":"image\/jpeg"}],"twitter_card":"summary_large_image","schema":{"@context":"https:\/\/schema.org","@graph":[{"@type":"WebPage","@id":"https:\/\/cmeded.com\/es\/cancer-explained\/recurrent-cancer\/","url":"https:\/\/cmeded.com\/es\/cancer-explained\/recurrent-cancer\/","name":"CMedEd | Explicaci\u00f3n sobre el c\u00e1ncer | C\u00e1ncer recidivante","isPartOf":{"@id":"https:\/\/cmeded.com\/es\/#website"},"primaryImageOfPage":{"@id":"https:\/\/cmeded.com\/es\/cancer-explained\/recurrent-cancer\/#primaryimage"},"image":{"@id":"https:\/\/cmeded.com\/es\/cancer-explained\/recurrent-cancer\/#primaryimage"},"thumbnailUrl":"https:\/\/cmeded.com\/wp-content\/uploads\/sites\/4\/2012\/12\/Caregivers-Overwhelmed-202x175.jpg","datePublished":"2012-12-09T01:50:23+00:00","dateModified":"2023-08-24T23:47:47+00:00","description":"Han culminado los tratamientos contra el c\u00e1ncer y el m\u00e9dico ya no encuentra c\u00e9lulas cancerosas en el organismo. El m\u00e9dico le comenta que el c\u00e1ncer est\u00e1 en remisi\u00f3n, lo que significa que el tratamiento fue exitoso y que el c\u00e1ncer desapareci\u00f3. Es posible que se sienta feliz por haber sobrevivido al c\u00e1ncer o, quiz\u00e1s, a\u00fan puede sentirse f\u00edsica y emocionalmente agotado por el tratamiento.","breadcrumb":{"@id":"https:\/\/cmeded.com\/es\/cancer-explained\/recurrent-cancer\/#breadcrumb"},"inLanguage":"es","potentialAction":[{"@type":"ReadAction","target":["https:\/\/cmeded.com\/es\/cancer-explained\/recurrent-cancer\/"]}]},{"@type":"ImageObject","inLanguage":"es","@id":"https:\/\/cmeded.com\/es\/cancer-explained\/recurrent-cancer\/#primaryimage","url":"https:\/\/cmeded.com\/wp-content\/uploads\/sites\/4\/2012\/12\/Caregivers-Overwhelmed-202x175.jpg","contentUrl":"https:\/\/cmeded.com\/wp-content\/uploads\/sites\/4\/2012\/12\/Caregivers-Overwhelmed-202x175.jpg","width":202,"height":175},{"@type":"BreadcrumbList","@id":"https:\/\/cmeded.com\/es\/cancer-explained\/recurrent-cancer\/#breadcrumb","itemListElement":[{"@type":"ListItem","position":1,"name":"Home","item":"https:\/\/cmeded.com\/es\/"},{"@type":"ListItem","position":2,"name":"Explicaci\u00f3n sobre el c\u00e1ncer","item":"https:\/\/cmeded.com\/es\/cancer-explained\/"},{"@type":"ListItem","position":3,"name":"C\u00e1ncer recidivante"}]},{"@type":"WebSite","@id":"https:\/\/cmeded.com\/es\/#website","url":"https:\/\/cmeded.com\/es\/","name":"CMedEd","description":"Recurso principal de informaci\u00f3n sobre el c\u00e1ncer","potentialAction":[{"@type":"SearchAction","target":{"@type":"EntryPoint","urlTemplate":"https:\/\/cmeded.com\/es\/?s={search_term_string}"},"query-input":{"@type":"PropertyValueSpecification","valueRequired":true,"valueName":"search_term_string"}}],"inLanguage":"es"}]}},"_links":{"self":[{"href":"https:\/\/cmeded.com\/es\/wp-json\/wp\/v2\/pages\/1071","targetHints":{"allow":["GET"]}}],"collection":[{"href":"https:\/\/cmeded.com\/es\/wp-json\/wp\/v2\/pages"}],"about":[{"href":"https:\/\/cmeded.com\/es\/wp-json\/wp\/v2\/types\/page"}],"author":[{"embeddable":true,"href":"https:\/\/cmeded.com\/es\/wp-json\/wp\/v2\/users\/5"}],"replies":[{"embeddable":true,"href":"https:\/\/cmeded.com\/es\/wp-json\/wp\/v2\/comments?post=1071"}],"version-history":[{"count":0,"href":"https:\/\/cmeded.com\/es\/wp-json\/wp\/v2\/pages\/1071\/revisions"}],"up":[{"embeddable":true,"href":"https:\/\/cmeded.com\/es\/wp-json\/wp\/v2\/pages\/16399"}],"wp:featuredmedia":[{"embeddable":true,"href":"https:\/\/cmeded.com\/es\/wp-json\/wp\/v2\/media\/19588"}],"wp:attachment":[{"href":"https:\/\/cmeded.com\/es\/wp-json\/wp\/v2\/media?parent=1071"}],"wp:term":[{"taxonomy":"post_tag","embeddable":true,"href":"https:\/\/cmeded.com\/es\/wp-json\/wp\/v2\/tags?post=1071"}],"curies":[{"name":"wp","href":"https:\/\/api.w.org\/{rel}","templated":true}]}}